{"id":3778,"date":"2025-06-13T11:49:41","date_gmt":"2025-06-13T08:49:41","guid":{"rendered":"https:\/\/leodent.tr\/dt-sena-beyza-casim\/"},"modified":"2025-07-10T11:12:43","modified_gmt":"2025-07-10T08:12:43","slug":"dt-sena-beyza-casim","status":"publish","type":"page","link":"https:\/\/leodent.tr\/ru\/dt-sena-beyza-casim\/","title":{"rendered":"\u0414\u0442. \u0421\u0435\u043d\u0430 \u0411\u0435\u0439\u0437\u0430 \u041a\u0430\u0441\u0438\u043c"},"content":{"rendered":"<div class=\"fusion-fullwidth fullwidth-box fusion-builder-row-1 fusion-flex-container nonhundred-percent-fullwidth non-hundred-percent-height-scrolling\" style=\"--link_hover_color: #7a55aa;--link_color: #7a55aa;--awb-border-sizes-top:0px;--awb-border-sizes-bottom:0px;--awb-border-sizes-left:0px;--awb-border-sizes-right:0px;--awb-border-color:#f6f6f4;--awb-border-radius-top-left:0px;--awb-border-radius-top-right:0px;--awb-border-radius-bottom-right:0px;--awb-border-radius-bottom-left:0px;--awb-padding-top:80px;--awb-padding-right:30px;--awb-padding-bottom:80px;--awb-padding-left:30px;--awb-padding-top-small:45px;--awb-padding-bottom-small:45px;--awb-margin-top:0px;--awb-margin-bottom:0px;--awb-background-color:var(--awb-custom_color_1);--awb-flex-wrap:wrap;\" ><div class=\"fusion-builder-row fusion-row fusion-flex-align-items-flex-start fusion-flex-content-wrap\" style=\"max-width:1296px;margin-left: calc(-8% \/ 2 );margin-right: calc(-8% \/ 2 );\"><div class=\"fusion-layout-column fusion_builder_column fusion-builder-column-0 fusion-flex-column fusion-animated\" style=\"--awb-bg-size:cover;--awb-width-large:45%;--awb-margin-top-large:0px;--awb-spacing-right-large:3.68%;--awb-margin-bottom-large:0px;--awb-spacing-left-large:8.1777777777778%;--awb-width-medium:40%;--awb-order-medium:0;--awb-spacing-right-medium:4.14%;--awb-spacing-left-medium:9.2%;--awb-width-small:100%;--awb-order-small:0;--awb-spacing-right-small:3.68%;--awb-margin-bottom-small:55px;--awb-spacing-left-small:3.68%;\" data-animationType=\"fadeInLeft\" data-animationDuration=\"1.3\" data-animationOffset=\"top-into-view\"><div class=\"fusion-column-wrapper fusion-column-has-shadow fusion-flex-justify-content-flex-start fusion-content-layout-column\"><div class=\"fusion-image-element \" style=\"--awb-caption-title-font-family:var(--h2_typography-font-family);--awb-caption-title-font-weight:var(--h2_typography-font-weight);--awb-caption-title-font-style:var(--h2_typography-font-style);--awb-caption-title-size:var(--h2_typography-font-size);--awb-caption-title-transform:var(--h2_typography-text-transform);--awb-caption-title-line-height:var(--h2_typography-line-height);--awb-caption-title-letter-spacing:var(--h2_typography-letter-spacing);\"><span class=\" fusion-imageframe imageframe-none imageframe-1 hover-type-none\"><img decoding=\"async\" width=\"1080\" height=\"1920\" title=\"Dt. Sena Beyza CASI\u0307M\" src=\"https:\/\/leodent.tr\/wp-content\/uploads\/2025\/06\/Dt.-Sena-Beyza-CASIM.jpg\" alt class=\"img-responsive wp-image-3356\" srcset=\"https:\/\/leodent.tr\/wp-content\/uploads\/2025\/06\/Dt.-Sena-Beyza-CASIM-200x356.jpg 200w, https:\/\/leodent.tr\/wp-content\/uploads\/2025\/06\/Dt.-Sena-Beyza-CASIM-400x711.jpg 400w, https:\/\/leodent.tr\/wp-content\/uploads\/2025\/06\/Dt.-Sena-Beyza-CASIM-600x1067.jpg 600w, https:\/\/leodent.tr\/wp-content\/uploads\/2025\/06\/Dt.-Sena-Beyza-CASIM-800x1422.jpg 800w, https:\/\/leodent.tr\/wp-content\/uploads\/2025\/06\/Dt.-Sena-Beyza-CASIM.jpg 1080w\" sizes=\"(max-width: 640px) 100vw, 600px\" \/><\/span><\/div><\/div><\/div><div class=\"fusion-layout-column fusion_builder_column fusion-builder-column-1 fusion-flex-column fusion-animated\" style=\"--awb-bg-size:cover;--awb-width-large:55%;--awb-margin-top-large:0px;--awb-spacing-right-large:6.6909090909091%;--awb-margin-bottom-large:280px;--awb-spacing-left-large:3.68%;--awb-width-medium:60%;--awb-order-medium:0;--awb-spacing-right-medium:6.1333333333333%;--awb-spacing-left-medium:3.3733333333333%;--awb-width-small:100%;--awb-order-small:0;--awb-spacing-right-small:3.68%;--awb-spacing-left-small:3.68%;\" data-animationType=\"fadeInRight\" data-animationDuration=\"1.3\" data-animationOffset=\"top-into-view\"><div class=\"fusion-column-wrapper fusion-column-has-shadow fusion-flex-justify-content-flex-start fusion-content-layout-column\"><div class=\"fusion-title title fusion-title-1 fusion-sep-none fusion-title-text fusion-title-size-three\" style=\"--awb-text-color:var(--awb-color7);--awb-margin-bottom:60px;--awb-margin-top-small:10px;--awb-margin-right-small:0px;--awb-margin-bottom-small:40px;--awb-margin-left-small:0px;--awb-font-size:45px;\"><h3 class=\"fusion-title-heading title-heading-left\" style=\"margin:0;text-transform:var(--awb-typography1-text-transform);font-size:1em;line-height:1.2;\">\u0414\u0442. \u0421\u0435\u043d\u0430 \u0411\u0435\u0439\u0437\u0430 \u041a\u0430\u0441\u0438\u043c<\/h3><\/div><div class=\"fusion-text fusion-text-1 fusion-no-medium-visibility fusion-no-large-visibility\"><p><b>\u041c\u043d\u043e\u0433\u043e\u0433\u0440\u0430\u043d\u043d\u044b\u0439 \u0441\u0442\u043e\u043c\u0430\u0442\u043e\u043b\u043e\u0433 \u0438 \u0438\u0441\u0441\u043b\u0435\u0434\u043e\u0432\u0430\u0442\u0435\u043b\u044c<\/b><\/p>\n<p>\u0421\u0442\u043e\u043c\u0430\u0442\u043e\u043b\u043e\u0433 \u0421\u0435\u043d\u0430 \u0411\u0435\u0439\u0437\u0430 \u0414\u0436\u0430\u0441\u0438\u043c \u2014 \u044d\u0442\u043e \u043f\u0440\u043e\u0444\u0435\u0441\u0441\u0438\u043e\u043d\u0430\u043b, \u043a\u043e\u0442\u043e\u0440\u044b\u0439 \u0432\u044b\u0434\u0435\u043b\u044f\u0435\u0442\u0441\u044f \u043d\u0435 \u0442\u043e\u043b\u044c\u043a\u043e \u0441\u0432\u043e\u0438\u043c\u0438 \u043a\u043e\u043c\u043f\u0435\u0442\u0435\u043d\u0446\u0438\u044f\u043c\u0438 \u0432 \u043e\u0431\u043b\u0430\u0441\u0442\u0438 \u0441\u0442\u043e\u043c\u0430\u0442\u043e\u043b\u043e\u0433\u0438\u0438, \u043d\u043e \u0438 \u0441\u0432\u043e\u0438\u043c \u043c\u0435\u0436\u0434\u0438\u0441\u0446\u0438\u043f\u043b\u0438\u043d\u0430\u0440\u043d\u044b\u043c \u0430\u043a\u0430\u0434\u0435\u043c\u0438\u0447\u0435\u0441\u043a\u0438\u043c \u043f\u0440\u043e\u0448\u043b\u044b\u043c \u0438 \u0433\u043b\u0443\u0431\u043e\u043a\u0438\u043c \u0438\u043d\u0442\u0435\u0440\u0435\u0441\u043e\u043c \u043a \u043d\u0430\u0443\u0447\u043d\u044b\u043c \u0438\u0441\u0441\u043b\u0435\u0434\u043e\u0432\u0430\u043d\u0438\u044f\u043c. \u041e\u043d\u0430 \u043e\u043a\u043e\u043d\u0447\u0438\u043b\u0430 \u0441\u0442\u043e\u043c\u0430\u0442\u043e\u043b\u043e\u0433\u0438\u0447\u0435\u0441\u043a\u0438\u0439 \u0444\u0430\u043a\u0443\u043b\u044c\u0442\u0435\u0442 \u0423\u043d\u0438\u0432\u0435\u0440\u0441\u0438\u0442\u0435\u0442\u0430 \u0411\u0435\u0437\u043c\u0438\u0430\u043b\u0435\u043c \u0412\u0430\u043a\u044b\u0444. \u041f\u043e\u043c\u0438\u043c\u043e \u0441\u0442\u043e\u043c\u0430\u0442\u043e\u043b\u043e\u0433\u0438\u0447\u0435\u0441\u043a\u043e\u0433\u043e \u043e\u0431\u0440\u0430\u0437\u043e\u0432\u0430\u043d\u0438\u044f, \u043e\u043d\u0430 \u0438\u043c\u0435\u0435\u0442 \u0434\u0438\u043f\u043b\u043e\u043c \u043c\u043b\u0430\u0434\u0448\u0435\u0433\u043e \u0441\u043f\u0435\u0446\u0438\u0430\u043b\u0438\u0441\u0442\u0430 \u043f\u043e \u0443\u043f\u0440\u0430\u0432\u043b\u0435\u043d\u0438\u044e \u0443\u0447\u0440\u0435\u0436\u0434\u0435\u043d\u0438\u044f\u043c\u0438 \u0437\u0434\u0440\u0430\u0432\u043e\u043e\u0445\u0440\u0430\u043d\u0435\u043d\u0438\u044f \u043e\u0442 \u0423\u043d\u0438\u0432\u0435\u0440\u0441\u0438\u0442\u0435\u0442\u0430 \u0410\u043d\u0430\u0434\u043e\u043b\u0443 \u0438 \u043f\u0440\u043e\u0448\u043b\u0430 \u043e\u0431\u0443\u0447\u0435\u043d\u0438\u0435 \u043f\u043e \u0441\u043f\u0435\u0446\u0438\u0430\u043b\u044c\u043d\u043e\u0441\u0442\u0438 \u00ab\u0420\u0430\u0434\u0438\u043e\u0442\u0435\u043b\u0435\u0432\u0438\u0437\u0438\u043e\u043d\u043d\u043e\u0435 \u043f\u0440\u043e\u0433\u0440\u0430\u043c\u043c\u0438\u0440\u043e\u0432\u0430\u043d\u0438\u0435\u00bb \u0432 \u0421\u0442\u0430\u043c\u0431\u0443\u043b\u044c\u0441\u043a\u043e\u043c \u0443\u043d\u0438\u0432\u0435\u0440\u0441\u0438\u0442\u0435\u0442\u0435. \u041e\u043a\u043e\u043d\u0447\u0430\u043d\u0438\u0435 \u041d\u0430\u0443\u0447\u043d\u043e\u0433\u043e \u043b\u0438\u0446\u0435\u044f \u042d\u044e\u0431\u043e\u0433\u043b\u0443 \u0441\u043e \u0432\u0442\u043e\u0440\u044b\u043c \u0440\u0435\u0437\u0443\u043b\u044c\u0442\u0430\u0442\u043e\u043c (\u0441 \u0431\u0430\u043b\u043b\u043e\u043c 80.17) \u0437\u0430\u043b\u043e\u0436\u0438\u043b\u043e \u043e\u0441\u043d\u043e\u0432\u0443 \u0435\u0435 \u0430\u043a\u0430\u0434\u0435\u043c\u0438\u0447\u0435\u0441\u043a\u0438\u0445 \u0443\u0441\u043f\u0435\u0445\u043e\u0432.<\/p>\n<p>\u0417\u0430 \u0432\u0440\u0435\u043c\u044f \u0443\u0447\u0435\u0431\u044b \u043e\u043d\u0430 \u0440\u0435\u0430\u043b\u0438\u0437\u043e\u0432\u0430\u043b\u0430 \u0440\u0430\u0437\u043b\u0438\u0447\u043d\u044b\u0435 \u043d\u0430\u0443\u0447\u043d\u044b\u0435 \u0438 \u043a\u0443\u043b\u044c\u0442\u0443\u0440\u043d\u044b\u0435 \u043f\u0440\u043e\u0435\u043a\u0442\u044b. \u0421\u0435\u0440\u0442\u0438\u0444\u0438\u043a\u0430\u0442 \u0443\u0447\u0430\u0441\u0442\u0438\u044f \u0432 \u0415\u0432\u0440\u043e\u043f\u0435\u0439\u0441\u043a\u043e\u043c \u043c\u043e\u043b\u043e\u0434\u0435\u0436\u043d\u043e\u043c \u043f\u0430\u0440\u043b\u0430\u043c\u0435\u043d\u0442\u0435, \u043f\u0435\u0440\u0432\u0430\u044f \u043f\u0440\u0435\u043c\u0438\u044f \u043d\u0430 \u043a\u043e\u043d\u043a\u0443\u0440\u0441\u0435 \u044d\u0441\u0441\u0435 \u043f\u043e \u0434\u0435\u043b\u043e\u0432\u043e\u0439 \u044d\u0442\u0438\u043a\u0435 \u043e\u0442 \u0420\u043e\u0442\u0430\u0440\u0438 \u0438 \u0441\u0435\u0440\u0442\u0438\u0444\u0438\u043a\u0430\u0442 \u0443\u0447\u0430\u0441\u0442\u0438\u044f \u0432 \u043a\u043e\u043d\u043a\u0443\u0440\u0441\u0435 \u0438\u0441\u0441\u043b\u0435\u0434\u043e\u0432\u0430\u0442\u0435\u043b\u044c\u0441\u043a\u0438\u0445 \u043f\u0440\u043e\u0435\u043a\u0442\u043e\u0432 \u0441\u0440\u0435\u0434\u0438 \u0443\u0447\u0430\u0449\u0438\u0445\u0441\u044f \u0441\u0440\u0435\u0434\u043d\u0438\u0445 \u0448\u043a\u043e\u043b \u043e\u0442 T\u00dcB\u0130TAK \u0432 \u043e\u0431\u043b\u0430\u0441\u0442\u0438 \u0445\u0438\u043c\u0438\u0438 \u0434\u0435\u043c\u043e\u043d\u0441\u0442\u0440\u0438\u0440\u0443\u044e\u0442 \u0448\u0438\u0440\u043e\u043a\u0438\u0439 \u043a\u0440\u0443\u0433 \u0438\u043d\u0442\u0435\u0440\u0435\u0441\u043e\u0432 \u0438 \u0438\u0441\u0441\u043b\u0435\u0434\u043e\u0432\u0430\u0442\u0435\u043b\u044c\u0441\u043a\u0438\u0439 \u0434\u0443\u0445 \u0434\u043e\u043a\u0442\u043e\u0440\u0430 \u0414\u0436\u0430\u0441\u0438\u043c. \u041a\u0440\u043e\u043c\u0435 \u0442\u043e\u0433\u043e, \u0442\u0440\u0435\u0442\u044c\u044f \u043f\u0440\u0435\u043c\u0438\u044f \u043d\u0430 \u043b\u0438\u0442\u0435\u0440\u0430\u0442\u0443\u0440\u043d\u043e\u043c \u043a\u043e\u043d\u043a\u0443\u0440\u0441\u0435 \u0423\u043d\u0438\u0432\u0435\u0440\u0441\u0438\u0442\u0435\u0442\u0430 \u0414\u043e\u0433\u0443\u0448 \u0438 \u0441\u043f\u0435\u0446\u0438\u0430\u043b\u044c\u043d\u044b\u0439 \u043f\u0440\u0438\u0437 \u0436\u044e\u0440\u0438 \u043d\u0430 \u043a\u043e\u043d\u043a\u0443\u0440\u0441\u0435 \u043d\u0430\u0443\u0447\u043d\u043e-\u0438\u0441\u0441\u043b\u0435\u0434\u043e\u0432\u0430\u0442\u0435\u043b\u044c\u0441\u043a\u0438\u0445 \u043f\u0440\u043e\u0435\u043a\u0442\u043e\u0432 \u041d\u0430\u0443\u0447\u043d\u043e\u0433\u043e \u043b\u0438\u0446\u0435\u044f ISTEK \u0411\u0435\u043b\u044c\u0434\u0435 \u0440\u0430\u0441\u043a\u0440\u044b\u0432\u0430\u044e\u0442 \u043d\u0435 \u0442\u043e\u043b\u044c\u043a\u043e \u0435\u0435 \u043d\u0430\u0443\u0447\u043d\u044b\u0435, \u043d\u043e \u0438 \u043b\u0438\u0442\u0435\u0440\u0430\u0442\u0443\u0440\u043d\u044b\u0435 \u0438 \u0442\u0432\u043e\u0440\u0447\u0435\u0441\u043a\u0438\u0435 \u0441\u0442\u043e\u0440\u043e\u043d\u044b.<\/p>\n<p>\u041f\u043e\u0441\u0442\u043e\u044f\u043d\u043d\u043e \u0441\u043b\u0435\u0434\u044f \u0437\u0430 \u0440\u0430\u0437\u0432\u0438\u0442\u0438\u0435\u043c \u0432 \u043e\u0431\u043b\u0430\u0441\u0442\u0438 \u0441\u0442\u043e\u043c\u0430\u0442\u043e\u043b\u043e\u0433\u0438\u0438, \u0434\u043e\u043a\u0442\u043e\u0440 \u0414\u0436\u0430\u0441\u0438\u043c \u043f\u0440\u0438\u043d\u0438\u043c\u0430\u043b\u0430 \u0443\u0447\u0430\u0441\u0442\u0438\u0435 \u0432 \u0442\u0430\u043a\u0438\u0445 \u0432\u0430\u0436\u043d\u044b\u0445 \u043c\u0435\u0436\u0434\u0443\u043d\u0430\u0440\u043e\u0434\u043d\u044b\u0445 \u043c\u0435\u0440\u043e\u043f\u0440\u0438\u044f\u0442\u0438\u044f\u0445, \u043a\u0430\u043a 101-\u0439 \u0412\u0441\u0435\u043c\u0438\u0440\u043d\u044b\u0439 \u0441\u0442\u043e\u043c\u0430\u0442\u043e\u043b\u043e\u0433\u0438\u0447\u0435\u0441\u043a\u0438\u0439 \u043a\u043e\u043d\u0433\u0440\u0435\u0441\u0441 FDI 2013 \u0432 \u0421\u0442\u0430\u043c\u0431\u0443\u043b\u0435 \u0438 \u043b\u0435\u0442\u043d\u044f\u044f \u043f\u0440\u0430\u043a\u0442\u0438\u0447\u0435\u0441\u043a\u0430\u044f \u043f\u0440\u043e\u0433\u0440\u0430\u043c\u043c\u0430 NYU Dentistry. \u042f\u0432\u043b\u044f\u044f\u0441\u044c \u0447\u043b\u0435\u043d\u043e\u043c \u0410\u0441\u0441\u043e\u0446\u0438\u0430\u0446\u0438\u0438 \u044d\u0441\u0442\u0435\u0442\u0438\u0447\u0435\u0441\u043a\u043e\u0439 \u0441\u0442\u043e\u043c\u0430\u0442\u043e\u043b\u043e\u0433\u0438\u0438 (EDAD) \u0438 \u0430\u043a\u0442\u0438\u0432\u043d\u044b\u043c \u0447\u043b\u0435\u043d\u043e\u043c \u0421\u0442\u0430\u043c\u0431\u0443\u043b\u044c\u0441\u043a\u043e\u0439 \u043f\u0430\u043b\u0430\u0442\u044b \u0441\u0442\u043e\u043c\u0430\u0442\u043e\u043b\u043e\u0433\u043e\u0432, \u0434\u043e\u043a\u0442\u043e\u0440 \u0414\u0436\u0430\u0441\u0438\u043c \u043f\u0440\u043e\u0434\u043e\u043b\u0436\u0430\u0435\u0442 \u0441\u0432\u043e\u0435 \u043f\u0440\u043e\u0444\u0435\u0441\u0441\u0438\u043e\u043d\u0430\u043b\u044c\u043d\u043e\u0435 \u0440\u0430\u0437\u0432\u0438\u0442\u0438\u0435 \u0438 \u043f\u0440\u0438\u0432\u0435\u0440\u0436\u0435\u043d\u043d\u043e\u0441\u0442\u044c \u044d\u0442\u0438\u0447\u0435\u0441\u043a\u0438\u043c \u0446\u0435\u043d\u043d\u043e\u0441\u0442\u044f\u043c. \u0415\u0435 \u0432\u043e\u043b\u043e\u043d\u0442\u0435\u0440\u0441\u043a\u0430\u044f \u0434\u0435\u044f\u0442\u0435\u043b\u044c\u043d\u043e\u0441\u0442\u044c \u0432 \u0442\u0430\u043a\u0438\u0445 \u043d\u0435\u043f\u0440\u0430\u0432\u0438\u0442\u0435\u043b\u044c\u0441\u0442\u0432\u0435\u043d\u043d\u044b\u0445 \u043e\u0440\u0433\u0430\u043d\u0438\u0437\u0430\u0446\u0438\u044f\u0445, \u043a\u0430\u043a \u0424\u043e\u043d\u0434 \u0434\u043b\u044f \u0434\u0435\u0442\u0435\u0439 \u0441 \u043b\u0435\u0439\u043a\u0435\u043c\u0438\u0435\u0439 (LOSEV) \u0438 \u0421\u043e\u043e\u0431\u0449\u0435\u0441\u0442\u0432\u043e \u043f\u043e \u0447\u0442\u0435\u043d\u0438\u044e \u043a\u043d\u0438\u0433 \u0434\u043b\u044f \u0441\u043b\u0430\u0431\u043e\u0432\u0438\u0434\u044f\u0449\u0438\u0445 (GETEM), \u0442\u0430\u043a\u0436\u0435 \u0441\u0432\u0438\u0434\u0435\u0442\u0435\u043b\u044c\u0441\u0442\u0432\u0443\u0435\u0442 \u043e \u0435\u0435 \u0432\u044b\u0441\u043e\u043a\u043e\u043c \u0447\u0443\u0432\u0441\u0442\u0432\u0435 \u0441\u043e\u0446\u0438\u0430\u043b\u044c\u043d\u043e\u0439 \u043e\u0442\u0432\u0435\u0442\u0441\u0442\u0432\u0435\u043d\u043d\u043e\u0441\u0442\u0438. \u041e\u0431\u043b\u0430\u0434\u0430\u044f \u043f\u0440\u043e\u0434\u0432\u0438\u043d\u0443\u0442\u044b\u043c \u0443\u0440\u043e\u0432\u043d\u0435\u043c \u0430\u043d\u0433\u043b\u0438\u0439\u0441\u043a\u043e\u0433\u043e \u044f\u0437\u044b\u043a\u0430, \u0434\u043e\u043a\u0442\u043e\u0440 \u0414\u0436\u0430\u0441\u0438\u043c \u0441\u043f\u043e\u0441\u043e\u0431\u043d\u0430 \u043e\u0431\u0449\u0430\u0442\u044c\u0441\u044f \u0438 \u043d\u0430 \u043c\u0435\u0436\u0434\u0443\u043d\u0430\u0440\u043e\u0434\u043d\u044b\u0445 \u043f\u043b\u0430\u0442\u0444\u043e\u0440\u043c\u0430\u0445.<\/p>\n<hr \/>\n<h3><\/h3>\n<\/div><div class=\"fusion-separator fusion-full-width-sep\" style=\"align-self: center;margin-left: auto;margin-right: auto;width:100%;\"><div class=\"fusion-separator-border sep-single sep-solid\" style=\"--awb-height:20px;--awb-amount:20px;--awb-sep-color:rgba(26,18,38,0.2);border-color:rgba(26,18,38,0.2);border-top-width:1px;\"><\/div><\/div><div class=\"fusion-builder-row fusion-builder-row-inner fusion-row fusion-flex-align-items-flex-start fusion-flex-content-wrap\" style=\"--awb-flex-grow:0;--awb-flex-grow-medium:0;--awb-flex-grow-small:0;--awb-flex-shrink:0;--awb-flex-shrink-medium:0;--awb-flex-shrink-small:0;width:108% !important;max-width:108% !important;margin-left: calc(-8% \/ 2 );margin-right: calc(-8% \/ 2 );\"><div class=\"fusion-layout-column fusion_builder_column_inner fusion-builder-nested-column-0 fusion_builder_column_inner_1_1 1_1 fusion-flex-column fusion-flex-align-self-stretch fusion-no-small-visibility\" style=\"--awb-padding-top:50px;--awb-padding-right:50px;--awb-bg-size:cover;--awb-border-color:rgba(26,18,38,0.2);--awb-border-right:1px;--awb-border-style:solid;--awb-width-large:100%;--awb-margin-top-large:0px;--awb-spacing-right-large:0%;--awb-margin-bottom-large:0px;--awb-spacing-left-large:3.68%;--awb-width-medium:100%;--awb-order-medium:0;--awb-spacing-right-medium:0%;--awb-spacing-left-medium:3.68%;--awb-width-small:100%;--awb-order-small:0;--awb-spacing-right-small:3.68%;--awb-margin-bottom-small:30px;--awb-spacing-left-small:3.68%;\"><div class=\"fusion-column-wrapper fusion-column-has-shadow fusion-flex-justify-content-flex-end fusion-content-layout-column\"><div class=\"fusion-text fusion-text-2 fusion-text-no-margin\" style=\"--awb-font-size:16px;--awb-line-height:1.7;--awb-letter-spacing:0px;--awb-text-transform:var(--awb-typography4-text-transform);--awb-text-color:var(--awb-color5);\"><p style=\"--fontsize: 36; line-height: 1.2;\"><strong style=\"font-size: 22px; color: var(--awb-color7);\" data-fusion-font=\"true\">\u00c7ok Y\u00f6nl\u00fc Bir Di\u015f Hekimi ve Ara\u015ft\u0131rmac\u0131<\/strong><\/p>\n<p style=\"color: var(--awb-color7);\" data-sourcepos=\"21:1-21:628\">Dt. Sena Beyza Casim, sadece di\u015f hekimli\u011fi alan\u0131ndaki yetkinlikleriyle de\u011fil, ayn\u0131 zamanda multidisipliner akademik ge\u00e7mi\u015fi ve bilimsel ara\u015ft\u0131rmalara olan derin ilgisiyle de \u00f6ne \u00e7\u0131kan bir profesyoneldir. Bezmialem Vak\u0131f \u00dcniversitesi Di\u015f Hekimli\u011fi Fak\u00fcltesi&#8217;nden mezun olmu\u015ftur. Di\u015f hekimli\u011fi e\u011fitiminin yan\u0131 s\u0131ra, Anadolu \u00dcniversitesi&#8217;nden Sa\u011fl\u0131k Kurumlar\u0131 \u0130\u015fletmecili\u011fi Y\u00f6netimi \u00f6n lisans diplomas\u0131na ve \u0130stanbul \u00dcniversitesi&#8217;nden Radyo Televizyon Programc\u0131l\u0131\u011f\u0131 e\u011fitimi bulunmaktad\u0131r. Ey\u00fcbo\u011flu Fen Lisesi&#8217;nden ikincilik derecesiyle mezun olmas\u0131 (80.17 puanla), akademik ba\u015far\u0131s\u0131n\u0131n temelini atm\u0131\u015ft\u0131r.<\/p>\n<p data-sourcepos=\"23:1-23:652\"><span style=\"color: var(--awb-color7);\">E\u011fitim hayat\u0131 boyunca \u00e7e\u015fitli bilimsel ve k\u00fclt\u00fcrel projelere imza atm\u0131\u015ft\u0131r. European Youth Parliament kat\u0131l\u0131m belgesi, Rotary \u0130\u015f Eti\u011fi kompozisyon yar\u0131\u015fmas\u0131nda birincilik \u00f6d\u00fcl\u00fc ve T\u00dcB\u0130TAK Orta\u00f6\u011fretim \u00d6\u011frencileri Aras\u0131 Ara\u015ft\u0131rma Projeleri Yar\u0131\u015fmas\u0131&#8217;nda Kimya dal\u0131nda kat\u0131l\u0131m belgesi almas\u0131, Dt. Casim&#8217;in geni\u015f ilgi alanlar\u0131n\u0131 ve ara\u015ft\u0131rmac\u0131 ruhunu g\u00f6stermektedir. Ayr\u0131ca, Do\u011fu\u00e7 \u00dcniversitesi<\/span> <span style=\"color: var(--awb-color7);\">Edebiyat Yar\u0131\u015fmas\u0131&#8217;nda \u00fc\u00e7\u00fcnc\u00fcl\u00fck \u00f6d\u00fcl\u00fc ve ISTEK Belde Bilim Lisesi Bilim Ara\u015ft\u0131rma Projeleri&#8217;nde j\u00fcri \u00f6zel \u00f6d\u00fcl\u00fc kazanmas\u0131, onun sadece bilimsel de\u011fil, ayn\u0131 zamanda edebi ve yarat\u0131c\u0131 y\u00f6nlerini de ortaya koymaktad\u0131r.<\/span><\/p>\n<p style=\"color: var(--awb-color7);\" data-sourcepos=\"25:1-25:795\">Di\u015f hekimli\u011fi alan\u0131ndaki geli\u015fimini s\u00fcrekli takip eden Dt. Casim, FDI 2013 \u0130stanbul 101. D\u00fcnya Di\u015f Hekimli\u011fi Kongresi ve NYU Dentistry Summer Practicum Program\u0131 gibi \u00f6nemli uluslararas\u0131 etkinliklere kat\u0131lm\u0131\u015ft\u0131r. Estetik Di\u015f Hekimli\u011fi Akademisi Derne\u011fi (EDAD) \u00fcyesi ve \u0130stanbul Di\u015f Hekimleri Odas\u0131&#8217;n\u0131n aktif bir mensubu olan Dt. Casim, mesleki alandaki geli\u015fimini ve etik de\u011ferlere ba\u011fl\u0131l\u0131\u011f\u0131n\u0131 s\u00fcrd\u00fcrmektedir. L\u00f6semili \u00c7ocuklar Vakf\u0131 (LOSEV) ve G\u00f6rme Engellilere Kitap Okuma Toplulu\u011fu (GETEM) gibi sivil toplum kurulu\u015flar\u0131nda g\u00f6n\u00fcll\u00fc olarak yer almas\u0131, toplumsal sorumluluk bilincini de g\u00f6zler \u00f6n\u00fcne sermektedir. \u0130leri d\u00fczey \u0130ngilizce bilgisine sahip olan Dt. Casim, uluslararas\u0131 platformlarda da ileti\u015fim kurabilme yetene\u011fine sahiptir.<\/p>\n<\/div><\/div><\/div><\/div><\/div><\/div><\/div><\/div>\n","protected":false},"excerpt":{"rendered":"","protected":false},"author":1,"featured_media":0,"parent":0,"menu_order":0,"comment_status":"closed","ping_status":"closed","template":"100-width.php","meta":{"footnotes":""},"class_list":["post-3778","page","type-page","status-publish","hentry"],"_links":{"self":[{"href":"https:\/\/leodent.tr\/ru\/wp-json\/wp\/v2\/pages\/3778","targetHints":{"allow":["GET"]}}],"collection":[{"href":"https:\/\/leodent.tr\/ru\/wp-json\/wp\/v2\/pages"}],"about":[{"href":"https:\/\/leodent.tr\/ru\/wp-json\/wp\/v2\/types\/page"}],"author":[{"embeddable":true,"href":"https:\/\/leodent.tr\/ru\/wp-json\/wp\/v2\/users\/1"}],"replies":[{"embeddable":true,"href":"https:\/\/leodent.tr\/ru\/wp-json\/wp\/v2\/comments?post=3778"}],"version-history":[{"count":0,"href":"https:\/\/leodent.tr\/ru\/wp-json\/wp\/v2\/pages\/3778\/revisions"}],"wp:attachment":[{"href":"https:\/\/leodent.tr\/ru\/wp-json\/wp\/v2\/media?parent=3778"}],"curies":[{"name":"wp","href":"https:\/\/api.w.org\/{rel}","templated":true}]}}