{"id":3763,"date":"2025-06-13T11:47:07","date_gmt":"2025-06-13T08:47:07","guid":{"rendered":"https:\/\/leodent.tr\/dr-dt-aysegul-ural-ozay\/"},"modified":"2025-07-10T11:11:26","modified_gmt":"2025-07-10T08:11:26","slug":"dr-dt-aysegul-ural-ozay","status":"publish","type":"page","link":"https:\/\/leodent.tr\/ru\/dr-dt-aysegul-ural-ozay\/","title":{"rendered":"\u0414\u043e\u043a\u0442\u043e\u0440 \u0414\u0442. \u0410\u0439\u0448\u0435\u0433\u044e\u043b\u044c \u0423\u0440\u0430\u043b \u041e\u0437\u0430\u0439"},"content":{"rendered":"<div class=\"fusion-fullwidth fullwidth-box fusion-builder-row-1 fusion-flex-container nonhundred-percent-fullwidth non-hundred-percent-height-scrolling\" style=\"--link_hover_color: #7a55aa;--link_color: #7a55aa;--awb-border-sizes-top:0px;--awb-border-sizes-bottom:0px;--awb-border-sizes-left:0px;--awb-border-sizes-right:0px;--awb-border-color:#f6f6f4;--awb-border-radius-top-left:0px;--awb-border-radius-top-right:0px;--awb-border-radius-bottom-right:0px;--awb-border-radius-bottom-left:0px;--awb-padding-top:80px;--awb-padding-right:30px;--awb-padding-bottom:80px;--awb-padding-left:30px;--awb-padding-top-small:45px;--awb-padding-bottom-small:45px;--awb-margin-top:0px;--awb-margin-bottom:0px;--awb-background-color:var(--awb-custom_color_1);--awb-flex-wrap:wrap;\" ><div class=\"fusion-builder-row fusion-row fusion-flex-align-items-flex-start fusion-flex-content-wrap\" style=\"max-width:1296px;margin-left: calc(-8% \/ 2 );margin-right: calc(-8% \/ 2 );\"><div class=\"fusion-layout-column fusion_builder_column fusion-builder-column-0 fusion-flex-column fusion-animated\" style=\"--awb-bg-size:cover;--awb-width-large:45%;--awb-margin-top-large:0px;--awb-spacing-right-large:3.68%;--awb-margin-bottom-large:0px;--awb-spacing-left-large:8.1777777777778%;--awb-width-medium:40%;--awb-order-medium:0;--awb-spacing-right-medium:4.14%;--awb-spacing-left-medium:9.2%;--awb-width-small:100%;--awb-order-small:0;--awb-spacing-right-small:3.68%;--awb-margin-bottom-small:55px;--awb-spacing-left-small:3.68%;\" data-animationType=\"fadeInLeft\" data-animationDuration=\"1.3\" data-animationOffset=\"top-into-view\"><div class=\"fusion-column-wrapper fusion-column-has-shadow fusion-flex-justify-content-flex-start fusion-content-layout-column\"><div class=\"fusion-image-element \" style=\"--awb-caption-title-font-family:var(--h2_typography-font-family);--awb-caption-title-font-weight:var(--h2_typography-font-weight);--awb-caption-title-font-style:var(--h2_typography-font-style);--awb-caption-title-size:var(--h2_typography-font-size);--awb-caption-title-transform:var(--h2_typography-text-transform);--awb-caption-title-line-height:var(--h2_typography-line-height);--awb-caption-title-letter-spacing:var(--h2_typography-letter-spacing);\"><span class=\" fusion-imageframe imageframe-none imageframe-1 hover-type-none\"><img decoding=\"async\" width=\"1080\" height=\"1920\" title=\"Dr. Dt. Ays\u0327egu\u0308l URAL O\u0308ZAY\" src=\"https:\/\/leodent.tr\/wp-content\/uploads\/2025\/06\/Dr.-Dt.-Aysegul-URAL-OZAY.jpg\" alt class=\"img-responsive wp-image-3353\" srcset=\"https:\/\/leodent.tr\/wp-content\/uploads\/2025\/06\/Dr.-Dt.-Aysegul-URAL-OZAY-200x356.jpg 200w, https:\/\/leodent.tr\/wp-content\/uploads\/2025\/06\/Dr.-Dt.-Aysegul-URAL-OZAY-400x711.jpg 400w, https:\/\/leodent.tr\/wp-content\/uploads\/2025\/06\/Dr.-Dt.-Aysegul-URAL-OZAY-600x1067.jpg 600w, https:\/\/leodent.tr\/wp-content\/uploads\/2025\/06\/Dr.-Dt.-Aysegul-URAL-OZAY-800x1422.jpg 800w, https:\/\/leodent.tr\/wp-content\/uploads\/2025\/06\/Dr.-Dt.-Aysegul-URAL-OZAY.jpg 1080w\" sizes=\"(max-width: 640px) 100vw, 600px\" \/><\/span><\/div><\/div><\/div><div class=\"fusion-layout-column fusion_builder_column fusion-builder-column-1 fusion-flex-column fusion-animated\" style=\"--awb-bg-size:cover;--awb-width-large:55%;--awb-margin-top-large:0px;--awb-spacing-right-large:6.6909090909091%;--awb-margin-bottom-large:280px;--awb-spacing-left-large:3.68%;--awb-width-medium:60%;--awb-order-medium:0;--awb-spacing-right-medium:6.1333333333333%;--awb-spacing-left-medium:3.3733333333333%;--awb-width-small:100%;--awb-order-small:0;--awb-spacing-right-small:3.68%;--awb-spacing-left-small:3.68%;\" data-animationType=\"fadeInRight\" data-animationDuration=\"1.3\" data-animationOffset=\"top-into-view\"><div class=\"fusion-column-wrapper fusion-column-has-shadow fusion-flex-justify-content-flex-start fusion-content-layout-column\"><div class=\"fusion-title title fusion-title-1 fusion-sep-none fusion-title-text fusion-title-size-one\" style=\"--awb-text-color:var(--awb-color7);--awb-margin-bottom:60px;--awb-margin-top-small:10px;--awb-margin-right-small:0px;--awb-margin-bottom-small:40px;--awb-margin-left-small:0px;--awb-font-size:45px;\"><h1 class=\"fusion-title-heading title-heading-left\" style=\"margin:0;text-transform:var(--awb-typography1-text-transform);font-size:1em;line-height:1.2;\">\u0414\u043e\u043a\u0442\u043e\u0440 \u0414\u0442. \u0410\u0439\u0448\u0435\u0433\u044e\u043b\u044c \u0423\u0440\u0430\u043b \u041e\u0437\u0430\u0439<\/h1><\/div><div class=\"fusion-separator fusion-full-width-sep\" style=\"align-self: center;margin-left: auto;margin-right: auto;width:100%;\"><div class=\"fusion-separator-border sep-double\" style=\"--awb-height:20px;--awb-amount:20px;--awb-sep-color:var(--awb-color1);border-color:var(--awb-color1);border-top-width:1px;border-bottom-width:1px;\"><\/div><\/div><div class=\"fusion-text fusion-text-1 fusion-no-medium-visibility fusion-no-large-visibility\"><h3><\/h3>\n<h1><b>\u041e\u0440\u0442\u043e\u0434\u043e\u043d\u0442 \u0438 \u043d\u0430\u0443\u0447\u043d\u044b\u0439 \u0438\u0441\u0441\u043b\u0435\u0434\u043e\u0432\u0430\u0442\u0435\u043b\u044c<\/b><\/h1>\n<p>\u0421\u043f\u0435\u0446\u0438\u0430\u043b\u0438\u0441\u0442-\u043e\u0440\u0442\u043e\u0434\u043e\u043d\u0442, \u0434\u043e\u043a\u0442\u043e\u0440 \u0410\u0439\u0448\u0435\u0433\u044e\u043b\u044c \u0423\u0440\u0430\u043b \u041e\u0437\u0430\u0439 \u2014 \u044d\u0442\u043e \u0434\u0438\u043d\u0430\u043c\u0438\u0447\u043d\u044b\u0439 \u0438 \u043f\u0440\u0435\u0434\u0430\u043d\u043d\u044b\u0439 \u043d\u0430\u0443\u043a\u0435 \u0441\u0442\u043e\u043c\u0430\u0442\u043e\u043b\u043e\u0433, \u0438\u0437\u0432\u0435\u0441\u0442\u043d\u044b\u0439 \u0441\u0432\u043e\u0435\u0439 \u0441\u0442\u0440\u0430\u0441\u0442\u044c\u044e \u043a \u0441\u043e\u0437\u0434\u0430\u043d\u0438\u044e \u0438\u0434\u0435\u0430\u043b\u044c\u043d\u044b\u0445 \u0443\u043b\u044b\u0431\u043e\u043a \u0434\u043b\u044f \u0441\u0432\u043e\u0438\u0445 \u043f\u0430\u0446\u0438\u0435\u043d\u0442\u043e\u0432. \u0412 2015 \u0433\u043e\u0434\u0443 \u043e\u043d\u0430 \u043f\u043e\u043b\u0443\u0447\u0438\u043b\u0430 \u0432\u044b\u0441\u0448\u0435\u0435 \u043e\u0431\u0440\u0430\u0437\u043e\u0432\u0430\u043d\u0438\u0435 \u043d\u0430 \u0441\u0442\u043e\u043c\u0430\u0442\u043e\u043b\u043e\u0433\u0438\u0447\u0435\u0441\u043a\u043e\u043c \u0444\u0430\u043a\u0443\u043b\u044c\u0442\u0435\u0442\u0435 \u0421\u0442\u0430\u043c\u0431\u0443\u043b\u044c\u0441\u043a\u043e\u0433\u043e \u0443\u043d\u0438\u0432\u0435\u0440\u0441\u0438\u0442\u0435\u0442\u0430. \u0417\u0430\u0442\u0435\u043c \u043e\u043d\u0430 \u043f\u043e\u0441\u0442\u0443\u043f\u0438\u043b\u0430 \u0432 \u0434\u043e\u043a\u0442\u043e\u0440\u0430\u043d\u0442\u0443\u0440\u0443 \u043d\u0430 \u043a\u0430\u0444\u0435\u0434\u0440\u0443 \u043e\u0440\u0442\u043e\u0434\u043e\u043d\u0442\u0438\u0438 \u0442\u043e\u0433\u043e \u0436\u0435 \u0443\u043d\u0438\u0432\u0435\u0440\u0441\u0438\u0442\u0435\u0442\u0430, \u043a\u043e\u0442\u043e\u0440\u0443\u044e \u043e\u043a\u043e\u043d\u0447\u0438\u043b\u0430 \u0432 2022 \u0433\u043e\u0434\u0443.<\/p>\n<p>\u0415\u0435 \u0434\u043e\u043a\u0442\u043e\u0440\u0441\u043a\u0430\u044f \u0434\u0438\u0441\u0441\u0435\u0440\u0442\u0430\u0446\u0438\u044f \u0431\u044b\u043b\u0430 \u043f\u043e\u0441\u0432\u044f\u0449\u0435\u043d\u0430 \u0430\u043a\u0442\u0443\u0430\u043b\u044c\u043d\u043e\u0439 \u0438 \u0432\u0430\u0436\u043d\u043e\u0439 \u0442\u0435\u043c\u0435: \u00ab\u0418\u043d-\u0432\u0438\u0442\u0440\u043e \u0438\u0441\u0441\u043b\u0435\u0434\u043e\u0432\u0430\u043d\u0438\u0435 \u0432\u043b\u0438\u044f\u043d\u0438\u044f \u0438\u0437\u043c\u0435\u043d\u044f\u044e\u0449\u0438\u0445\u0441\u044f \u0442\u0435\u043c\u043f\u0435\u0440\u0430\u0442\u0443\u0440\u043d\u044b\u0445 \u0437\u043d\u0430\u0447\u0435\u043d\u0438\u0439 \u0432 \u043f\u043e\u043b\u043e\u0441\u0442\u0438 \u0440\u0442\u0430 \u043d\u0430 \u043c\u0435\u0445\u0430\u043d\u0438\u0447\u0435\u0441\u043a\u0438\u0435 \u0441\u0432\u043e\u0439\u0441\u0442\u0432\u0430 \u043c\u0430\u0442\u0435\u0440\u0438\u0430\u043b\u0430 \u0434\u043b\u044f \u043f\u0440\u043e\u0437\u0440\u0430\u0447\u043d\u044b\u0445 \u044d\u043b\u0430\u0439\u043d\u0435\u0440\u043e\u0432\u00bb. \u041e\u043d\u0430 \u0442\u0430\u043a\u0436\u0435 \u0432\u043d\u0435\u0441\u043b\u0430 \u0432\u043a\u043b\u0430\u0434 \u0432 \u043d\u0430\u0443\u0447\u043d\u0443\u044e \u043b\u0438\u0442\u0435\u0440\u0430\u0442\u0443\u0440\u0443, \u043e\u043f\u0443\u0431\u043b\u0438\u043a\u043e\u0432\u0430\u0432 \u0441\u0442\u0430\u0442\u044c\u044e \u043d\u0430 \u0442\u0435\u043c\u0443 \u00ab\u0418\u0441\u0441\u043b\u0435\u0434\u043e\u0432\u0430\u043d\u0438\u0435 \u043c\u0435\u0445\u0430\u043d\u0438\u0447\u0435\u0441\u043a\u0438\u0445 \u0441\u0432\u043e\u0439\u0441\u0442\u0432 \u0440\u0430\u0437\u043b\u0438\u0447\u043d\u044b\u0445 \u043c\u0430\u0442\u0435\u0440\u0438\u0430\u043b\u043e\u0432 \u0434\u043b\u044f \u043f\u0440\u043e\u0437\u0440\u0430\u0447\u043d\u044b\u0445 \u044d\u043b\u0430\u0439\u043d\u0435\u0440\u043e\u0432\u00bb. \u042d\u0442\u0438 \u0440\u0430\u0431\u043e\u0442\u044b \u043f\u043e\u043a\u0430\u0437\u044b\u0432\u0430\u044e\u0442 \u0435\u0435 \u0433\u043b\u0443\u0431\u043e\u043a\u0438\u0435 \u0437\u043d\u0430\u043d\u0438\u044f \u0438 \u043e\u043f\u044b\u0442, \u043e\u0441\u043e\u0431\u0435\u043d\u043d\u043e \u0432 \u043e\u0431\u043b\u0430\u0441\u0442\u0438 \u043b\u0435\u0447\u0435\u043d\u0438\u044f \u0441 \u0438\u0441\u043f\u043e\u043b\u044c\u0437\u043e\u0432\u0430\u043d\u0438\u0435\u043c \u043f\u0440\u043e\u0437\u0440\u0430\u0447\u043d\u044b\u0445 \u044d\u043b\u0430\u0439\u043d\u0435\u0440\u043e\u0432.<\/p>\n<p>\u0414\u043e\u043a\u0442\u043e\u0440 \u0410\u0439\u0448\u0435\u0433\u044e\u043b\u044c \u0423\u0440\u0430\u043b \u041e\u0437\u0430\u0439 \u044f\u0432\u043b\u044f\u0435\u0442\u0441\u044f \u0430\u043a\u0442\u0438\u0432\u043d\u044b\u043c \u0447\u043b\u0435\u043d\u043e\u043c \u0442\u0430\u043a\u0438\u0445 \u0432\u0430\u0436\u043d\u044b\u0445 \u043d\u0430\u0443\u0447\u043d\u044b\u0445 \u043e\u0440\u0433\u0430\u043d\u0438\u0437\u0430\u0446\u0438\u0439, \u043a\u0430\u043a \u0410\u0441\u0441\u043e\u0446\u0438\u0430\u0446\u0438\u044f \u0441\u0442\u043e\u043c\u0430\u0442\u043e\u043b\u043e\u0433\u043e\u0432 \u0422\u0443\u0440\u0446\u0438\u0438, \u0422\u0443\u0440\u0435\u0446\u043a\u043e\u0435 \u043e\u0440\u0442\u043e\u0434\u043e\u043d\u0442\u0438\u0447\u0435\u0441\u043a\u043e\u0435 \u043e\u0431\u0449\u0435\u0441\u0442\u0432\u043e, \u041c\u043e\u043b\u043e\u0434\u0435\u0436\u043d\u043e\u0435 \u0442\u0443\u0440\u0435\u0446\u043a\u043e\u0435 \u043e\u0440\u0442\u043e\u0434\u043e\u043d\u0442\u0438\u0447\u0435\u0441\u043a\u043e\u0435 \u043e\u0431\u0449\u0435\u0441\u0442\u0432\u043e (\u0447\u043b\u0435\u043d-\u043e\u0441\u043d\u043e\u0432\u0430\u0442\u0435\u043b\u044c) \u0438 \u0415\u0432\u0440\u043e\u043f\u0435\u0439\u0441\u043a\u043e\u0435 \u043e\u0440\u0442\u043e\u0434\u043e\u043d\u0442\u0438\u0447\u0435\u0441\u043a\u043e\u0435 \u043e\u0431\u0449\u0435\u0441\u0442\u0432\u043e (EOS). \u041d\u0430 \u043f\u0440\u043e\u0442\u044f\u0436\u0435\u043d\u0438\u0438 \u0441\u0432\u043e\u0435\u0439 \u043a\u0430\u0440\u044c\u0435\u0440\u044b \u043e\u043d\u0430 \u0432\u043d\u0438\u043c\u0430\u0442\u0435\u043b\u044c\u043d\u043e \u0441\u043b\u0435\u0434\u0438\u043b\u0430 \u0437\u0430 \u043f\u043e\u0441\u043b\u0435\u0434\u043d\u0438\u043c\u0438 \u0440\u0430\u0437\u0440\u0430\u0431\u043e\u0442\u043a\u0430\u043c\u0438 \u0432 \u0441\u0432\u043e\u0435\u0439 \u043e\u0431\u043b\u0430\u0441\u0442\u0438, \u0443\u0447\u0430\u0441\u0442\u0432\u0443\u044f \u0432 \u043c\u043d\u043e\u0433\u043e\u0447\u0438\u0441\u043b\u0435\u043d\u043d\u044b\u0445 \u043d\u0430\u0446\u0438\u043e\u043d\u0430\u043b\u044c\u043d\u044b\u0445 \u0438 \u043c\u0435\u0436\u0434\u0443\u043d\u0430\u0440\u043e\u0434\u043d\u044b\u0445 \u043a\u0443\u0440\u0441\u0430\u0445, \u043a\u043e\u043d\u0433\u0440\u0435\u0441\u0441\u0430\u0445 \u0438 \u0441\u0438\u043c\u043f\u043e\u0437\u0438\u0443\u043c\u0430\u0445, \u0442\u0430\u043a\u0438\u0445 \u043a\u0430\u043a \u043a\u0443\u0440\u0441 Myobrace, \u043c\u0430\u0441\u0442\u0435\u0440-\u043a\u043b\u0430\u0441\u0441 Damon, \u0441\u0435\u043c\u0438\u043d\u0430\u0440\u044b \u0434\u043e\u043a\u0442\u043e\u0440\u0430 \u041a\u0440\u0438\u0441\u0430 \u0427\u0430\u043d\u0433\u0430 \u00ab\u0423\u043f\u0440\u043e\u0441\u0442\u0438\u0442\u0435 \u0441\u0432\u043e\u0438 \u043e\u0440\u0442\u043e\u0434\u043e\u043d\u0442\u0438\u0447\u0435\u0441\u043a\u0438\u0435 \u043f\u043e\u0434\u0445\u043e\u0434\u044b \u0441 \u043f\u043e\u043c\u043e\u0449\u044c\u044e \u0442\u0435\u0445\u043d\u043e\u043b\u043e\u0433\u0438\u0439\u00bb \u0438, \u0432 \u0447\u0430\u0441\u0442\u043d\u043e\u0441\u0442\u0438, \u0441\u0435\u0440\u0442\u0438\u0444\u0438\u043a\u0430\u0446\u0438\u043e\u043d\u043d\u044b\u0435 \u043a\u0443\u0440\u0441\u044b Invisalign. \u0422\u0430\u043a\u0438\u0435 \u043a\u0443\u0440\u0441\u044b, \u043a\u0430\u043a \u0441\u0435\u0440\u0442\u0438\u0444\u0438\u043a\u0430\u0446\u0438\u044f \u043f\u043e \u043f\u0440\u043e\u0437\u0440\u0430\u0447\u043d\u044b\u043c \u044d\u043b\u0430\u0439\u043d\u0435\u0440\u0430\u043c Clear Correct \u0438 \u043a\u0443\u0440\u0441 Planmycase CLINCHECK Masters, \u0442\u0430\u043a\u0436\u0435 \u0443\u043a\u0440\u0435\u043f\u0438\u043b\u0438 \u0435\u0435 \u0432\u043b\u0430\u0434\u0435\u043d\u0438\u0435 \u0441\u043e\u0432\u0440\u0435\u043c\u0435\u043d\u043d\u044b\u043c\u0438 \u043e\u0440\u0442\u043e\u0434\u043e\u043d\u0442\u0438\u0447\u0435\u0441\u043a\u0438\u043c\u0438 \u043f\u043e\u0434\u0445\u043e\u0434\u0430\u043c\u0438.<\/p>\n<p>\u0414\u043e\u043a\u0442\u043e\u0440 \u0410\u0439\u0448\u0435\u0433\u044e\u043b\u044c \u0423\u0440\u0430\u043b \u041e\u0437\u0430\u0439, \u0441\u0442\u0440\u043e\u044f\u0449\u0430\u044f \u0443\u0441\u043f\u0435\u0448\u043d\u0443\u044e \u043a\u0430\u0440\u044c\u0435\u0440\u0443 \u0432 \u0441\u0442\u043e\u043c\u0430\u0442\u043e\u043b\u043e\u0433\u0438\u0438 \u0432\u043c\u0435\u0441\u0442\u0435 \u0441\u043e \u0441\u0432\u043e\u0438\u043c \u043a\u043e\u043b\u043b\u0435\u0433\u043e\u0439 \u0438 \u043c\u0443\u0436\u0435\u043c, \u0434\u043e\u043a\u0442\u043e\u0440\u043e\u043c \u0424\u0443\u0440\u043a\u0430\u043d\u043e\u043c \u041e\u0437\u0430\u0435\u043c, \u044f\u0432\u043b\u044f\u0435\u0442\u0441\u044f \u043c\u0430\u0442\u0435\u0440\u044c\u044e \u0431\u043b\u0438\u0437\u043d\u0435\u0446\u043e\u0432 \u041c\u0435\u0440\u0442\u0430 \u0438 \u0411\u0435\u0440\u043a\u0430. \u0411\u043b\u0430\u0433\u043e\u0434\u0430\u0440\u044f \u0441\u0432\u043e\u0435\u0439 \u043d\u0430\u0443\u0447\u043d\u043e\u0439 \u043b\u044e\u0431\u043e\u0437\u043d\u0430\u0442\u0435\u043b\u044c\u043d\u043e\u0441\u0442\u0438, \u043e\u0440\u0438\u0435\u043d\u0442\u0438\u0440\u043e\u0432\u0430\u043d\u043d\u043e\u043c\u0443 \u043d\u0430 \u043f\u0430\u0446\u0438\u0435\u043d\u0442\u0430 \u043f\u043e\u0434\u0445\u043e\u0434\u0443 \u0438 \u0441\u0442\u0440\u0435\u043c\u043b\u0435\u043d\u0438\u044e \u043a \u043f\u043e\u0441\u0442\u043e\u044f\u043d\u043d\u043e\u043c\u0443 \u043e\u0431\u0443\u0447\u0435\u043d\u0438\u044e \u043e\u043d\u0430 \u0438\u0437\u0432\u0435\u0441\u0442\u043d\u0430 \u043a\u0430\u043a \u0432\u0440\u0430\u0447, \u0432\u043d\u043e\u0441\u044f\u0449\u0438\u0439 \u0437\u043d\u0430\u0447\u0438\u043c\u044b\u0439 \u0432\u043a\u043b\u0430\u0434 \u0432 \u043e\u0431\u043b\u0430\u0441\u0442\u044c \u043e\u0440\u0442\u043e\u0434\u043e\u043d\u0442\u0438\u0438.<\/p>\n<\/div><div class=\"fusion-separator fusion-full-width-sep\" style=\"align-self: center;margin-left: auto;margin-right: auto;width:100%;\"><div class=\"fusion-separator-border sep-single sep-solid\" style=\"--awb-height:20px;--awb-amount:20px;--awb-sep-color:rgba(26,18,38,0.2);border-color:rgba(26,18,38,0.2);border-top-width:1px;\"><\/div><\/div><div class=\"fusion-builder-row fusion-builder-row-inner fusion-row fusion-flex-align-items-flex-start fusion-flex-content-wrap\" style=\"--awb-flex-grow:0;--awb-flex-grow-medium:0;--awb-flex-grow-small:0;--awb-flex-shrink:0;--awb-flex-shrink-medium:0;--awb-flex-shrink-small:0;width:108% !important;max-width:108% !important;margin-left: calc(-8% \/ 2 );margin-right: calc(-8% \/ 2 );\"><div class=\"fusion-layout-column fusion_builder_column_inner fusion-builder-nested-column-0 fusion_builder_column_inner_1_1 1_1 fusion-flex-column fusion-flex-align-self-stretch fusion-no-small-visibility\" style=\"--awb-padding-top:50px;--awb-padding-right:50px;--awb-bg-size:cover;--awb-border-color:rgba(26,18,38,0.2);--awb-border-right:1px;--awb-border-style:solid;--awb-width-large:100%;--awb-margin-top-large:0px;--awb-spacing-right-large:0%;--awb-margin-bottom-large:0px;--awb-spacing-left-large:3.68%;--awb-width-medium:100%;--awb-order-medium:0;--awb-spacing-right-medium:0%;--awb-spacing-left-medium:3.68%;--awb-width-small:100%;--awb-order-small:0;--awb-spacing-right-small:3.68%;--awb-margin-bottom-small:30px;--awb-spacing-left-small:3.68%;\"><div class=\"fusion-column-wrapper fusion-column-has-shadow fusion-flex-justify-content-flex-end fusion-content-layout-column\"><div class=\"fusion-text fusion-text-2 fusion-text-no-margin\" style=\"--awb-font-size:16px;--awb-line-height:1.7;--awb-letter-spacing:0px;--awb-text-transform:var(--awb-typography4-text-transform);--awb-text-color:var(--awb-color7);\"><div class=\"section\">\n<p><strong style=\"color: var(--awb-color1); font-size: 24px;\" data-fusion-font=\"true\"><span style=\"color: var(--awb-color7);\">Ortodonti Uzman\u0131 <span style=\"color: var(--awb-color7);\">ve Bilimsel Ara\u015ft\u0131r<\/span><\/span><span style=\"color: var(--awb-color7);\">mac\u0131<\/span><\/strong><\/p>\n<p data-sourcepos=\"31:1-31:395\"><span style=\"font-size: 14px; line-height: 21px;\" data-fusion-font=\"true\"><span style=\"font-size: 16px; letter-spacing: normal; line-height: 27.2px;\" data-fusion-font=\"true\">Ortodonti uzman\u0131 Dr. Dt. Ay\u015feg\u00fcl Ural \u00d6zay, hastalar\u0131na kusursuz g\u00fcl\u00fc\u015fler kazand\u0131rma tutkusuyla bilinen, dinamik ve bilime adanm\u0131\u015f bir d<\/span><span style=\"font-size: 16px;\" data-fusion-font=\"true\"><span style=\"font-size: 16px; letter-spacing: normal; line-height: 27.2px;\" data-fusion-font=\"true\">i<\/span><span style=\"letter-spacing: normal; line-height: 27.2px;\" data-fusion-font=\"true\">\u015f hekimidir. Lisans ve y\u00fcksek lisans e\u011fitimini \u0130stanbul \u00dcniversitesi Di\u015f Hekimli\u011fi Fak\u00fcltesi&#8217;nde 2015 y\u0131l\u0131nda tamamlam\u0131\u015ft\u0131r. Ard\u0131ndan ayn\u0131 \u00fcniversitenin Ortodonti Anabilim Dal\u0131&#8217;nda doktora program\u0131na ba\u015flam\u0131\u015f ve 2022 y\u0131l\u0131nda mezun olmu\u015ftur.<\/span><\/span><\/span><\/p>\n<p style=\"font-size: 16px; line-height: 27.2px; letter-spacing: normal;\" data-sourcepos=\"33:1-33:490\" data-fusion-font=\"true\">Doktora tezi, &#8216;A\u011f\u0131z \u0130\u00e7i De\u011fi\u015fen S\u0131cakl\u0131k De\u011ferlerinin \u015eeffaf Plak Materyalinin Mekanik \u00d6zellikleri \u00dczerine Etkisinin \u0130n Vitro Olarak \u0130ncelenmesi&#8217; gibi g\u00fcncel ve \u00f6nemli bir konuya odaklanm\u0131\u015ft\u0131r. Ayr\u0131ca, &#8216;Farkl\u0131 \u015eeffaf Plak Materyallerinin Mekanik \u00d6zelliklerinin Ara\u015ft\u0131r\u0131lmas\u0131&#8217; ba\u015fl\u0131kl\u0131 bilimsel ara\u015ft\u0131rma makalesiyle de literat\u00fcre katk\u0131da bulunmu\u015ftur. Bu \u00e7al\u0131\u015fmalar\u0131, \u00f6zellikle \u015feffaf plak tedavileri konusunda derinlemesine bilgi ve deneyim sahibi oldu\u011funu g\u00f6stermektedir.<\/p>\n<p style=\"font-size: 16px; line-height: 27.2px; letter-spacing: normal;\" data-sourcepos=\"35:1-35:753\" data-fusion-font=\"true\">Dr. Ay\u015feg\u00fcl Ural \u00d6zay, T\u00fcrk Di\u015f Hekimleri Birli\u011fi, T\u00fcrk Ortodonti Derne\u011fi, Gen\u00e7 T\u00fcrk Ortodonti Derne\u011fi (kurucu \u00fcye) ve Avrupa Ortodonti Derne\u011fi (EOS) gibi \u00f6nemli bilimsel kurulu\u015flar\u0131n aktif bir \u00fcyesidir. Kariyeri boyunca Myobrace kursu, Damon Master Class, Dr. Chris Chang ile &#171;Simplify Your Orthodontic Approaches with Technology&#187; seminerleri ve \u00f6zellikle Invisalign sertifikasyon kurslar\u0131 gibi bir\u00e7ok ulusal ve uluslararas\u0131 kurs, kongre ve sempozyuma kat\u0131larak alan\u0131ndaki en son geli\u015fmeleri yak\u0131ndan takip etmi\u015ftir. Clear Correct \u015eeffaf Plak sertifikasyon kursu ve Planmycase CLINCHECK Masters kursu gibi e\u011fitimler de, modern ortodontik yakla\u015f\u0131mlara hakimiyetini peki\u015ftirmi\u015ftir.<\/p>\n<p style=\"font-size: 16px; line-height: 27.2px; letter-spacing: normal;\" data-sourcepos=\"37:1-37:304\" data-fusion-font=\"true\">Meslekta\u015f\u0131 ve e\u015fi Dr. Dt. Furkan \u00d6zay ile birlikte, di\u015f hekimli\u011fi alan\u0131nda ba\u015far\u0131l\u0131 bir kariyer in\u015fa eden Dr. Ay\u015feg\u00fcl Ural \u00d6zay, ikiz \u00e7ocuklar\u0131 Mert ve Berk&#8217;in annesidir. Bilimsel merak\u0131, hasta odakl\u0131 yakla\u015f\u0131m\u0131 ve s\u00fcrekli \u00f6\u011frenme arzusuyla, ortodonti alan\u0131nda fark yaratan bir hekim olarak tan\u0131nmaktad\u0131r.<\/p>\n<\/div>\n<\/div><\/div><\/div><div class=\"fusion-layout-column fusion_builder_column_inner fusion-builder-nested-column-1 fusion_builder_column_inner_1_1 1_1 fusion-flex-column fusion-flex-align-self-stretch fusion-no-small-visibility\" style=\"--awb-padding-top:50px;--awb-padding-right:50px;--awb-bg-size:cover;--awb-border-color:rgba(26,18,38,0.2);--awb-border-right:1px;--awb-border-style:solid;--awb-width-large:100%;--awb-margin-top-large:0px;--awb-spacing-right-large:0%;--awb-margin-bottom-large:0px;--awb-spacing-left-large:3.68%;--awb-width-medium:100%;--awb-order-medium:0;--awb-spacing-right-medium:0%;--awb-spacing-left-medium:3.68%;--awb-width-small:100%;--awb-order-small:0;--awb-spacing-right-small:3.68%;--awb-margin-bottom-small:30px;--awb-spacing-left-small:3.68%;\"><div class=\"fusion-column-wrapper fusion-column-has-shadow fusion-flex-justify-content-flex-end fusion-content-layout-column\"><\/div><\/div><\/div><\/div><\/div><\/div><\/div>\n","protected":false},"excerpt":{"rendered":"","protected":false},"author":1,"featured_media":0,"parent":0,"menu_order":0,"comment_status":"closed","ping_status":"closed","template":"100-width.php","meta":{"footnotes":""},"class_list":["post-3763","page","type-page","status-publish","hentry"],"_links":{"self":[{"href":"https:\/\/leodent.tr\/ru\/wp-json\/wp\/v2\/pages\/3763","targetHints":{"allow":["GET"]}}],"collection":[{"href":"https:\/\/leodent.tr\/ru\/wp-json\/wp\/v2\/pages"}],"about":[{"href":"https:\/\/leodent.tr\/ru\/wp-json\/wp\/v2\/types\/page"}],"author":[{"embeddable":true,"href":"https:\/\/leodent.tr\/ru\/wp-json\/wp\/v2\/users\/1"}],"replies":[{"embeddable":true,"href":"https:\/\/leodent.tr\/ru\/wp-json\/wp\/v2\/comments?post=3763"}],"version-history":[{"count":0,"href":"https:\/\/leodent.tr\/ru\/wp-json\/wp\/v2\/pages\/3763\/revisions"}],"wp:attachment":[{"href":"https:\/\/leodent.tr\/ru\/wp-json\/wp\/v2\/media?parent=3763"}],"curies":[{"name":"wp","href":"https:\/\/api.w.org\/{rel}","templated":true}]}}