{"id":3606,"date":"2025-06-13T11:47:07","date_gmt":"2025-06-13T08:47:07","guid":{"rendered":"https:\/\/leodent.tr\/dr-dt-aysegul-ural-ozay\/"},"modified":"2025-07-09T15:05:53","modified_gmt":"2025-07-09T12:05:53","slug":"dr-dt-aysegul-ural-ozay","status":"publish","type":"page","link":"https:\/\/leodent.tr\/en\/dr-dt-aysegul-ural-ozay\/","title":{"rendered":"Dr. Dt. Ay\u015feg\u00fcl URAL \u00d6ZAY"},"content":{"rendered":"<div class=\"fusion-fullwidth fullwidth-box fusion-builder-row-1 fusion-flex-container nonhundred-percent-fullwidth non-hundred-percent-height-scrolling\" style=\"--link_hover_color: #7a55aa;--link_color: #7a55aa;--awb-border-sizes-top:0px;--awb-border-sizes-bottom:0px;--awb-border-sizes-left:0px;--awb-border-sizes-right:0px;--awb-border-color:#f6f6f4;--awb-border-radius-top-left:0px;--awb-border-radius-top-right:0px;--awb-border-radius-bottom-right:0px;--awb-border-radius-bottom-left:0px;--awb-padding-top:80px;--awb-padding-right:30px;--awb-padding-bottom:80px;--awb-padding-left:30px;--awb-padding-top-small:45px;--awb-padding-bottom-small:45px;--awb-margin-top:0px;--awb-margin-bottom:0px;--awb-background-color:var(--awb-custom_color_1);--awb-flex-wrap:wrap;\" ><div class=\"fusion-builder-row fusion-row fusion-flex-align-items-flex-start fusion-flex-content-wrap\" style=\"max-width:1296px;margin-left: calc(-8% \/ 2 );margin-right: calc(-8% \/ 2 );\"><div class=\"fusion-layout-column fusion_builder_column fusion-builder-column-0 fusion-flex-column fusion-animated\" style=\"--awb-bg-size:cover;--awb-width-large:45%;--awb-margin-top-large:0px;--awb-spacing-right-large:3.68%;--awb-margin-bottom-large:0px;--awb-spacing-left-large:8.1777777777778%;--awb-width-medium:40%;--awb-order-medium:0;--awb-spacing-right-medium:4.14%;--awb-spacing-left-medium:9.2%;--awb-width-small:100%;--awb-order-small:0;--awb-spacing-right-small:3.68%;--awb-margin-bottom-small:55px;--awb-spacing-left-small:3.68%;\" data-animationType=\"fadeInLeft\" data-animationDuration=\"1.3\" data-animationOffset=\"top-into-view\"><div class=\"fusion-column-wrapper fusion-column-has-shadow fusion-flex-justify-content-flex-start fusion-content-layout-column\"><div class=\"fusion-image-element \" style=\"--awb-caption-title-font-family:var(--h2_typography-font-family);--awb-caption-title-font-weight:var(--h2_typography-font-weight);--awb-caption-title-font-style:var(--h2_typography-font-style);--awb-caption-title-size:var(--h2_typography-font-size);--awb-caption-title-transform:var(--h2_typography-text-transform);--awb-caption-title-line-height:var(--h2_typography-line-height);--awb-caption-title-letter-spacing:var(--h2_typography-letter-spacing);\"><span class=\" fusion-imageframe imageframe-none imageframe-1 hover-type-none\"><img decoding=\"async\" width=\"1080\" height=\"1920\" title=\"Dr. Dt. Ays\u0327egu\u0308l URAL O\u0308ZAY\" src=\"https:\/\/leodent.tr\/wp-content\/uploads\/2025\/06\/Dr.-Dt.-Aysegul-URAL-OZAY.jpg\" alt class=\"img-responsive wp-image-3351\" srcset=\"https:\/\/leodent.tr\/wp-content\/uploads\/2025\/06\/Dr.-Dt.-Aysegul-URAL-OZAY-200x356.jpg 200w, https:\/\/leodent.tr\/wp-content\/uploads\/2025\/06\/Dr.-Dt.-Aysegul-URAL-OZAY-400x711.jpg 400w, https:\/\/leodent.tr\/wp-content\/uploads\/2025\/06\/Dr.-Dt.-Aysegul-URAL-OZAY-600x1067.jpg 600w, https:\/\/leodent.tr\/wp-content\/uploads\/2025\/06\/Dr.-Dt.-Aysegul-URAL-OZAY-800x1422.jpg 800w, https:\/\/leodent.tr\/wp-content\/uploads\/2025\/06\/Dr.-Dt.-Aysegul-URAL-OZAY.jpg 1080w\" sizes=\"(max-width: 640px) 100vw, 600px\" \/><\/span><\/div><\/div><\/div><div class=\"fusion-layout-column fusion_builder_column fusion-builder-column-1 fusion-flex-column fusion-animated\" style=\"--awb-bg-size:cover;--awb-width-large:55%;--awb-margin-top-large:0px;--awb-spacing-right-large:6.6909090909091%;--awb-margin-bottom-large:280px;--awb-spacing-left-large:3.68%;--awb-width-medium:60%;--awb-order-medium:0;--awb-spacing-right-medium:6.1333333333333%;--awb-spacing-left-medium:3.3733333333333%;--awb-width-small:100%;--awb-order-small:0;--awb-spacing-right-small:3.68%;--awb-spacing-left-small:3.68%;\" data-animationType=\"fadeInRight\" data-animationDuration=\"1.3\" data-animationOffset=\"top-into-view\"><div class=\"fusion-column-wrapper fusion-column-has-shadow fusion-flex-justify-content-flex-start fusion-content-layout-column\"><div class=\"fusion-title title fusion-title-1 fusion-sep-none fusion-title-text fusion-title-size-one\" style=\"--awb-text-color:var(--awb-color7);--awb-margin-bottom:60px;--awb-margin-top-small:10px;--awb-margin-right-small:0px;--awb-margin-bottom-small:40px;--awb-margin-left-small:0px;--awb-font-size:45px;\"><h1 class=\"fusion-title-heading title-heading-left\" style=\"margin:0;text-transform:var(--awb-typography1-text-transform);font-size:1em;line-height:1.2;\">Dr. Dt. Ay\u015feg\u00fcl URAL \u00d6ZAY<\/h1><\/div><div class=\"fusion-separator fusion-full-width-sep\" style=\"align-self: center;margin-left: auto;margin-right: auto;width:100%;\"><div class=\"fusion-separator-border sep-double\" style=\"--awb-height:20px;--awb-amount:20px;--awb-sep-color:var(--awb-color1);border-color:var(--awb-color1);border-top-width:1px;border-bottom-width:1px;\"><\/div><\/div><div class=\"fusion-text fusion-text-1 fusion-no-medium-visibility fusion-no-large-visibility\"><h3><strong style=\"color: var(--awb-color7);\" data-fusion-font=\"true\">Orthodontic Specialist and Scientific Researcher<\/strong><\/h3>\n<p data-sourcepos=\"31:1-31:395\"><span style=\"color: var(--awb-color7);\" data-fusion-font=\"true\">Orthodontics specialist Dr Dt. Ay\u015feg\u00fcl Ural \u00d6zay is a dynamic and science-dedicated dentist known for her passion to give her patients perfect smiles. She completed her undergraduate and postgraduate education at Istanbul University Faculty of Dentistry in 2015. Then, she started her doctorate programme at the Department of Orthodontics of the same university and graduated in 2022.   <\/span><\/p>\n<p style=\"color: var(--awb-color7);\" data-sourcepos=\"33:1-33:490\" data-fusion-font=\"true\">Her doctoral thesis focused on a current and important topic such as \u201cIn Vitro Investigation of the Effect of Varying Intraoral Temperature Values on the Mechanical Properties of Clear Plaque Material\u201d. She also contributed to the literature with her scientific research article titled \u201cInvestigation of Mechanical Properties of Different Clear Plaque Materials\u201d. These studies show that she has in-depth knowledge and experience, especially in transparent plate treatments.  <\/p>\n<p style=\"color: var(--awb-color7);\" data-sourcepos=\"35:1-35:753\" data-fusion-font=\"true\">Dr. Ay\u015feg\u00fcl Ural \u00d6zay is an active member of important scientific organisations such as Turkish Dental Association, Turkish Orthodontic Association, Young Turkish Orthodontic Association (founding member) and European Orthodontic Society (EOS). Throughout her career, she has closely followed the latest developments in her field by attending many national and international courses, congresses and symposiums such as Myobrace course, Damon Master Class, \u2018Simplify Your Orthodontic Approaches with Technology\u2019 seminars with Dr Chris Chang and especially Invisalign certification courses. Trainings such as Clear Correct Transparent Plate certification course and Planmycase CLINCHECK Masters course have also reinforced her command of modern orthodontic approaches.  <\/p>\n<p style=\"color: var(--awb-color7);\" data-sourcepos=\"37:1-37:304\" data-fusion-font=\"true\">Dr. Ay\u015feg\u00fcl Ural \u00d6zay has built a successful career in dentistry and a beautiful life with her husband and colleague, Dr. Dt. Furkan \u00d6zay. Together, they are proud parents of twin boys, Mert and Berk. She is recognised as a physician who makes a difference in the field of orthodontics with her scientific curiosity, patient-oriented approach and desire for continuous learning.  <\/p>\n<\/div><div class=\"fusion-separator fusion-full-width-sep\" style=\"align-self: center;margin-left: auto;margin-right: auto;width:100%;\"><div class=\"fusion-separator-border sep-single sep-solid\" style=\"--awb-height:20px;--awb-amount:20px;--awb-sep-color:rgba(26,18,38,0.2);border-color:rgba(26,18,38,0.2);border-top-width:1px;\"><\/div><\/div><div class=\"fusion-builder-row fusion-builder-row-inner fusion-row fusion-flex-align-items-flex-start fusion-flex-content-wrap\" style=\"--awb-flex-grow:0;--awb-flex-grow-medium:0;--awb-flex-grow-small:0;--awb-flex-shrink:0;--awb-flex-shrink-medium:0;--awb-flex-shrink-small:0;width:108% !important;max-width:108% !important;margin-left: calc(-8% \/ 2 );margin-right: calc(-8% \/ 2 );\"><div class=\"fusion-layout-column fusion_builder_column_inner fusion-builder-nested-column-0 fusion_builder_column_inner_1_1 1_1 fusion-flex-column fusion-flex-align-self-stretch fusion-no-small-visibility\" style=\"--awb-padding-top:50px;--awb-padding-right:50px;--awb-bg-size:cover;--awb-border-color:rgba(26,18,38,0.2);--awb-border-right:1px;--awb-border-style:solid;--awb-width-large:100%;--awb-margin-top-large:0px;--awb-spacing-right-large:0%;--awb-margin-bottom-large:0px;--awb-spacing-left-large:3.68%;--awb-width-medium:100%;--awb-order-medium:0;--awb-spacing-right-medium:0%;--awb-spacing-left-medium:3.68%;--awb-width-small:100%;--awb-order-small:0;--awb-spacing-right-small:3.68%;--awb-margin-bottom-small:30px;--awb-spacing-left-small:3.68%;\"><div class=\"fusion-column-wrapper fusion-column-has-shadow fusion-flex-justify-content-flex-end fusion-content-layout-column\"><div class=\"fusion-text fusion-text-2 fusion-text-no-margin\" style=\"--awb-font-size:16px;--awb-line-height:1.7;--awb-letter-spacing:0px;--awb-text-transform:var(--awb-typography4-text-transform);--awb-text-color:var(--awb-color7);\"><div class=\"section\">\n<p><strong style=\"color: var(--awb-color1); font-size: 24px;\" data-fusion-font=\"true\"><span style=\"color: var(--awb-color7);\">Orthodontic Specialist <span style=\"color: var(--awb-color7);\">and Scientific Research<\/span><\/span><span style=\"color: var(--awb-color7);\">er<\/span><\/strong><\/p>\n<p data-sourcepos=\"31:1-31:395\"><span style=\"font-size: 14px; line-height: 21px;\" data-fusion-font=\"true\"><span style=\"font-size: 16px; letter-spacing: normal; line-height: 27.2px;\" data-fusion-font=\"true\">Orthodontic specialist Dr Dt. Ay\u015feg\u00fcl Ural \u00d6zay is a dynamic and science-dedicated dentist known for her passion to give her patients p <\/span><span style=\"font-size: 16px;\" data-fusion-font=\"true\"><span style=\"font-size: 16px; letter-spacing: normal; line-height: 27.2px;\" data-fusion-font=\"true\">e<\/span><span style=\"letter-spacing: normal; line-height: 27.2px;\" data-fusion-font=\"true\">rfect smiles. She completed her undergraduate and graduate education at Istanbul University Faculty of Dentistry in 2015. Then she started his doctorate programme at the Department of Orthodontics of the same university and graduated in 2022.  <\/span><\/span><\/span><\/p>\n<p style=\"font-size: 16px; line-height: 27.2px; letter-spacing: normal;\" data-sourcepos=\"33:1-33:490\" data-fusion-font=\"true\">Her doctoral thesis focused on a current and important topic such as \u201cIn Vitro Investigation of the Effect of Varying Intraoral Temperature Values on the Mechanical Properties of Clear Plaque Material\u201d. She also contributed to the literature with her scientific research article titled \u201cInvestigation of Mechanical Properties of Different Clear Plaque Materials\u201d. These studies show that she has in-depth knowledge and experience, especially in transparent plate treatments.  <\/p>\n<p style=\"font-size: 16px; line-height: 27.2px; letter-spacing: normal;\" data-sourcepos=\"35:1-35:753\" data-fusion-font=\"true\">Dr. Ay\u015feg\u00fcl Ural \u00d6zay is an active member of important scientific organisations such as Turkish Dental Association, Turkish Orthodontic Association, Young Turkish Orthodontic Association (founding member) and European Orthodontic Society (EOS). Throughout her career, she has closely followed the latest developments in her field by attending many national and international courses, congresses and symposiums such as Myobrace course, Damon Master Class, \u2018Simplify Your Orthodontic Approaches with Technology\u2019 seminars with Dr Chris Chang and especially Invisalign certification courses. Trainings such as Clear Correct Transparent Plate certification course and Planmycase CLINCHECK Masters course have also reinforced her command of modern orthodontic approaches.  <\/p>\n<p style=\"font-size: 16px; line-height: 27.2px; letter-spacing: normal;\" data-sourcepos=\"37:1-37:304\" data-fusion-font=\"true\">Dr. Ay\u015feg\u00fcl Ural \u00d6zay has built a successful career in dentistry and a beautiful life with her husband and colleague, Dr. Dt. Furkan \u00d6zay. Together, they are proud parents of twin boys, Mert and Berk. She is recognised as a physician who makes a difference in the field of orthodontics with her scientific curiosity, patient-oriented approach and desire for continuous learning.  <\/p>\n<\/div>\n<\/div><\/div><\/div><div class=\"fusion-layout-column fusion_builder_column_inner fusion-builder-nested-column-1 fusion_builder_column_inner_1_1 1_1 fusion-flex-column fusion-flex-align-self-stretch fusion-no-small-visibility\" style=\"--awb-padding-top:50px;--awb-padding-right:50px;--awb-bg-size:cover;--awb-border-color:rgba(26,18,38,0.2);--awb-border-right:1px;--awb-border-style:solid;--awb-width-large:100%;--awb-margin-top-large:0px;--awb-spacing-right-large:0%;--awb-margin-bottom-large:0px;--awb-spacing-left-large:3.68%;--awb-width-medium:100%;--awb-order-medium:0;--awb-spacing-right-medium:0%;--awb-spacing-left-medium:3.68%;--awb-width-small:100%;--awb-order-small:0;--awb-spacing-right-small:3.68%;--awb-margin-bottom-small:30px;--awb-spacing-left-small:3.68%;\"><div class=\"fusion-column-wrapper fusion-column-has-shadow fusion-flex-justify-content-flex-end fusion-content-layout-column\"><\/div><\/div><\/div><\/div><\/div><\/div><\/div>\n","protected":false},"excerpt":{"rendered":"","protected":false},"author":1,"featured_media":0,"parent":0,"menu_order":0,"comment_status":"closed","ping_status":"closed","template":"100-width.php","meta":{"footnotes":""},"class_list":["post-3606","page","type-page","status-publish","hentry"],"_links":{"self":[{"href":"https:\/\/leodent.tr\/en\/wp-json\/wp\/v2\/pages\/3606","targetHints":{"allow":["GET"]}}],"collection":[{"href":"https:\/\/leodent.tr\/en\/wp-json\/wp\/v2\/pages"}],"about":[{"href":"https:\/\/leodent.tr\/en\/wp-json\/wp\/v2\/types\/page"}],"author":[{"embeddable":true,"href":"https:\/\/leodent.tr\/en\/wp-json\/wp\/v2\/users\/1"}],"replies":[{"embeddable":true,"href":"https:\/\/leodent.tr\/en\/wp-json\/wp\/v2\/comments?post=3606"}],"version-history":[{"count":0,"href":"https:\/\/leodent.tr\/en\/wp-json\/wp\/v2\/pages\/3606\/revisions"}],"wp:attachment":[{"href":"https:\/\/leodent.tr\/en\/wp-json\/wp\/v2\/media?parent=3606"}],"curies":[{"name":"wp","href":"https:\/\/api.w.org\/{rel}","templated":true}]}}