{"id":3499,"date":"2025-06-13T11:55:05","date_gmt":"2025-06-13T08:55:05","guid":{"rendered":"https:\/\/leodent.tr\/our-physicians\/"},"modified":"2025-07-22T13:34:07","modified_gmt":"2025-07-22T10:34:07","slug":"our-physicians","status":"publish","type":"page","link":"https:\/\/leodent.tr\/en\/our-physicians\/","title":{"rendered":"OUR PHYSICIANS"},"content":{"rendered":"<div class=\"fusion-fullwidth fullwidth-box fusion-builder-row-1 fusion-flex-container has-pattern-background has-mask-background nonhundred-percent-fullwidth non-hundred-percent-height-scrolling\" style=\"--link_hover_color: #ef15d9;--link_color: var(--awb-color1);--awb-border-sizes-top:0px;--awb-border-sizes-bottom:0px;--awb-border-sizes-left:0px;--awb-border-sizes-right:0px;--awb-border-color:var(--awb-color3);--awb-border-radius-top-left:0px;--awb-border-radius-top-right:0px;--awb-border-radius-bottom-right:0px;--awb-border-radius-bottom-left:0px;--awb-padding-top:96px;--awb-padding-right:30px;--awb-padding-bottom:96px;--awb-padding-left:30px;--awb-padding-top-medium:72px;--awb-padding-bottom-medium:72px;--awb-padding-top-small:48px;--awb-padding-bottom-small:48px;--awb-margin-top:0px;--awb-margin-bottom:0px;--awb-background-color:#ffffff;--awb-flex-wrap:wrap;\" ><div class=\"awb-background-mask\" style=\"background-image:  url(data:image\/svg+xml;utf8,%3Csvg%20width%3D%221920%22%20height%3D%22954%22%20fill%3D%22none%22%20xmlns%3D%22http%3A%2F%2Fwww.w3.org%2F2000%2Fsvg%22%3E%3Cpath%20fill-rule%3D%22evenodd%22%20clip-rule%3D%22evenodd%22%20d%3D%22M0%20142.846l198.069%20114.355L346.565%200H1920v277.018L1802.38%2073.291l-734.85%20424.264L1331.06%20954H0V142.846zm649.936%20713.71l18.301-68.301%2068.301%2018.301-18.301%2068.301-68.301-18.301z%22%20fill%3D%22rgba%28255%2C255%2C255%2C1%29%22%2F%3E%3C%2Fsvg%3E);opacity: 1 ;transform: scale(1, 1);mix-blend-mode:normal;\"><\/div><div class=\"fusion-builder-row fusion-row fusion-flex-align-items-stretch fusion-flex-content-wrap\" style=\"max-width:1248px;margin-left: calc(-4% \/ 2 );margin-right: calc(-4% \/ 2 );\"><div class=\"fusion-layout-column fusion_builder_column fusion-builder-column-0 fusion_builder_column_1_1 1_1 fusion-flex-column\" style=\"--awb-bg-size:cover;--awb-width-large:100%;--awb-margin-top-large:0px;--awb-spacing-right-large:1.92%;--awb-margin-bottom-large:20px;--awb-spacing-left-large:1.92%;--awb-width-medium:100%;--awb-order-medium:0;--awb-spacing-right-medium:1.92%;--awb-spacing-left-medium:1.92%;--awb-width-small:100%;--awb-order-small:0;--awb-spacing-right-small:1.92%;--awb-spacing-left-small:1.92%;\"><div class=\"fusion-column-wrapper fusion-column-has-shadow fusion-flex-justify-content-flex-start fusion-content-layout-column\"><div class=\"fusion-title title fusion-title-1 fusion-sep-none fusion-title-center fusion-title-text fusion-title-size-one\" style=\"--awb-text-color:var(--awb-color7);--awb-margin-top-small:10px;--awb-margin-right-small:0px;--awb-margin-bottom-small:10px;--awb-margin-left-small:0px;\"><h1 class=\"fusion-title-heading title-heading-center\" style=\"margin:0;\">Our Physicians<\/h1><\/div><\/div><\/div><div class=\"fusion-layout-column fusion_builder_column fusion-builder-column-1 fusion_builder_column_1_3 1_3 fusion-flex-column fusion-flex-align-self-stretch fusion-animated\" style=\"--awb-padding-top:20px;--awb-bg-color:var(--awb-color3);--awb-bg-color-hover:var(--awb-color3);--awb-bg-size:cover;--awb-width-large:33.333333333333%;--awb-margin-top-large:0px;--awb-spacing-right-large:5.76%;--awb-margin-bottom-large:0px;--awb-spacing-left-large:5.76%;--awb-width-medium:33.333333333333%;--awb-order-medium:0;--awb-spacing-right-medium:5.76%;--awb-spacing-left-medium:5.76%;--awb-width-small:100%;--awb-order-small:1;--awb-spacing-right-small:1.92%;--awb-margin-bottom-small:40px;--awb-spacing-left-small:1.92%;\" data-animationType=\"fadeInUp\" data-animationDuration=\"1.3\" data-animationOffset=\"top-into-view\"><div class=\"fusion-column-wrapper fusion-column-has-shadow fusion-flex-justify-content-center fusion-content-layout-row fusion-flex-align-items-center\"><div class=\"fusion-builder-row fusion-builder-row-inner fusion-row fusion-flex-align-items-stretch fusion-flex-content-wrap\" style=\"--awb-flex-grow:0;--awb-flex-grow-medium:0;--awb-flex-grow-small:0;--awb-flex-shrink:0;--awb-flex-shrink-medium:0;--awb-flex-shrink-small:0;width:104% !important;max-width:104% !important;margin-left: calc(-4% \/ 2 );margin-right: calc(-4% \/ 2 );\"><div class=\"fusion-layout-column fusion_builder_column_inner fusion-builder-nested-column-0 fusion_builder_column_inner_1_1 1_1 fusion-flex-column fusion-flex-align-self-stretch\" style=\"--awb-padding-bottom-small:0px;--awb-bg-size:cover;--awb-width-large:100%;--awb-margin-top-large:7px;--awb-spacing-right-large:6.912%;--awb-margin-bottom-large:0px;--awb-spacing-left-large:7.392%;--awb-width-medium:100%;--awb-order-medium:0;--awb-spacing-right-medium:6.912%;--awb-spacing-left-medium:7.392%;--awb-width-small:100%;--awb-order-small:0;--awb-spacing-right-small:5.856%;--awb-margin-bottom-small:23px;--awb-spacing-left-small:5.856%;\"><div class=\"fusion-column-wrapper fusion-column-has-shadow fusion-flex-justify-content-center fusion-content-layout-row\"><div class=\"fusion-image-element \" style=\"text-align:center;--awb-caption-overlay-color:#ffffff;--awb-caption-title-font-family:var(--h2_typography-font-family);--awb-caption-title-font-weight:var(--h2_typography-font-weight);--awb-caption-title-font-style:var(--h2_typography-font-style);--awb-caption-title-size:var(--h2_typography-font-size);--awb-caption-title-transform:var(--h2_typography-text-transform);--awb-caption-title-line-height:var(--h2_typography-line-height);--awb-caption-title-letter-spacing:var(--h2_typography-letter-spacing);\"><span class=\" fusion-imageframe imageframe-none imageframe-1 hover-type-none\"><img decoding=\"async\" width=\"1050\" height=\"1440\" title=\"245155185_317217340212498_1001933015952283052_n\" src=\"https:\/\/leodent.tr\/wp-content\/uploads\/2025\/06\/245155185_317217340212498_1001933015952283052_n-e1751026641445.jpg\" alt class=\"img-responsive wp-image-3453\" srcset=\"https:\/\/leodent.tr\/wp-content\/uploads\/2025\/06\/245155185_317217340212498_1001933015952283052_n-e1751026641445-200x274.jpg 200w, https:\/\/leodent.tr\/wp-content\/uploads\/2025\/06\/245155185_317217340212498_1001933015952283052_n-e1751026641445-400x549.jpg 400w, https:\/\/leodent.tr\/wp-content\/uploads\/2025\/06\/245155185_317217340212498_1001933015952283052_n-e1751026641445-600x823.jpg 600w, https:\/\/leodent.tr\/wp-content\/uploads\/2025\/06\/245155185_317217340212498_1001933015952283052_n-e1751026641445-800x1097.jpg 800w, https:\/\/leodent.tr\/wp-content\/uploads\/2025\/06\/245155185_317217340212498_1001933015952283052_n-e1751026641445.jpg 1050w\" sizes=\"(max-width: 640px) 100vw, 1050px\" \/><\/span><\/div><\/div><\/div><\/div><div class=\"fusion-separator fusion-full-width-sep\" style=\"align-self: center;margin-left: auto;margin-right: auto;flex-grow:1;width:100%;\"><\/div><div class=\"fusion-title title fusion-title-2 fusion-sep-none fusion-title-center fusion-title-text fusion-title-size-two\" style=\"--awb-text-color:var(--awb-color7);--awb-margin-top:40px;--awb-margin-right:40px;--awb-margin-bottom:25px;--awb-margin-left:40px;--awb-margin-top-small:10px;--awb-margin-right-small:0px;--awb-margin-bottom-small:10px;--awb-margin-left-small:0px;--awb-sep-color:#d1d1d1;--awb-font-size:30px;\"><h2 class=\"fusion-title-heading title-heading-center\" style=\"font-family:&quot;Barlow Condensed&quot;;font-style:normal;font-weight:500;margin:0;text-transform:var(--awb-typography1-text-transform);font-size:1em;line-height:1.2;\">Dr. Dt. Ay\u015feg\u00fcl URAL \u00d6ZAY<\/h2><\/div><div ><a class=\"fusion-button button-flat fusion-button-default-size button-custom fusion-button-default button-1 fusion-button-default-span \" style=\"--button_bevel_color:#cbe010;--button_bevel_color_hover:#cbe010;--button_accent_color:#110911;--button_border_color:var(--awb-color7);--button_accent_hover_color:#110911;--button_border_hover_color:#361c36;--button_border_width-top:0px;--button_border_width-right:0px;--button_border_width-bottom:0px;--button_border_width-left:0px;--button-border-radius-top-left:50px;--button-border-radius-top-right:50px;--button-border-radius-bottom-right:50px;--button-border-radius-bottom-left:50px;--button_gradient_start:49%;--button_gradient_end:0%;--button_gradient_top_color:#ffffff;--button_gradient_bottom_color:#ffffff;--button_gradient_top_color_hover:#cbe010;--button_gradient_bottom_color_hover:#cbe010;--button_text_transform:var(--awb-typography3-text-transform);--button_font_size:16px;--button_line_height:1.7;--button_padding-top:12px;--button_padding-right:28px;--button_padding-bottom:12px;--button_padding-left:28px;--button_typography-letter-spacing:0px;--button_typography-font-family:&quot;Arimo&quot;;--button_typography-font-style:normal;--button_typography-font-weight:600;--button_margin-top:0px;--button_margin-right:40px;--button_margin-bottom:40px;--button_margin-left:40px;\" target=\"_self\" data-hover=\"text_slide_up\" href=\"https:\/\/leodent.tr\/dr-dt-aysegul\/\"><div class=\"awb-button__hover-content awb-button__hover-content--default awb-button__hover-content--centered\"><span class=\"fusion-button-text awb-button__text awb-button__text--default\">For more information <\/span><span class=\"fusion-button-text awb-button__text awb-button__text--hover\">t\u0131klay\u0131n\u0131z<\/span><\/div><\/a><\/div><\/div><\/div><div class=\"fusion-layout-column fusion_builder_column fusion-builder-column-2 fusion_builder_column_1_3 1_3 fusion-flex-column fusion-flex-align-self-stretch fusion-animated\" style=\"--awb-padding-top:20px;--awb-bg-color:var(--awb-color3);--awb-bg-color-hover:var(--awb-color3);--awb-bg-size:cover;--awb-width-large:33.333333333333%;--awb-margin-top-large:0px;--awb-spacing-right-large:5.76%;--awb-margin-bottom-large:0px;--awb-spacing-left-large:5.76%;--awb-width-medium:33.333333333333%;--awb-order-medium:0;--awb-spacing-right-medium:5.76%;--awb-spacing-left-medium:5.76%;--awb-width-small:100%;--awb-order-small:1;--awb-spacing-right-small:1.92%;--awb-margin-bottom-small:40px;--awb-spacing-left-small:1.92%;\" data-animationType=\"fadeInUp\" data-animationDuration=\"1.3\" data-animationOffset=\"top-into-view\"><div class=\"fusion-column-wrapper fusion-column-has-shadow fusion-flex-justify-content-center fusion-content-layout-row fusion-flex-align-items-center\"><div class=\"fusion-builder-row fusion-builder-row-inner fusion-row fusion-flex-align-items-stretch fusion-flex-content-wrap\" style=\"--awb-flex-grow:0;--awb-flex-grow-medium:0;--awb-flex-grow-small:0;--awb-flex-shrink:0;--awb-flex-shrink-medium:0;--awb-flex-shrink-small:0;width:104% !important;max-width:104% !important;margin-left: calc(-4% \/ 2 );margin-right: calc(-4% \/ 2 );\"><div class=\"fusion-layout-column fusion_builder_column_inner fusion-builder-nested-column-1 fusion_builder_column_inner_1_1 1_1 fusion-flex-column fusion-flex-align-self-stretch\" style=\"--awb-padding-top-small:3px;--awb-bg-size:cover;--awb-width-large:100%;--awb-margin-top-large:0px;--awb-spacing-right-large:8.928%;--awb-margin-bottom-large:0px;--awb-spacing-left-large:9.216%;--awb-width-medium:100%;--awb-order-medium:0;--awb-spacing-right-medium:8.928%;--awb-spacing-left-medium:9.216%;--awb-width-small:100%;--awb-order-small:0;--awb-spacing-right-small:5.856%;--awb-margin-bottom-small:21px;--awb-spacing-left-small:5.952%;\"><div class=\"fusion-column-wrapper fusion-column-has-shadow fusion-flex-justify-content-center fusion-content-layout-row\"><div class=\"fusion-image-element \" style=\"--awb-caption-overlay-color:#ffffff;--awb-caption-title-font-family:var(--h2_typography-font-family);--awb-caption-title-font-weight:var(--h2_typography-font-weight);--awb-caption-title-font-style:var(--h2_typography-font-style);--awb-caption-title-size:var(--h2_typography-font-size);--awb-caption-title-transform:var(--h2_typography-text-transform);--awb-caption-title-line-height:var(--h2_typography-line-height);--awb-caption-title-letter-spacing:var(--h2_typography-letter-spacing);\"><span class=\" fusion-imageframe imageframe-none imageframe-2 hover-type-none\"><img decoding=\"async\" width=\"1600\" height=\"2400\" title=\"DSCF0523-scaled\" src=\"https:\/\/leodent.tr\/wp-content\/uploads\/2025\/06\/DSCF0523-scaled-1.jpg\" alt class=\"img-responsive wp-image-3456\" srcset=\"https:\/\/leodent.tr\/wp-content\/uploads\/2025\/06\/DSCF0523-scaled-1-200x300.jpg 200w, https:\/\/leodent.tr\/wp-content\/uploads\/2025\/06\/DSCF0523-scaled-1-400x600.jpg 400w, https:\/\/leodent.tr\/wp-content\/uploads\/2025\/06\/DSCF0523-scaled-1-600x900.jpg 600w, https:\/\/leodent.tr\/wp-content\/uploads\/2025\/06\/DSCF0523-scaled-1-800x1200.jpg 800w, https:\/\/leodent.tr\/wp-content\/uploads\/2025\/06\/DSCF0523-scaled-1-1200x1800.jpg 1200w, https:\/\/leodent.tr\/wp-content\/uploads\/2025\/06\/DSCF0523-scaled-1.jpg 1600w\" sizes=\"(max-width: 640px) 100vw, 1200px\" \/><\/span><\/div><\/div><\/div><\/div><div class=\"fusion-separator fusion-full-width-sep\" style=\"align-self: center;margin-left: auto;margin-right: auto;flex-grow:1;width:100%;\"><\/div><div class=\"fusion-title title fusion-title-3 fusion-sep-none fusion-title-center fusion-title-text fusion-title-size-two\" style=\"--awb-text-color:var(--awb-color7);--awb-margin-top:40px;--awb-margin-right:40px;--awb-margin-bottom:25px;--awb-margin-left:40px;--awb-margin-top-small:10px;--awb-margin-right-small:0px;--awb-margin-bottom-small:10px;--awb-margin-left-small:0px;--awb-sep-color:#d1d1d1;--awb-font-size:30px;\"><h2 class=\"fusion-title-heading title-heading-center\" style=\"font-family:&quot;Barlow Condensed&quot;;font-style:normal;font-weight:500;margin:0;text-transform:var(--awb-typography1-text-transform);font-size:1em;line-height:1.2;\">Dt. Furkan \u00d6ZAY<\/h2><\/div><div ><a class=\"fusion-button button-flat fusion-button-default-size button-custom fusion-button-default button-2 fusion-button-default-span \" style=\"--button_bevel_color:#cbe010;--button_bevel_color_hover:#cbe010;--button_accent_color:#110911;--button_border_color:#361c36;--button_accent_hover_color:#110911;--button_border_hover_color:#361c36;--button_border_width-top:0px;--button_border_width-right:0px;--button_border_width-bottom:0px;--button_border_width-left:0px;--button-border-radius-top-left:50px;--button-border-radius-top-right:50px;--button-border-radius-bottom-right:50px;--button-border-radius-bottom-left:50px;--button_gradient_start:49%;--button_gradient_end:0%;--button_gradient_top_color:#ffffff;--button_gradient_bottom_color:#ffffff;--button_gradient_top_color_hover:#cbe010;--button_gradient_bottom_color_hover:#cbe010;--button_text_transform:var(--awb-typography3-text-transform);--button_font_size:16px;--button_line_height:1.7;--button_padding-top:12px;--button_padding-right:28px;--button_padding-bottom:12px;--button_padding-left:28px;--button_typography-letter-spacing:0px;--button_typography-font-family:&quot;Arimo&quot;;--button_typography-font-style:normal;--button_typography-font-weight:600;--button_margin-top:0px;--button_margin-right:40px;--button_margin-bottom:40px;--button_margin-left:40px;\" target=\"_self\" data-hover=\"text_slide_up\" href=\"https:\/\/leodent.tr\/dt-furkan-ozay\/\"><div class=\"awb-button__hover-content awb-button__hover-content--default awb-button__hover-content--centered\"><span class=\"fusion-button-text awb-button__text awb-button__text--default\">For more information <\/span><span class=\"fusion-button-text awb-button__text awb-button__text--hover\">t\u0131klay\u0131n\u0131z<\/span><\/div><\/a><\/div><\/div><\/div><div class=\"fusion-layout-column fusion_builder_column fusion-builder-column-3 fusion_builder_column_1_3 1_3 fusion-flex-column fusion-flex-align-self-stretch fusion-animated\" style=\"--awb-padding-top:20px;--awb-bg-color:var(--awb-color3);--awb-bg-color-hover:var(--awb-color3);--awb-bg-size:cover;--awb-width-large:33.333333333333%;--awb-margin-top-large:0px;--awb-spacing-right-large:5.76%;--awb-margin-bottom-large:0px;--awb-spacing-left-large:0%;--awb-width-medium:33.333333333333%;--awb-order-medium:0;--awb-spacing-right-medium:5.76%;--awb-spacing-left-medium:0%;--awb-width-small:100%;--awb-order-small:1;--awb-spacing-right-small:1.92%;--awb-margin-bottom-small:40px;--awb-spacing-left-small:1.92%;\" data-animationType=\"fadeInUp\" data-animationDuration=\"1.3\" data-animationOffset=\"top-into-view\"><div class=\"fusion-column-wrapper fusion-column-has-shadow fusion-flex-justify-content-center fusion-content-layout-row fusion-flex-align-items-center\"><div class=\"fusion-builder-row fusion-builder-row-inner fusion-row fusion-flex-align-items-stretch fusion-flex-content-wrap\" style=\"--awb-flex-grow:0;--awb-flex-grow-medium:0;--awb-flex-grow-small:0;--awb-flex-shrink:0;--awb-flex-shrink-medium:0;--awb-flex-shrink-small:0;width:104% !important;max-width:104% !important;margin-left: calc(-4% \/ 2 );margin-right: calc(-4% \/ 2 );\"><div class=\"fusion-layout-column fusion_builder_column_inner fusion-builder-nested-column-2 fusion_builder_column_inner_1_1 1_1 fusion-flex-column fusion-flex-align-self-stretch\" style=\"--awb-bg-size:cover;--awb-width-large:100%;--awb-margin-top-large:0px;--awb-spacing-right-large:11.616%;--awb-margin-bottom-large:0px;--awb-spacing-left-large:11.328%;--awb-width-medium:100%;--awb-order-medium:0;--awb-spacing-right-medium:11.616%;--awb-spacing-left-medium:11.328%;--awb-width-small:100%;--awb-order-small:0;--awb-margin-top-small:3px;--awb-spacing-right-small:5.76%;--awb-margin-bottom-small:22px;--awb-spacing-left-small:5.76%;\"><div class=\"fusion-column-wrapper fusion-column-has-shadow fusion-flex-justify-content-center fusion-content-layout-row\"><div class=\"fusion-image-element \" style=\"--awb-caption-overlay-color:#ffffff;--awb-caption-title-font-family:var(--h2_typography-font-family);--awb-caption-title-font-weight:var(--h2_typography-font-weight);--awb-caption-title-font-style:var(--h2_typography-font-style);--awb-caption-title-size:var(--h2_typography-font-size);--awb-caption-title-transform:var(--h2_typography-text-transform);--awb-caption-title-line-height:var(--h2_typography-line-height);--awb-caption-title-letter-spacing:var(--h2_typography-letter-spacing);\"><span class=\" fusion-imageframe imageframe-none imageframe-3 hover-type-none\"><img decoding=\"async\" width=\"1050\" height=\"1575\" title=\"WhatsApp Image 2025-04-27 at 12.00.07\" src=\"https:\/\/leodent.tr\/wp-content\/uploads\/2025\/06\/WhatsApp-Image-2025-04-27-at-12.00.07-scaled-e1751027075265.jpeg\" alt class=\"img-responsive wp-image-3450\"\/><\/span><\/div><\/div><\/div><\/div><div class=\"fusion-separator fusion-full-width-sep\" style=\"align-self: center;margin-left: auto;margin-right: auto;flex-grow:1;width:100%;\"><\/div><div class=\"fusion-title title fusion-title-4 fusion-sep-none fusion-title-center fusion-title-text fusion-title-size-two\" style=\"--awb-text-color:var(--awb-color7);--awb-margin-top:40px;--awb-margin-right:40px;--awb-margin-bottom:25px;--awb-margin-left:40px;--awb-margin-top-small:10px;--awb-margin-right-small:0px;--awb-margin-bottom-small:10px;--awb-margin-left-small:0px;--awb-sep-color:#d1d1d1;--awb-font-size:30px;\"><h2 class=\"fusion-title-heading title-heading-center\" style=\"font-family:&quot;Barlow Condensed&quot;;font-style:normal;font-weight:500;margin:0;text-transform:var(--awb-typography1-text-transform);font-size:1em;line-height:1.2;\">Dt. Sena Beyza CAS\u0130M<\/h2><\/div><div ><a class=\"fusion-button button-flat fusion-button-default-size button-custom fusion-button-default button-3 fusion-button-default-span \" style=\"--button_bevel_color:#cbe010;--button_bevel_color_hover:#cbe010;--button_accent_color:#110911;--button_border_color:#361c36;--button_accent_hover_color:#110911;--button_border_hover_color:#361c36;--button_border_width-top:0px;--button_border_width-right:0px;--button_border_width-bottom:0px;--button_border_width-left:0px;--button-border-radius-top-left:50px;--button-border-radius-top-right:50px;--button-border-radius-bottom-right:50px;--button-border-radius-bottom-left:50px;--button_gradient_start:49%;--button_gradient_end:0%;--button_gradient_top_color:#ffffff;--button_gradient_bottom_color:#ffffff;--button_gradient_top_color_hover:#cbe010;--button_gradient_bottom_color_hover:#cbe010;--button_text_transform:var(--awb-typography3-text-transform);--button_font_size:16px;--button_line_height:1.7;--button_padding-top:12px;--button_padding-right:28px;--button_padding-bottom:12px;--button_padding-left:28px;--button_typography-letter-spacing:0px;--button_typography-font-family:&quot;Arimo&quot;;--button_typography-font-style:normal;--button_typography-font-weight:600;--button_margin-top:0px;--button_margin-right:40px;--button_margin-bottom:40px;--button_margin-left:40px;\" target=\"_self\" data-hover=\"text_slide_up\" href=\"https:\/\/leodent.tr\/dt-sena-beyza-casim\/\"><div class=\"awb-button__hover-content awb-button__hover-content--default awb-button__hover-content--centered\"><span class=\"fusion-button-text awb-button__text awb-button__text--default\">For more information <\/span><span class=\"fusion-button-text awb-button__text awb-button__text--hover\">t\u0131klay\u0131n\u0131z<\/span><\/div><\/a><\/div><\/div><\/div><\/div><\/div>\n","protected":false},"excerpt":{"rendered":"","protected":false},"author":1,"featured_media":0,"parent":0,"menu_order":0,"comment_status":"closed","ping_status":"closed","template":"100-width.php","meta":{"footnotes":""},"class_list":["post-3499","page","type-page","status-publish","hentry"],"_links":{"self":[{"href":"https:\/\/leodent.tr\/en\/wp-json\/wp\/v2\/pages\/3499","targetHints":{"allow":["GET"]}}],"collection":[{"href":"https:\/\/leodent.tr\/en\/wp-json\/wp\/v2\/pages"}],"about":[{"href":"https:\/\/leodent.tr\/en\/wp-json\/wp\/v2\/types\/page"}],"author":[{"embeddable":true,"href":"https:\/\/leodent.tr\/en\/wp-json\/wp\/v2\/users\/1"}],"replies":[{"embeddable":true,"href":"https:\/\/leodent.tr\/en\/wp-json\/wp\/v2\/comments?post=3499"}],"version-history":[{"count":0,"href":"https:\/\/leodent.tr\/en\/wp-json\/wp\/v2\/pages\/3499\/revisions"}],"wp:attachment":[{"href":"https:\/\/leodent.tr\/en\/wp-json\/wp\/v2\/media?parent=3499"}],"curies":[{"name":"wp","href":"https:\/\/api.w.org\/{rel}","templated":true}]}}