{"id":3937,"date":"2025-06-13T12:12:02","date_gmt":"2025-06-13T09:12:02","guid":{"rendered":"https:\/\/leodent.tr\/ortodonti-tedavisi\/"},"modified":"2025-07-24T13:37:10","modified_gmt":"2025-07-24T10:37:10","slug":"ortodonti-tedavisi","status":"publish","type":"page","link":"https:\/\/leodent.tr\/de\/ortodonti-tedavisi\/","title":{"rendered":"Kieferorthop\u00e4dische Behandlung"},"content":{"rendered":"<div class=\"fusion-fullwidth fullwidth-box fusion-builder-row-1 fusion-flex-container has-pattern-background has-mask-background nonhundred-percent-fullwidth non-hundred-percent-height-scrolling\" style=\"--awb-border-radius-top-left:0px;--awb-border-radius-top-right:0px;--awb-border-radius-bottom-right:0px;--awb-border-radius-bottom-left:0px;--awb-flex-wrap:wrap;\" ><div class=\"fusion-builder-row fusion-row fusion-flex-align-items-flex-start fusion-flex-content-wrap\" style=\"max-width:1248px;margin-left: calc(-4% \/ 2 );margin-right: calc(-4% \/ 2 );\"><div class=\"fusion-layout-column fusion_builder_column fusion-builder-column-0 fusion_builder_column_2_3 2_3 fusion-flex-column\" style=\"--awb-bg-size:cover;--awb-width-large:66.666666666667%;--awb-margin-top-large:0px;--awb-spacing-right-large:2.88%;--awb-margin-bottom-large:20px;--awb-spacing-left-large:2.88%;--awb-width-medium:66.666666666667%;--awb-order-medium:0;--awb-spacing-right-medium:2.88%;--awb-spacing-left-medium:2.88%;--awb-width-small:100%;--awb-order-small:0;--awb-spacing-right-small:1.92%;--awb-spacing-left-small:1.92%;\"><div class=\"fusion-column-wrapper fusion-column-has-shadow fusion-flex-justify-content-flex-start fusion-content-layout-column\"><div class=\"fusion-text fusion-text-1\" style=\"--awb-content-alignment:justify;--awb-font-size:16px;\"><h3><span style=\"color: var(--awb-color7);\">Kieferorthop\u00e4dische Behandlung: Eine Reise zu einem gesunden und sch\u00f6nen L\u00e4cheln!<\/span><\/h3>\n<p><span style=\"background-color: rgba(0, 0, 0, 0); letter-spacing: 0.24px; font-size: 16px; font-weight: 400; color: var(--awb-color7);\">St\u00f6ren Sie sich an Ihren schiefen Z\u00e4hnen, Biss-Problemen oder Kieferfehlstellungen? Genau hier kommt die kieferorthop\u00e4dische Behandlung ins Spiel! Dieses spezielle Fachgebiet der Zahnmedizin zielt darauf ab, Ihre Z\u00e4hne sowohl \u00e4sthetisch als auch funktionell in einen idealen Zustand zu bringen. Es bietet nicht nur ein sch\u00f6nes L\u00e4cheln, sondern auch eine gesunde Mundstruktur. Wenn Sie sich fragen: \u201eWie funktioniert diese Behandlung?\u201c, machen Sie sich keine Sorgen; wir erkl\u00e4ren Ihnen alles Schritt f\u00fcr Schritt und auf eine beruhigende Weise!<\/span><\/p>\n<h4><span style=\"font-size: 24px; letter-spacing: -0.36px; background-color: rgba(0, 0, 0, 0); color: var(--awb-color7);\">Was ist eine kieferorthop\u00e4dische Behandlung?<\/span><\/h4>\n<p><span style=\"letter-spacing: 0.24px; background-color: rgba(0, 0, 0, 0); color: var(--awb-color7);\">Die Kieferorthop\u00e4die ist ein Fachgebiet, das Ihre Mundgesundheit verbessert, indem es Ihre Z\u00e4hne und Ihren Kiefer in die richtige Position bringt. Sie wurde entwickelt, um Probleme wie schiefe Z\u00e4hne, einen falschen Biss (Malokklusion) oder Kieferanomalien zu korrigieren. Das Ergebnis? Ein selbstbewusstes L\u00e4cheln und ein Mund, mit dem Sie problemlos kauen und sprechen k\u00f6nnen!<\/span><\/p>\n<h4><span style=\"font-size: 24px; letter-spacing: -0.36px; background-color: rgba(0, 0, 0, 0); color: var(--awb-color7);\">Wie verl\u00e4uft die Behandlung?<\/span><\/h4>\n<p><span style=\"letter-spacing: 0.24px; background-color: rgba(0, 0, 0, 0); color: var(--awb-color7);\">Da die Z\u00e4hne jedes Menschen eine andere Geschichte erz\u00e4hlen, wird die kieferorthop\u00e4dische Behandlung individuell f\u00fcr Sie geplant. Wir verwenden verschiedene Methoden, um Ihre Z\u00e4hne und Ihren Kiefer auszurichten. Hier sind die grundlegenden Schritte dieser Reise:<\/span><\/p>\n<ol start=\"1\">\n<li>\n<p><b style=\"color: var(--awb-color7);\">Erster Schritt: Untersuchung und Planung:<\/b><span style=\"color: var(--awb-color7);\"> Ihr Zahnarzt untersucht Ihre Z\u00e4hne, Ihren Kiefer und Ihre Gesichtsstruktur im Detail. Mithilfe von R\u00f6ntgenaufnahmen und Abdr\u00fccken wird ein ma\u00dfgeschneiderter Behandlungsplan f\u00fcr Sie erstellt.<\/span><\/p>\n<\/li>\n<li>\n<p><b style=\"color: var(--awb-color7);\">Anwendung der Apparaturen:<\/b><span style=\"color: var(--awb-color7);\"> Je nach Bedarf kommen Metallbrackets, transparente Keramikbrackets oder durchsichtige Schienen (Aligner) zum Einsatz. Diese Apparaturen bewegen Ihre Z\u00e4hne langsam, aber sicher an die richtige Position.<\/span><\/p>\n<\/li>\n<li>\n<p><b style=\"color: var(--awb-color7);\">Regelm\u00e4\u00dfige Kontrollen:<\/b><span style=\"color: var(--awb-color7);\"> In regelm\u00e4\u00dfigen Abst\u00e4nden finden Kontrolltermine statt, bei denen die Apparaturen angepasst werden und sichergestellt wird, dass alles nach Plan verl\u00e4uft. Diese Besuche gew\u00e4hrleisten den bestm\u00f6glichen Fortschritt der Behandlung.<\/span><\/p>\n<\/li>\n<li>\n<p><b style=\"color: var(--awb-color7);\">Der letzte Schliff: Die Retention:<\/b><span style=\"color: var(--awb-color7);\"> Wenn Ihre Z\u00e4hne die gew\u00fcnschte Position erreicht haben, werden die Brackets entfernt oder die Aligner-Behandlung abgeschlossen. Um Ihr neues L\u00e4cheln dauerhaft zu stabilisieren, kr\u00f6nen wir den Prozess mit Retentionsger\u00e4ten (Retainern).<\/span><\/p>\n<\/li>\n<\/ol>\n<p style=\"color: var(--awb-color7);\">Die Behandlungsdauer kann von einigen Monaten bis zu zwei Jahren variieren; sie h\u00e4ngt vollst\u00e4ndig von Ihrer Zahnstruktur und Ihren Zielen ab. Ihr Zahnarzt wird Ihnen mit einem individuellen Zeitplan alles genau erkl\u00e4ren!<\/p>\n<h4><span style=\"font-size: 24px; letter-spacing: -0.36px; background-color: rgba(0, 0, 0, 0); color: var(--awb-color7);\">Wir sind f\u00fcr Sie da!<\/span><\/h4>\n<p><span style=\"letter-spacing: 0.24px; background-color: rgba(0, 0, 0, 0); color: var(--awb-color7);\">Die kieferorthop\u00e4dische Behandlung ist einer der sichersten Wege zu einem gesunden und \u00e4sthetischen L\u00e4cheln. Sie m\u00fcssen sich keine Gedanken dar\u00fcber machen, \u201ewie es wohl sein wird\u201c; dieser Prozess wurde f\u00fcr Ihren Komfort und Ihr Gl\u00fcck konzipiert. Das erste Gespr\u00e4ch mit Ihrem Zahnarzt wird all Ihre Fragen beantworten. Sind Sie bereit, dem Leben mit einem neuen L\u00e4cheln entgegenzul\u00e4cheln? Kontaktieren Sie uns; wir stehen Ihnen auf dem Weg zu einem gesunden und selbstbewussten L\u00e4cheln zur Seite!<\/span><\/p>\n<\/div><\/div><\/div><div class=\"fusion-layout-column fusion_builder_column fusion-builder-column-1 awb-sticky awb-sticky-small awb-sticky-medium awb-sticky-large fusion_builder_column_1_3 1_3 fusion-flex-column fusion-flex-align-self-flex-start fusion-animated\" style=\"--awb-padding-top:2vw;--awb-padding-right:2vw;--awb-padding-bottom:2vw;--awb-padding-left:2vw;--awb-padding-top-small:11vw;--awb-padding-right-small:11vw;--awb-padding-bottom-small:11vw;--awb-padding-left-small:11vw;--awb-overflow:hidden;--awb-bg-color:var(--awb-color3);--awb-bg-color-hover:var(--awb-color3);--awb-bg-size:cover;--awb-border-radius:6px 6px 6px 6px;--awb-width-large:33.333333333333%;--awb-margin-top-large:0px;--awb-spacing-right-large:5.76%;--awb-margin-bottom-large:0px;--awb-spacing-left-large:5.76%;--awb-width-medium:50%;--awb-order-medium:0;--awb-spacing-right-medium:3.84%;--awb-spacing-left-medium:3.84%;--awb-width-small:100%;--awb-order-small:0;--awb-spacing-right-small:1.92%;--awb-spacing-left-small:1.92%;\" data-animationType=\"fadeInUp\" data-animationDuration=\"1.5\" data-animationOffset=\"top-into-view\" data-scroll-devices=\"small-visibility,medium-visibility,large-visibility\"><div class=\"fusion-column-wrapper fusion-column-has-shadow fusion-flex-justify-content-flex-start fusion-content-layout-block\"><div class=\"fusion-title title fusion-title-1 fusion-sep-none fusion-title-center fusion-title-text fusion-title-size-two\" style=\"--awb-text-color:var(--awb-color7);--awb-margin-bottom:10px;--awb-margin-top-small:10px;--awb-margin-right-small:0px;--awb-margin-bottom-small:10px;--awb-margin-left-small:0px;\"><h2 class=\"fusion-title-heading title-heading-center\" style=\"margin:0;\">Termin erstellen<\/h2><\/div><div class=\"fusion-separator fusion-full-width-sep\" style=\"align-self: center;margin-left: auto;margin-right: auto;width:100%;\"><div class=\"fusion-separator-border sep-double\" style=\"--awb-height:20px;--awb-amount:20px;border-color:var(--awb-color3);border-top-width:1px;border-bottom-width:1px;\"><\/div><\/div><div class=\"fusion-text fusion-text-2\" style=\"--awb-content-alignment:center;--awb-font-size:17px;--awb-line-height:0.3;--awb-text-color:var(--awb-color7);\"><p class=\"p1\">F\u00fcllen Sie das Formular aus<\/p>\n<p class=\"p1\">Lassen Sie uns Kontakt zu Ihnen aufnehmen<\/p>\n<\/div><div class=\"fusion-form fusion-form-builder fusion-form-form-wrapper fusion-form-3814\" style=\"--awb-margin-top:4%;--awb-tooltip-text-color:#ffffff;--awb-tooltip-background-color:var(--awb-color7);--awb-form-placeholder-color:hsla(var(--awb-color7-h),var(--awb-color7-s),var(--awb-color7-l),calc(var(--awb-color7-a) - 50%));--awb-form-text-color:var(--awb-color7);--awb-form-label-color:var(--awb-color7);--awb-form-focus-border-color:var(--awb-color7);--awb-form-focus-border-hover-color:hsla(var(--awb-color7-h),var(--awb-color7-s),var(--awb-color7-l),calc(var(--awb-color7-a) - 50%));\" data-form-id=\"3814\" data-config=\"{&quot;form_id&quot;:3814,&quot;form_post_id&quot;:3814,&quot;post_id&quot;:3937,&quot;form_type&quot;:&quot;ajax&quot;,&quot;confirmation_type&quot;:&quot;message&quot;,&quot;redirect_url&quot;:&quot;&quot;,&quot;redirect_timeout&quot;:&quot;0&quot;,&quot;field_labels&quot;:{&quot;name_surname&quot;:&quot;&quot;,&quot;number&quot;:&quot;&quot;,&quot;email_address&quot;:&quot;&quot;,&quot;tibbi_goruntuler&quot;:&quot;&quot;},&quot;field_logics&quot;:{&quot;name_surname&quot;:&quot;&quot;,&quot;number&quot;:&quot;&quot;,&quot;email_address&quot;:&quot;&quot;,&quot;tibbi_goruntuler&quot;:&quot;&quot;,&quot;notice_1&quot;:&quot;[]&quot;,&quot;submit_1&quot;:&quot;&quot;},&quot;field_types&quot;:{&quot;name_surname&quot;:&quot;text&quot;,&quot;number&quot;:&quot;text&quot;,&quot;email_address&quot;:&quot;email&quot;,&quot;tibbi_goruntuler&quot;:&quot;upload&quot;,&quot;notice_1&quot;:&quot;notice&quot;,&quot;submit_1&quot;:&quot;submit&quot;},&quot;nonce_method&quot;:&quot;ajax&quot;,&quot;form_views&quot;:&quot;ajax&quot;,&quot;form_views_counting&quot;:&quot;all&quot;}\"><form action=\"https:\/\/leodent.tr\/de\/ortodonti-tedavisi\/\" method=\"post\" class=\"fusion-form fusion-form-3814\" enctype=\"multipart\/form-data\"><div class=\"fusion-fullwidth fullwidth-box fusion-builder-row-1-1 fusion-flex-container nonhundred-percent-fullwidth non-hundred-percent-height-scrolling\" style=\"--awb-border-radius-top-left:0px;--awb-border-radius-top-right:0px;--awb-border-radius-bottom-right:0px;--awb-border-radius-bottom-left:0px;--awb-padding-top:0px;--awb-padding-right:0px;--awb-padding-bottom:0px;--awb-padding-left:0px;--awb-margin-top:0px;--awb-margin-bottom:0px;--awb-flex-wrap:wrap;\" ><div class=\"fusion-builder-row fusion-row fusion-flex-align-items-flex-start fusion-flex-content-wrap\" style=\"width:104% !important;max-width:104% !important;margin-left: calc(-4% \/ 2 );margin-right: calc(-4% \/ 2 );\"><div class=\"fusion-layout-column fusion_builder_column fusion-builder-column-2 fusion_builder_column_1_1 1_1 fusion-flex-column\" style=\"--awb-bg-size:cover;--awb-width-large:100%;--awb-flex-grow:0;--awb-flex-shrink:0;--awb-margin-top-large:0px;--awb-spacing-right-large:1.92%;--awb-margin-bottom-large:0px;--awb-spacing-left-large:1.92%;--awb-width-medium:100%;--awb-order-medium:0;--awb-flex-grow-medium:0;--awb-flex-shrink-medium:0;--awb-spacing-right-medium:1.92%;--awb-spacing-left-medium:1.92%;--awb-width-small:100%;--awb-order-small:0;--awb-flex-grow-small:0;--awb-flex-shrink-small:0;--awb-spacing-right-small:1.92%;--awb-spacing-left-small:1.92%;\"><div class=\"fusion-column-wrapper fusion-column-has-shadow fusion-flex-justify-content-flex-start fusion-content-layout-column\"><div class=\"fusion-form-field fusion-form-text-field fusion-form-label-above\" style=\"\" data-form-id=\"3814\"><input type=\"text\" autocomplete=\"off\" name=\"name_surname\" id=\"name_surname\" value=\"\"  class=\"fusion-form-input\" required=\"true\" aria-required=\"true\" placeholder=\"Name Nachname *\" data-holds-private-data=\"false\" minlength=\"0\"\/><\/div><\/div><\/div><div class=\"fusion-layout-column fusion_builder_column fusion-builder-column-3 fusion_builder_column_1_1 1_1 fusion-flex-column\" style=\"--awb-bg-size:cover;--awb-width-large:100%;--awb-flex-grow:0;--awb-flex-shrink:0;--awb-margin-top-large:0px;--awb-spacing-right-large:1.92%;--awb-margin-bottom-large:0px;--awb-spacing-left-large:1.92%;--awb-width-medium:100%;--awb-order-medium:0;--awb-flex-grow-medium:0;--awb-flex-shrink-medium:0;--awb-spacing-right-medium:1.92%;--awb-spacing-left-medium:1.92%;--awb-width-small:100%;--awb-order-small:0;--awb-flex-grow-small:0;--awb-flex-shrink-small:0;--awb-spacing-right-small:1.92%;--awb-spacing-left-small:1.92%;\"><div class=\"fusion-column-wrapper fusion-column-has-shadow fusion-flex-justify-content-flex-start fusion-content-layout-column\"><div class=\"fusion-form-field fusion-form-text-field fusion-form-label-above\" style=\"\" data-form-id=\"3814\"><input type=\"text\" autocomplete=\"off\" name=\"number\" id=\"number\" value=\"\"  class=\"fusion-form-input\" required=\"true\" aria-required=\"true\" placeholder=\" Telefonnummer *\" data-holds-private-data=\"false\" minlength=\"0\"\/><\/div><\/div><\/div><div class=\"fusion-layout-column fusion_builder_column fusion-builder-column-4 fusion_builder_column_1_1 1_1 fusion-flex-column\" style=\"--awb-bg-size:cover;--awb-width-large:100%;--awb-flex-grow:0;--awb-flex-shrink:0;--awb-margin-top-large:0px;--awb-spacing-right-large:1.92%;--awb-margin-bottom-large:0px;--awb-spacing-left-large:1.92%;--awb-width-medium:100%;--awb-order-medium:0;--awb-flex-grow-medium:0;--awb-flex-shrink-medium:0;--awb-spacing-right-medium:1.92%;--awb-spacing-left-medium:1.92%;--awb-width-small:100%;--awb-order-small:0;--awb-flex-grow-small:0;--awb-flex-shrink-small:0;--awb-spacing-right-small:1.92%;--awb-spacing-left-small:1.92%;\"><div class=\"fusion-column-wrapper fusion-column-has-shadow fusion-flex-justify-content-flex-start fusion-content-layout-column\"><div class=\"fusion-form-field fusion-form-email-field fusion-form-label-above\" style=\"\" data-form-id=\"3814\"><input type=\"email\" autocomplete=\"off\" name=\"email_address\" id=\"email_address\" value=\"\"  class=\"fusion-form-input\" required=\"true\" aria-required=\"true\" placeholder=\"E-mail *\" data-holds-private-data=\"false\"\/><\/div><\/div><\/div><div class=\"fusion-layout-column fusion_builder_column fusion-builder-column-5 fusion_builder_column_1_1 1_1 fusion-flex-column\" style=\"--awb-bg-size:cover;--awb-width-large:100%;--awb-flex-grow:0;--awb-flex-shrink:0;--awb-margin-top-large:0px;--awb-spacing-right-large:1.92%;--awb-margin-bottom-large:0px;--awb-spacing-left-large:1.92%;--awb-width-medium:100%;--awb-order-medium:0;--awb-flex-grow-medium:0;--awb-flex-shrink-medium:0;--awb-spacing-right-medium:1.92%;--awb-spacing-left-medium:1.92%;--awb-width-small:100%;--awb-order-small:0;--awb-flex-grow-small:0;--awb-flex-shrink-small:0;--awb-spacing-right-small:1.92%;--awb-spacing-left-small:1.92%;\"><div class=\"fusion-column-wrapper fusion-column-has-shadow fusion-flex-justify-content-flex-start fusion-content-layout-column\"><div class=\"fusion-form-field fusion-form-upload-field fusion-form-label-above\" style=\"--awb-preview-thumb-width:115px;\" data-form-id=\"3814\"><div class=\"fusion-form-tooltip\"><i class=\"awb-icon-question-circle\"><\/i><span class=\"fusion-form-tooltip-content\">R\u00f6ntgenaufnahmen und medizinische Bilder<\/span><\/div><div class=\"fusion-form-input-with-icon\"><i class=\" fa-folder-open fas\"><\/i><div class=\"fusion-form-upload-field-container\"><input type=\"file\" id=\"tibbi_goruntuler\" name=\"tibbi_goruntuler[]\" value=\"\"  class=\"fusion-form-input\" placeholder=\"R\u00f6ntgenaufnahmen und medizinische Bilder \" data-size=\"20\" multiple data-single-add-remove=\"no\" data-min-upload-files=\"0\" data-max-upload-files=\"0\" data-uploads-preview=\"filenames\"\/><div class=\"fusion-form-upload-field\"  data-holds-private-data=\"false\"><span class=\"awb-upload-placeholder\" data-default=\"R\u00f6ntgenaufnahmen und medizinische Bilder\">R\u00f6ntgenaufnahmen und medizinische Bilder<\/span><div class=\"awb-uploads-preview\"><div class=\"awb-preview-thumbs\"><\/div><\/div><\/div><div ><a class=\"fusion-button button-flat button-medium button-default fusion-button-default button-1 fusion-button-default-span fusion-button-default-type fusion-form-upload-field-button\" style=\"--button-border-radius-top-left:0px;--button-border-radius-top-right:0px;--button-border-radius-bottom-right:0px;--button-border-radius-bottom-left:0px;\" target=\"_self\" href=\"javascript:void();\"><span class=\"fusion-button-text awb-button__text awb-button__text--default\">Choose File<\/span><\/a><\/div><\/div><\/div><\/div><\/div><\/div><div class=\"fusion-layout-column fusion_builder_column fusion-builder-column-6 fusion_builder_column_1_1 1_1 fusion-flex-column\" style=\"--awb-bg-size:cover;--awb-width-large:100%;--awb-flex-grow:0;--awb-flex-shrink:0;--awb-margin-top-large:0px;--awb-spacing-right-large:1.92%;--awb-margin-bottom-large:0px;--awb-spacing-left-large:1.92%;--awb-width-medium:100%;--awb-order-medium:0;--awb-flex-grow-medium:0;--awb-flex-shrink-medium:0;--awb-spacing-right-medium:1.92%;--awb-spacing-left-medium:1.92%;--awb-width-small:100%;--awb-order-small:0;--awb-flex-grow-small:0;--awb-flex-shrink-small:0;--awb-spacing-right-small:1.92%;--awb-spacing-left-small:1.92%;\"><div class=\"fusion-column-wrapper fusion-column-has-shadow fusion-flex-justify-content-flex-start fusion-content-layout-column\"><div class=\"form-submission-notices data-notice_1\" id=\"fusion-notices-1\" data-instance=\"1\"><div class=\"fusion-alert alert success alert-success fusion-alert-center fusion-form-response fusion-form-response-success awb-alert-native-link-color alert-dismissable awb-alert-close-boxed\" role=\"alert\"><div class=\"fusion-alert-content-wrapper\"><span class=\"alert-icon\"><i class=\"awb-icon-check-circle\" aria-hidden=\"true\"><\/i><\/span><span class=\"fusion-alert-content\">Ihre Nachricht wurde gesendet. Vielen Dank f\u00fcr Ihre Nachricht. Wir werden uns so schnell wie m\u00f6glich mit Ihnen in Verbindung setzen und Ihnen Informationen zukommen lassen.<\/span><\/div><button type=\"button\" class=\"close toggle-alert\" data-dismiss=\"alert\" aria-label=\"Close\">&times;<\/button><\/div><div class=\"fusion-alert alert error alert-danger fusion-alert-center fusion-form-response fusion-form-response-error awb-alert-native-link-color alert-dismissable awb-alert-close-boxed\" role=\"alert\"><div class=\"fusion-alert-content-wrapper\"><span class=\"alert-icon\"><i class=\"awb-icon-exclamation-triangle\" aria-hidden=\"true\"><\/i><\/span><span class=\"fusion-alert-content\">Es ist ein Fehler aufgetreten. Bitte \u00fcberpr\u00fcfen Sie die Details und senden Sie die Informationen erneut.<\/span><\/div><button type=\"button\" class=\"close toggle-alert\" data-dismiss=\"alert\" aria-label=\"Close\">&times;<\/button><\/div><\/div><div class=\"fusion-form-field fusion-form-submit-field fusion-form-label-above\" style=\"\" data-form-id=\"3814\"><div ><button type=\"submit\" class=\"fusion-button button-flat button-xlarge button-custom fusion-button-default button-2 fusion-button-span-yes  button-default form-form-submit\" style=\"--button_bevel_color:var(--awb-color7);--button_accent_color:var(--awb-color7);--button_accent_hover_color:var(--awb-color7);--button_border_hover_color:var(--awb-color1);--button_border_width-top:0px;--button_border_width-right:0px;--button_border_width-bottom:0px;--button_border_width-left:0px;--button_gradient_top_color:var(--awb-color1);--button_gradient_bottom_color:var(--awb-color1);--button_gradient_top_color_hover:var(--awb-color5);--button_gradient_bottom_color_hover:var(--awb-color5);--button_margin-top:15px;\" data-form-number=\"3814\" tabindex=\"\"><span class=\"fusion-button-text awb-button__text awb-button__text--default\"> Schicken<\/span><\/button><\/div><\/div><\/div><\/div><\/div><\/div><input type=\"hidden\" name=\"fusion_privacy_expiration_interval\" value=\"48\"><input type=\"hidden\" name=\"privacy_expiration_action\" value=\"anonymize\"><\/form><\/div><\/div><\/div><\/div><\/div>\n","protected":false},"excerpt":{"rendered":"","protected":false},"author":1,"featured_media":0,"parent":0,"menu_order":0,"comment_status":"closed","ping_status":"closed","template":"100-width.php","meta":{"footnotes":""},"class_list":["post-3937","page","type-page","status-publish","hentry"],"_links":{"self":[{"href":"https:\/\/leodent.tr\/de\/wp-json\/wp\/v2\/pages\/3937","targetHints":{"allow":["GET"]}}],"collection":[{"href":"https:\/\/leodent.tr\/de\/wp-json\/wp\/v2\/pages"}],"about":[{"href":"https:\/\/leodent.tr\/de\/wp-json\/wp\/v2\/types\/page"}],"author":[{"embeddable":true,"href":"https:\/\/leodent.tr\/de\/wp-json\/wp\/v2\/users\/1"}],"replies":[{"embeddable":true,"href":"https:\/\/leodent.tr\/de\/wp-json\/wp\/v2\/comments?post=3937"}],"version-history":[{"count":0,"href":"https:\/\/leodent.tr\/de\/wp-json\/wp\/v2\/pages\/3937\/revisions"}],"wp:attachment":[{"href":"https:\/\/leodent.tr\/de\/wp-json\/wp\/v2\/media?parent=3937"}],"curies":[{"name":"wp","href":"https:\/\/api.w.org\/{rel}","templated":true}]}}