{"id":3916,"date":"2025-06-13T11:56:29","date_gmt":"2025-06-13T08:56:29","guid":{"rendered":"https:\/\/leodent.tr\/implant-tedavileri\/"},"modified":"2025-07-24T13:32:35","modified_gmt":"2025-07-24T10:32:35","slug":"implant-tedavileri","status":"publish","type":"page","link":"https:\/\/leodent.tr\/de\/implant-tedavileri\/","title":{"rendered":"Implantat-Behandlungen"},"content":{"rendered":"<div class=\"fusion-fullwidth fullwidth-box fusion-builder-row-1 fusion-flex-container has-pattern-background has-mask-background nonhundred-percent-fullwidth non-hundred-percent-height-scrolling\" style=\"--awb-border-radius-top-left:0px;--awb-border-radius-top-right:0px;--awb-border-radius-bottom-right:0px;--awb-border-radius-bottom-left:0px;--awb-flex-wrap:wrap;\" ><div class=\"fusion-builder-row fusion-row fusion-flex-align-items-flex-start fusion-flex-content-wrap\" style=\"max-width:1248px;margin-left: calc(-4% \/ 2 );margin-right: calc(-4% \/ 2 );\"><div class=\"fusion-layout-column fusion_builder_column fusion-builder-column-0 fusion_builder_column_2_3 2_3 fusion-flex-column\" style=\"--awb-bg-size:cover;--awb-width-large:66.666666666667%;--awb-margin-top-large:0px;--awb-spacing-right-large:2.88%;--awb-margin-bottom-large:20px;--awb-spacing-left-large:2.88%;--awb-width-medium:66.666666666667%;--awb-order-medium:0;--awb-spacing-right-medium:2.88%;--awb-spacing-left-medium:2.88%;--awb-width-small:100%;--awb-order-small:0;--awb-spacing-right-small:1.92%;--awb-spacing-left-small:1.92%;\"><div class=\"fusion-column-wrapper fusion-column-has-shadow fusion-flex-justify-content-flex-start fusion-content-layout-column\"><div class=\"fusion-title title fusion-title-1 fusion-sep-none fusion-title-text fusion-title-size-one\" style=\"--awb-text-color:var(--awb-color7);--awb-margin-top-small:10px;--awb-margin-right-small:0px;--awb-margin-bottom-small:10px;--awb-margin-left-small:0px;--awb-font-size:36px;\"><h1 class=\"fusion-title-heading title-heading-left\" style=\"margin:0;font-size:1em;\"><h1>Implantat-Behandlung<\/h1><\/h1><\/div><div class=\"fusion-text fusion-text-1\" style=\"--awb-text-color:var(--awb-color7);\"><h4 style=\"color: var(--awb-color7);\">Was ist eine Zahnimplantat-Behandlung?<\/h4>\n<p>Die Implantatbehandlung ist eine Methode, um Ihre fehlenden Z\u00e4hne auf nat\u00fcrliche Weise zu ersetzen. In Ihren Kieferknochen werden Schrauben aus Titan oder Zirkonium eingesetzt, die die Zahnwurzel ersetzen, und darauf werden prothetische Z\u00e4hne befestigt. Das Ergebnis? Ein L\u00e4cheln, mit dem Sie sich beim Kauen, Sprechen und Lachen wieder vollst\u00e4ndig f\u00fchlen! Ideal f\u00fcr diejenigen, die eine langlebige und zuverl\u00e4ssige L\u00f6sung suchen.<\/p>\n<h4><span style=\"color: var(--awb-color7);\">Was passiert, wenn fehlende Z\u00e4hne nicht durch Implantate ersetzt werden?<\/span><\/h4>\n<p>Zahnverlust ist nicht nur ein \u00e4sthetisches Problem; Ihr Kieferknochen kann schwinden, es kann zu Asymmetrien im Gesicht kommen, das Kauen kann erschwert werden und es k\u00f6nnen sogar Verdauungsprobleme auftreten. Studien zeigen, dass selbst der Verlust eines einzigen Zahnes gesundheitliche Auswirkungen haben kann. Aber keine Sorge; mit Implantaten k\u00f6nnen Sie diese Probleme verhindern und Ihren Mund und Ihre Gesundheit sch\u00fctzen. Da andere Optionen wie Br\u00fccken das Beschleifen gesunder Z\u00e4hne erfordern, ist ein Implantat immer die nat\u00fcrlichere Wahl!<\/p>\n<h4 style=\"color: var(--awb-color7);\">F\u00fcr wen ist es geeignet?<\/h4>\n<p>Jeder \u00fcber 18 Jahre, dessen Kieferentwicklung abgeschlossen ist, kann ein Kandidat f\u00fcr ein Implantat sein. Wichtig ist, dass Sie eine gesunde Knochenstruktur und eine gute Mundhygiene haben. Selbst wenn Sie chronische Erkrankungen wie Diabetes oder Bluthochdruck haben, kann Ihr Zahnarzt Ihre Situation beurteilen und einen geeigneten Behandlungsplan erstellen. Dank moderner Technologie k\u00f6nnen Implantate nun auch in schwierigen F\u00e4llen sicher eingesetzt werden!<\/p>\n<h4 style=\"color: var(--awb-color7);\">Welche Materialien werden verwendet?<\/h4>\n<p>Das am h\u00e4ufigsten bevorzugte Material ist Titan; es ist biokompatibel, langlebig und verw\u00e4chst leicht mit dem Kieferknochen. Wenn Sie ein \u00e4sthetisches Aussehen w\u00fcnschen, ist auch Zirkonium eine gro\u00dfartige Option; es bietet besonders bei den Frontz\u00e4hnen eine nat\u00fcrliche Eleganz. Beide Materialien sind langlebig und zuverl\u00e4ssig. Ihr Zahnarzt wird die Behandlung personalisieren, indem er die f\u00fcr Sie am besten geeignete Marke und das passende Material ausw\u00e4hlt.<\/p>\n<h4 style=\"color: var(--awb-color7);\">Wie wird die Behandlung durchgef\u00fchrt?<\/h4>\n<ol start=\"1\">\n<li><b>Der erste Schritt:<\/b> Unter \u00f6rtlicher Bet\u00e4ubung wird eine kleine Vertiefung im Kieferknochen geschaffen und die Implantatschrauben werden eingesetzt. Sie werden keinen Schmerz sp\u00fcren!<\/li>\n<li><b>Die Wartezeit:<\/b> Es wird 2-4 Monate gewartet, bis das Implantat mit dem Knochen verwachsen ist (mit neuer Technologie verk\u00fcrzt sich diese Zeit). Wenn der Knochen geeignet ist, wird sofort eine provisorische Prothese eingesetzt, sodass Sie nicht zahnlos bleiben.<\/li>\n<li><b>Der letzte Schliff:<\/b> Sobald die Heilung abgeschlossen ist, wird Ihr dauerhafter prothetischer Zahn darauf platziert; Ihr L\u00e4cheln ist fertig!<\/li>\n<\/ol>\n<h4 style=\"color: var(--awb-color7);\">Worauf sollte man vor und nach der Behandlung achten?<\/h4>\n<p>Es ist sehr wichtig, vor und nach der Behandlung auf Ihre Mundhygiene zu achten. Wenn Sie rauchen, reduzieren Sie es wenn m\u00f6glich, da es die Heilung verlangsamen kann. Vermeiden Sie in der ersten Woche harte und hei\u00dfe Speisen und befolgen Sie die Empfehlungen Ihres Zahnarztes. Wenn Sie die Kontrolltermine nicht vers\u00e4umen, wird alles gut gehen!<\/p>\n<h4 style=\"color: var(--awb-color7);\">Wie ist der Heilungsprozess?<\/h4>\n<p>Anfangs sind leichte Schmerzen oder Schwellungen normal, aber sie lassen sich leicht mit Schmerzmitteln lindern. Innerhalb von 2-4 Monaten integriert sich das Implantat in Ihren Knochen. W\u00e4hrend dieses Prozesses k\u00f6nnen Sie Ihren Alltag fortsetzen, Sie m\u00fcssen Ihrem Mund nur ein wenig mehr Liebe schenken!<\/p>\n<h4><span style=\"color: var(--awb-color7);\">Wir sind f\u00fcr Sie da!<\/span><\/h4>\n<p>Die Implantatbehandlung ist eine der effektivsten M\u00f6glichkeiten, Zahnverlust zu beenden und Ihnen ein nat\u00fcrliches L\u00e4cheln zu schenken. Machen Sie sich keine Gedanken dar\u00fcber, &#8222;wie es wohl sein wird&#8220;; dieser Prozess wurde f\u00fcr Ihren Komfort und Ihr Gl\u00fcck entworfen. Ein Gespr\u00e4ch mit Ihrem Zahnarzt wird all Ihre Fragen beantworten. Sind Sie bereit, dem Leben mit einem neuen L\u00e4cheln entgegenzul\u00e4cheln? Kontaktieren Sie uns; wir sind an Ihrer Seite f\u00fcr ein gesundes und selbstbewusstes L\u00e4cheln!<\/p>\n<\/div><\/div><\/div><div class=\"fusion-layout-column fusion_builder_column fusion-builder-column-1 awb-sticky awb-sticky-small awb-sticky-medium awb-sticky-large fusion_builder_column_1_3 1_3 fusion-flex-column fusion-flex-align-self-flex-start fusion-animated\" style=\"--awb-padding-top:2vw;--awb-padding-right:2vw;--awb-padding-bottom:2vw;--awb-padding-left:2vw;--awb-padding-top-small:11vw;--awb-padding-right-small:11vw;--awb-padding-bottom-small:11vw;--awb-padding-left-small:11vw;--awb-overflow:hidden;--awb-bg-color:var(--awb-color3);--awb-bg-color-hover:var(--awb-color3);--awb-bg-size:cover;--awb-border-radius:6px 6px 6px 6px;--awb-width-large:33.333333333333%;--awb-margin-top-large:0px;--awb-spacing-right-large:5.76%;--awb-margin-bottom-large:0px;--awb-spacing-left-large:5.76%;--awb-width-medium:50%;--awb-order-medium:0;--awb-spacing-right-medium:3.84%;--awb-spacing-left-medium:3.84%;--awb-width-small:100%;--awb-order-small:0;--awb-spacing-right-small:1.92%;--awb-spacing-left-small:1.92%;\" data-animationType=\"fadeInUp\" data-animationDuration=\"1.5\" data-animationOffset=\"top-into-view\" data-scroll-devices=\"small-visibility,medium-visibility,large-visibility\"><div class=\"fusion-column-wrapper fusion-column-has-shadow fusion-flex-justify-content-flex-start fusion-content-layout-block\"><div class=\"fusion-title title fusion-title-2 fusion-sep-none fusion-title-center fusion-title-text fusion-title-size-two\" style=\"--awb-text-color:var(--awb-color7);--awb-margin-bottom:10px;--awb-margin-top-small:10px;--awb-margin-right-small:0px;--awb-margin-bottom-small:10px;--awb-margin-left-small:0px;--awb-font-size:32px;\"><h2 class=\"fusion-title-heading title-heading-center\" style=\"margin:0;font-size:1em;\">Termin erstellen<\/h2><\/div><div class=\"fusion-text fusion-text-2\" style=\"--awb-content-alignment:center;--awb-font-size:17px;--awb-line-height:0.3;--awb-text-color:var(--awb-color7);--awb-margin-top:16px;\"><p class=\"p1\">F\u00fcllen Sie das Formular aus<\/p>\n<p class=\"p1\">Lassen Sie uns Kontakt zu Ihnen aufnehmen<\/p>\n<\/div><div class=\"fusion-form fusion-form-builder fusion-form-form-wrapper fusion-form-3814\" style=\"--awb-tooltip-text-color:#ffffff;--awb-tooltip-background-color:var(--awb-color7);--awb-form-placeholder-color:hsla(var(--awb-color7-h),var(--awb-color7-s),var(--awb-color7-l),calc(var(--awb-color7-a) - 50%));--awb-form-text-color:var(--awb-color7);--awb-form-label-color:var(--awb-color7);--awb-form-focus-border-color:var(--awb-color7);--awb-form-focus-border-hover-color:hsla(var(--awb-color7-h),var(--awb-color7-s),var(--awb-color7-l),calc(var(--awb-color7-a) - 50%));\" data-form-id=\"3814\" data-config=\"{&quot;form_id&quot;:3814,&quot;form_post_id&quot;:3814,&quot;post_id&quot;:3916,&quot;form_type&quot;:&quot;ajax&quot;,&quot;confirmation_type&quot;:&quot;message&quot;,&quot;redirect_url&quot;:&quot;&quot;,&quot;redirect_timeout&quot;:&quot;0&quot;,&quot;field_labels&quot;:{&quot;name_surname&quot;:&quot;&quot;,&quot;number&quot;:&quot;&quot;,&quot;email_address&quot;:&quot;&quot;,&quot;tibbi_goruntuler&quot;:&quot;&quot;},&quot;field_logics&quot;:{&quot;name_surname&quot;:&quot;&quot;,&quot;number&quot;:&quot;&quot;,&quot;email_address&quot;:&quot;&quot;,&quot;tibbi_goruntuler&quot;:&quot;&quot;,&quot;notice_1&quot;:&quot;[]&quot;,&quot;submit_1&quot;:&quot;&quot;},&quot;field_types&quot;:{&quot;name_surname&quot;:&quot;text&quot;,&quot;number&quot;:&quot;text&quot;,&quot;email_address&quot;:&quot;email&quot;,&quot;tibbi_goruntuler&quot;:&quot;upload&quot;,&quot;notice_1&quot;:&quot;notice&quot;,&quot;submit_1&quot;:&quot;submit&quot;},&quot;nonce_method&quot;:&quot;ajax&quot;,&quot;form_views&quot;:&quot;ajax&quot;,&quot;form_views_counting&quot;:&quot;all&quot;}\"><form action=\"https:\/\/leodent.tr\/de\/implant-tedavileri\/\" method=\"post\" class=\"fusion-form fusion-form-3814\" enctype=\"multipart\/form-data\"><div class=\"fusion-fullwidth fullwidth-box fusion-builder-row-1-1 fusion-flex-container nonhundred-percent-fullwidth non-hundred-percent-height-scrolling\" style=\"--awb-border-radius-top-left:0px;--awb-border-radius-top-right:0px;--awb-border-radius-bottom-right:0px;--awb-border-radius-bottom-left:0px;--awb-padding-top:0px;--awb-padding-right:0px;--awb-padding-bottom:0px;--awb-padding-left:0px;--awb-margin-top:0px;--awb-margin-bottom:0px;--awb-flex-wrap:wrap;\" ><div class=\"fusion-builder-row fusion-row fusion-flex-align-items-flex-start fusion-flex-content-wrap\" style=\"width:104% !important;max-width:104% !important;margin-left: calc(-4% \/ 2 );margin-right: calc(-4% \/ 2 );\"><div class=\"fusion-layout-column fusion_builder_column fusion-builder-column-2 fusion_builder_column_1_1 1_1 fusion-flex-column\" style=\"--awb-bg-size:cover;--awb-width-large:100%;--awb-flex-grow:0;--awb-flex-shrink:0;--awb-margin-top-large:0px;--awb-spacing-right-large:1.92%;--awb-margin-bottom-large:0px;--awb-spacing-left-large:1.92%;--awb-width-medium:100%;--awb-order-medium:0;--awb-flex-grow-medium:0;--awb-flex-shrink-medium:0;--awb-spacing-right-medium:1.92%;--awb-spacing-left-medium:1.92%;--awb-width-small:100%;--awb-order-small:0;--awb-flex-grow-small:0;--awb-flex-shrink-small:0;--awb-spacing-right-small:1.92%;--awb-spacing-left-small:1.92%;\"><div class=\"fusion-column-wrapper fusion-column-has-shadow fusion-flex-justify-content-flex-start fusion-content-layout-column\"><div class=\"fusion-form-field fusion-form-text-field fusion-form-label-above\" style=\"\" data-form-id=\"3814\"><input type=\"text\" autocomplete=\"off\" name=\"name_surname\" id=\"name_surname\" value=\"\"  class=\"fusion-form-input\" required=\"true\" aria-required=\"true\" placeholder=\"Name Nachname *\" data-holds-private-data=\"false\" minlength=\"0\"\/><\/div><\/div><\/div><div class=\"fusion-layout-column fusion_builder_column fusion-builder-column-3 fusion_builder_column_1_1 1_1 fusion-flex-column\" style=\"--awb-bg-size:cover;--awb-width-large:100%;--awb-flex-grow:0;--awb-flex-shrink:0;--awb-margin-top-large:0px;--awb-spacing-right-large:1.92%;--awb-margin-bottom-large:0px;--awb-spacing-left-large:1.92%;--awb-width-medium:100%;--awb-order-medium:0;--awb-flex-grow-medium:0;--awb-flex-shrink-medium:0;--awb-spacing-right-medium:1.92%;--awb-spacing-left-medium:1.92%;--awb-width-small:100%;--awb-order-small:0;--awb-flex-grow-small:0;--awb-flex-shrink-small:0;--awb-spacing-right-small:1.92%;--awb-spacing-left-small:1.92%;\"><div class=\"fusion-column-wrapper fusion-column-has-shadow fusion-flex-justify-content-flex-start fusion-content-layout-column\"><div class=\"fusion-form-field fusion-form-text-field fusion-form-label-above\" style=\"\" data-form-id=\"3814\"><input type=\"text\" autocomplete=\"off\" name=\"number\" id=\"number\" value=\"\"  class=\"fusion-form-input\" required=\"true\" aria-required=\"true\" placeholder=\" Telefonnummer *\" data-holds-private-data=\"false\" minlength=\"0\"\/><\/div><\/div><\/div><div class=\"fusion-layout-column fusion_builder_column fusion-builder-column-4 fusion_builder_column_1_1 1_1 fusion-flex-column\" style=\"--awb-bg-size:cover;--awb-width-large:100%;--awb-flex-grow:0;--awb-flex-shrink:0;--awb-margin-top-large:0px;--awb-spacing-right-large:1.92%;--awb-margin-bottom-large:0px;--awb-spacing-left-large:1.92%;--awb-width-medium:100%;--awb-order-medium:0;--awb-flex-grow-medium:0;--awb-flex-shrink-medium:0;--awb-spacing-right-medium:1.92%;--awb-spacing-left-medium:1.92%;--awb-width-small:100%;--awb-order-small:0;--awb-flex-grow-small:0;--awb-flex-shrink-small:0;--awb-spacing-right-small:1.92%;--awb-spacing-left-small:1.92%;\"><div class=\"fusion-column-wrapper fusion-column-has-shadow fusion-flex-justify-content-flex-start fusion-content-layout-column\"><div class=\"fusion-form-field fusion-form-email-field fusion-form-label-above\" style=\"\" data-form-id=\"3814\"><input type=\"email\" autocomplete=\"off\" name=\"email_address\" id=\"email_address\" value=\"\"  class=\"fusion-form-input\" required=\"true\" aria-required=\"true\" placeholder=\"E-mail *\" data-holds-private-data=\"false\"\/><\/div><\/div><\/div><div class=\"fusion-layout-column fusion_builder_column fusion-builder-column-5 fusion_builder_column_1_1 1_1 fusion-flex-column\" style=\"--awb-bg-size:cover;--awb-width-large:100%;--awb-flex-grow:0;--awb-flex-shrink:0;--awb-margin-top-large:0px;--awb-spacing-right-large:1.92%;--awb-margin-bottom-large:0px;--awb-spacing-left-large:1.92%;--awb-width-medium:100%;--awb-order-medium:0;--awb-flex-grow-medium:0;--awb-flex-shrink-medium:0;--awb-spacing-right-medium:1.92%;--awb-spacing-left-medium:1.92%;--awb-width-small:100%;--awb-order-small:0;--awb-flex-grow-small:0;--awb-flex-shrink-small:0;--awb-spacing-right-small:1.92%;--awb-spacing-left-small:1.92%;\"><div class=\"fusion-column-wrapper fusion-column-has-shadow fusion-flex-justify-content-flex-start fusion-content-layout-column\"><div class=\"fusion-form-field fusion-form-upload-field fusion-form-label-above\" style=\"--awb-preview-thumb-width:115px;\" data-form-id=\"3814\"><div class=\"fusion-form-tooltip\"><i class=\"awb-icon-question-circle\"><\/i><span class=\"fusion-form-tooltip-content\">R\u00f6ntgenaufnahmen und medizinische Bilder<\/span><\/div><div class=\"fusion-form-input-with-icon\"><i class=\" fa-folder-open fas\"><\/i><div class=\"fusion-form-upload-field-container\"><input type=\"file\" id=\"tibbi_goruntuler\" name=\"tibbi_goruntuler[]\" value=\"\"  class=\"fusion-form-input\" placeholder=\"R\u00f6ntgenaufnahmen und medizinische Bilder \" data-size=\"20\" multiple data-single-add-remove=\"no\" data-min-upload-files=\"0\" data-max-upload-files=\"0\" data-uploads-preview=\"filenames\"\/><div class=\"fusion-form-upload-field\"  data-holds-private-data=\"false\"><span class=\"awb-upload-placeholder\" data-default=\"R\u00f6ntgenaufnahmen und medizinische Bilder\">R\u00f6ntgenaufnahmen und medizinische Bilder<\/span><div class=\"awb-uploads-preview\"><div class=\"awb-preview-thumbs\"><\/div><\/div><\/div><div ><a class=\"fusion-button button-flat button-medium button-default fusion-button-default button-1 fusion-button-default-span fusion-button-default-type fusion-form-upload-field-button\" style=\"--button-border-radius-top-left:0px;--button-border-radius-top-right:0px;--button-border-radius-bottom-right:0px;--button-border-radius-bottom-left:0px;\" target=\"_self\" href=\"javascript:void();\"><span class=\"fusion-button-text awb-button__text awb-button__text--default\">Choose File<\/span><\/a><\/div><\/div><\/div><\/div><\/div><\/div><div class=\"fusion-layout-column fusion_builder_column fusion-builder-column-6 fusion_builder_column_1_1 1_1 fusion-flex-column\" style=\"--awb-bg-size:cover;--awb-width-large:100%;--awb-flex-grow:0;--awb-flex-shrink:0;--awb-margin-top-large:0px;--awb-spacing-right-large:1.92%;--awb-margin-bottom-large:0px;--awb-spacing-left-large:1.92%;--awb-width-medium:100%;--awb-order-medium:0;--awb-flex-grow-medium:0;--awb-flex-shrink-medium:0;--awb-spacing-right-medium:1.92%;--awb-spacing-left-medium:1.92%;--awb-width-small:100%;--awb-order-small:0;--awb-flex-grow-small:0;--awb-flex-shrink-small:0;--awb-spacing-right-small:1.92%;--awb-spacing-left-small:1.92%;\"><div class=\"fusion-column-wrapper fusion-column-has-shadow fusion-flex-justify-content-flex-start fusion-content-layout-column\"><div class=\"form-submission-notices data-notice_1\" id=\"fusion-notices-1\" data-instance=\"1\"><div class=\"fusion-alert alert success alert-success fusion-alert-center fusion-form-response fusion-form-response-success awb-alert-native-link-color alert-dismissable awb-alert-close-boxed\" role=\"alert\"><div class=\"fusion-alert-content-wrapper\"><span class=\"alert-icon\"><i class=\"awb-icon-check-circle\" aria-hidden=\"true\"><\/i><\/span><span class=\"fusion-alert-content\">Ihre Nachricht wurde gesendet. Vielen Dank f\u00fcr Ihre Nachricht. Wir werden uns so schnell wie m\u00f6glich mit Ihnen in Verbindung setzen und Ihnen Informationen zukommen lassen.<\/span><\/div><button type=\"button\" class=\"close toggle-alert\" data-dismiss=\"alert\" aria-label=\"Close\">&times;<\/button><\/div><div class=\"fusion-alert alert error alert-danger fusion-alert-center fusion-form-response fusion-form-response-error awb-alert-native-link-color alert-dismissable awb-alert-close-boxed\" role=\"alert\"><div class=\"fusion-alert-content-wrapper\"><span class=\"alert-icon\"><i class=\"awb-icon-exclamation-triangle\" aria-hidden=\"true\"><\/i><\/span><span class=\"fusion-alert-content\">Es ist ein Fehler aufgetreten. Bitte \u00fcberpr\u00fcfen Sie die Details und senden Sie die Informationen erneut.<\/span><\/div><button type=\"button\" class=\"close toggle-alert\" data-dismiss=\"alert\" aria-label=\"Close\">&times;<\/button><\/div><\/div><div class=\"fusion-form-field fusion-form-submit-field fusion-form-label-above\" style=\"\" data-form-id=\"3814\"><div ><button type=\"submit\" class=\"fusion-button button-flat button-xlarge button-custom fusion-button-default button-2 fusion-button-span-yes  button-default form-form-submit\" style=\"--button_bevel_color:var(--awb-color7);--button_accent_color:var(--awb-color7);--button_accent_hover_color:var(--awb-color7);--button_border_hover_color:var(--awb-color1);--button_border_width-top:0px;--button_border_width-right:0px;--button_border_width-bottom:0px;--button_border_width-left:0px;--button_gradient_top_color:var(--awb-color1);--button_gradient_bottom_color:var(--awb-color1);--button_gradient_top_color_hover:var(--awb-color5);--button_gradient_bottom_color_hover:var(--awb-color5);--button_margin-top:15px;\" data-form-number=\"3814\" tabindex=\"\"><span class=\"fusion-button-text awb-button__text awb-button__text--default\"> Schicken<\/span><\/button><\/div><\/div><\/div><\/div><\/div><\/div><input type=\"hidden\" name=\"fusion_privacy_expiration_interval\" value=\"48\"><input type=\"hidden\" name=\"privacy_expiration_action\" value=\"anonymize\"><\/form><\/div><\/div><\/div><\/div><\/div>\n","protected":false},"excerpt":{"rendered":"","protected":false},"author":1,"featured_media":0,"parent":0,"menu_order":0,"comment_status":"closed","ping_status":"closed","template":"100-width.php","meta":{"footnotes":""},"class_list":["post-3916","page","type-page","status-publish","hentry"],"_links":{"self":[{"href":"https:\/\/leodent.tr\/de\/wp-json\/wp\/v2\/pages\/3916","targetHints":{"allow":["GET"]}}],"collection":[{"href":"https:\/\/leodent.tr\/de\/wp-json\/wp\/v2\/pages"}],"about":[{"href":"https:\/\/leodent.tr\/de\/wp-json\/wp\/v2\/types\/page"}],"author":[{"embeddable":true,"href":"https:\/\/leodent.tr\/de\/wp-json\/wp\/v2\/users\/1"}],"replies":[{"embeddable":true,"href":"https:\/\/leodent.tr\/de\/wp-json\/wp\/v2\/comments?post=3916"}],"version-history":[{"count":0,"href":"https:\/\/leodent.tr\/de\/wp-json\/wp\/v2\/pages\/3916\/revisions"}],"wp:attachment":[{"href":"https:\/\/leodent.tr\/de\/wp-json\/wp\/v2\/media?parent=3916"}],"curies":[{"name":"wp","href":"https:\/\/api.w.org\/{rel}","templated":true}]}}