{"id":3894,"date":"2025-06-13T11:54:43","date_gmt":"2025-06-13T08:54:43","guid":{"rendered":"https:\/\/leodent.tr\/hakkimizda\/"},"modified":"2025-07-22T13:49:10","modified_gmt":"2025-07-22T10:49:10","slug":"hakkimizda","status":"publish","type":"page","link":"https:\/\/leodent.tr\/de\/hakkimizda\/","title":{"rendered":"\u00dcBER UNS"},"content":{"rendered":"<div class=\"fusion-fullwidth fullwidth-box fusion-builder-row-1 fusion-flex-container has-pattern-background has-mask-background hundred-percent-fullwidth non-hundred-percent-height-scrolling\" style=\"--awb-border-color:var(--awb-color4);--awb-border-radius-top-left:0px;--awb-border-radius-top-right:0px;--awb-border-radius-bottom-right:0px;--awb-border-radius-bottom-left:0px;--awb-padding-top:0px;--awb-padding-right:0px;--awb-padding-bottom:0px;--awb-padding-left:0px;--awb-margin-top:0px;--awb-margin-bottom:0px;--awb-background-color:var(--awb-color1);--awb-flex-wrap:wrap;\" ><div class=\"fusion-builder-row fusion-row fusion-flex-align-items-stretch fusion-flex-content-wrap\" style=\"width:calc( 100% + 0px ) !important;max-width:calc( 100% + 0px ) !important;margin-left: calc(-0px \/ 2 );margin-right: calc(-0px \/ 2 );\"><div class=\"fusion-layout-column fusion_builder_column fusion-builder-column-0 fusion_builder_column_1_2 1_2 fusion-flex-column\" style=\"--awb-padding-right:6vw;--awb-padding-bottom:13vh;--awb-padding-left:6vw;--awb-padding-top-medium:8vw;--awb-padding-bottom-medium:8vw;--awb-padding-top-small:10vh;--awb-padding-bottom-small:10vh;--awb-bg-image:url(&#039;https:\/\/leodent.tr\/wp-content\/uploads\/2025\/06\/Artboard-1.jpg&#039;);--awb-bg-position:center top;--awb-bg-size:cover;--awb-border-color:var(--awb-color4);--awb-border-style:solid;--awb-width-large:50%;--awb-margin-top-large:0px;--awb-spacing-right-large:0px;--awb-margin-bottom-large:0px;--awb-spacing-left-large:0px;--awb-width-medium:50%;--awb-order-medium:0;--awb-spacing-right-medium:0px;--awb-spacing-left-medium:0px;--awb-width-small:100%;--awb-order-small:1;--awb-spacing-right-small:0px;--awb-spacing-left-small:0px;\" data-scroll-devices=\"small-visibility,medium-visibility,large-visibility\"><div class=\"fusion-column-wrapper fusion-column-has-shadow fusion-flex-justify-content-flex-start fusion-content-layout-column fusion-empty-column-bg-image fusion-column-has-bg-image\" data-bg-url=\"https:\/\/leodent.tr\/wp-content\/uploads\/2025\/06\/Artboard-1.jpg\"><img decoding=\"async\" class=\"fusion-empty-dims-img-placeholder fusion-no-large-visibility fusion-no-medium-visibility\" aria-label=\"Artboard 1\" src=\"data:image\/svg+xml,%3Csvg%20xmlns%3D%27http%3A%2F%2Fwww.w3.org%2F2000%2Fsvg%27%20width%3D%271600%27%20height%3D%272400%27%20viewBox%3D%270%200%201600%202400%27%3E%3Crect%20width%3D%271600%27%20height%3D%272400%27%20fill-opacity%3D%220%22%2F%3E%3C%2Fsvg%3E\"><\/div><\/div><div class=\"fusion-layout-column fusion_builder_column fusion-builder-column-1 fusion_builder_column_1_2 1_2 fusion-flex-column\" style=\"--awb-padding-top:13vh;--awb-padding-right:6vw;--awb-padding-bottom:13vh;--awb-padding-left:6vw;--awb-padding-top-medium:8vw;--awb-padding-bottom-medium:8vw;--awb-padding-top-small:10vh;--awb-padding-bottom-small:10vh;--awb-bg-size:cover;--awb-border-color:var(--awb-color4);--awb-border-style:solid;--awb-width-large:50%;--awb-margin-top-large:0px;--awb-spacing-right-large:0px;--awb-margin-bottom-large:0px;--awb-spacing-left-large:0px;--awb-width-medium:50%;--awb-order-medium:0;--awb-spacing-right-medium:0px;--awb-spacing-left-medium:0px;--awb-width-small:100%;--awb-order-small:1;--awb-spacing-right-small:0px;--awb-spacing-left-small:0px;\"><div class=\"fusion-column-wrapper fusion-column-has-shadow fusion-flex-justify-content-flex-start fusion-content-layout-column\"><div class=\"fusion-title title fusion-title-1 fusion-sep-none fusion-title-text fusion-title-size-one\" style=\"--awb-text-color:var(--awb-color7);--awb-margin-top-small:10px;--awb-margin-right-small:0px;--awb-margin-bottom-small:10px;--awb-margin-left-small:0px;\"><h1 class=\"fusion-title-heading title-heading-left\" style=\"margin:0;\"><h1>Willkommen bei Leodent Dental Clinic<\/h1><\/h1><\/div><div class=\"fusion-text fusion-text-1\" style=\"--awb-content-alignment:justify;\"><p style=\"color: var(--awb-color7);\">Frei zu l\u00e4cheln ist die sch\u00f6nste Tat der Welt. Was auch immer Sie davon abh\u00e4lt, lassen Sie es uns gemeinsam versch\u00f6nern. In unserer Klinik im Herzen von Istanbul bieten wir erstklassigen Service in einer modernen und friedlichen Umgebung, indem wir zahnmedizinische Expertise von Weltklasse mit modernster Technologie verbinden. Ob Sie uns f\u00fcr eine Routinekontrolle, eine \u00e4sthetische Zahnbehandlung oder ein umfassendes Smile Design besuchen, unser erfahrenes Team steht Ihnen bei jedem Schritt zur Seite.<\/p>\n<p><b style=\"color: var(--awb-color7);\">\u00dcber uns<\/b><span style=\"color: var(--awb-color7);\"> Die Leodent Dental Clinic hat seit ihrer Gr\u00fcndung Tausenden von Patienten in den Bereichen \u00e4sthetische Zahnheilkunde und fortschrittliche Implantattechnologien vertrauensvoll gedient. Mit unserem Qualit\u00e4tsverst\u00e4ndnis bieten wir sowohl unseren einheimischen als auch internationalen Patienten Gesundheit und \u00c4sthetik zugleich.<\/span><\/p>\n<p><b style=\"color: var(--awb-color7);\">Unsere Dienstleistungen:<\/b><\/p>\n<ul>\n<li><b style=\"color: var(--awb-color7);\">Zahnimplantate:<\/b><span style=\"color: var(--awb-color7);\"> Vervollst\u00e4ndigen Sie Ihre fehlenden Z\u00e4hne mit sicheren und effektiven Methoden.<\/span><\/li>\n<li><b style=\"color: var(--awb-color7);\">Orthodontie:<\/b><span style=\"color: var(--awb-color7);\"> Erreichen Sie ein geraderes L\u00e4cheln mit Invisalign und transparenten Alignern.<\/span><\/li>\n<li><b style=\"color: var(--awb-color7);\">\u00c4sthetische Zahnheilkunde:<\/b><span style=\"color: var(--awb-color7);\"> Erneuern Sie Ihr L\u00e4cheln mit E-max-, Zirkonium- und Laminat-Veneers.<\/span><\/li>\n<li><b style=\"color: var(--awb-color7);\">Zahnaufhellung (Bleaching):<\/b><span style=\"color: var(--awb-color7);\"> Ein strahlenderes L\u00e4cheln in nur 1 Stunde mit der In-Office-Bleaching-Methode.<\/span><\/li>\n<li><b style=\"color: var(--awb-color7);\">Allgemeine Zahnheilkunde:<\/b><span style=\"color: var(--awb-color7);\"> Sch\u00fctzen Sie Ihre Mundgesundheit mit regelm\u00e4\u00dfigen Kontrollen und professionellen Reinigungen.<\/span><\/li>\n<\/ul>\n<p style=\"color: var(--awb-color7);\">Als Leodent Dental Clinic bieten wir sowohl unseren einheimischen als auch internationalen Patienten individuelle, komfortable und zuverl\u00e4ssige L\u00f6sungen. Entdecken Sie die perfekte Harmonie von Wissenschaft und \u00c4sthetik in der Leodent Dental Clinic \u2013 denn jedes L\u00e4cheln ist wertvoll.<\/p>\n<\/div><div class=\"fusion-social-links fusion-social-links-1\" style=\"--awb-margin-top:0px;--awb-margin-right:0px;--awb-margin-bottom:0px;--awb-margin-left:0px;--awb-box-border-top:0px;--awb-box-border-right:0px;--awb-box-border-bottom:0px;--awb-box-border-left:0px;--awb-icon-colors-hover:var(--awb-color4);--awb-box-colors-hover:var(--awb-color1);--awb-box-border-color:var(--awb-color3);--awb-box-border-color-hover:var(--awb-color4);\"><div class=\"fusion-social-networks color-type-custom\"><div class=\"fusion-social-networks-wrapper\"><a class=\"fusion-social-network-icon fusion-tooltip fusion-facebook awb-icon-facebook\" style=\"color:var(--awb-color7);font-size:13px;\" data-placement=\"top\" data-title=\"Facebook\" data-toggle=\"tooltip\" title=\"Facebook\" aria-label=\"facebook\" target=\"_blank\" rel=\"noopener noreferrer\" href=\"https:\/\/www.facebook.com\/profile.php?id=61552001852562\"><\/a><a class=\"fusion-social-network-icon fusion-tooltip fusion-instagram awb-icon-instagram\" style=\"color:var(--awb-color7);font-size:13px;\" data-placement=\"top\" data-title=\"Instagram\" data-toggle=\"tooltip\" title=\"Instagram\" aria-label=\"instagram\" target=\"_blank\" rel=\"noopener noreferrer\" href=\"https:\/\/www.instagram.com\/dt.furkanozay\/\"><\/a><a class=\"fusion-social-network-icon fusion-tooltip fusion-youtube awb-icon-youtube\" style=\"color:var(--awb-color7);font-size:13px;\" data-placement=\"top\" data-title=\"YouTube\" data-toggle=\"tooltip\" title=\"YouTube\" aria-label=\"youtube\" target=\"_blank\" rel=\"noopener noreferrer\" href=\"https:\/\/www.youtube.com\/@dt.furkanozay3467\"><\/a><a class=\"fusion-social-network-icon fusion-tooltip fusion-linkedin awb-icon-linkedin\" style=\"color:var(--awb-color7);font-size:13px;\" data-placement=\"top\" data-title=\"LinkedIn\" data-toggle=\"tooltip\" title=\"LinkedIn\" aria-label=\"linkedin\" target=\"_blank\" rel=\"noopener noreferrer\" href=\"https:\/\/www.linkedin.com\/in\/furkan-%C3%B6zay-33a456132\/?originalSubdomain=tr\"><\/a><a class=\"fusion-social-network-icon fusion-tooltip fusion-whatsapp awb-icon-whatsapp\" style=\"color:var(--awb-color7);font-size:13px;\" data-placement=\"top\" data-title=\"WhatsApp\" data-toggle=\"tooltip\" title=\"WhatsApp\" aria-label=\"whatsapp\" target=\"_blank\" rel=\"noopener noreferrer\" href=\"https:\/\/api.whatsapp.com\/send\/?phone=905326524767&amp;text&amp;type=phone_number&amp;app_absent=0\"><\/a><\/div><\/div><\/div><\/div><\/div><\/div><\/div>\n","protected":false},"excerpt":{"rendered":"","protected":false},"author":1,"featured_media":0,"parent":0,"menu_order":0,"comment_status":"closed","ping_status":"closed","template":"100-width.php","meta":{"footnotes":""},"class_list":["post-3894","page","type-page","status-publish","hentry"],"_links":{"self":[{"href":"https:\/\/leodent.tr\/de\/wp-json\/wp\/v2\/pages\/3894","targetHints":{"allow":["GET"]}}],"collection":[{"href":"https:\/\/leodent.tr\/de\/wp-json\/wp\/v2\/pages"}],"about":[{"href":"https:\/\/leodent.tr\/de\/wp-json\/wp\/v2\/types\/page"}],"author":[{"embeddable":true,"href":"https:\/\/leodent.tr\/de\/wp-json\/wp\/v2\/users\/1"}],"replies":[{"embeddable":true,"href":"https:\/\/leodent.tr\/de\/wp-json\/wp\/v2\/comments?post=3894"}],"version-history":[{"count":0,"href":"https:\/\/leodent.tr\/de\/wp-json\/wp\/v2\/pages\/3894\/revisions"}],"wp:attachment":[{"href":"https:\/\/leodent.tr\/de\/wp-json\/wp\/v2\/media?parent=3894"}],"curies":[{"name":"wp","href":"https:\/\/api.w.org\/{rel}","templated":true}]}}