{"id":3857,"date":"2025-06-13T11:40:35","date_gmt":"2025-06-13T08:40:35","guid":{"rendered":"https:\/\/leodent.tr\/dis-tedavileri\/"},"modified":"2025-07-24T13:29:19","modified_gmt":"2025-07-24T10:29:19","slug":"dis-tedavileri","status":"publish","type":"page","link":"https:\/\/leodent.tr\/de\/dis-tedavileri\/","title":{"rendered":"Zahnbehandlungen"},"content":{"rendered":"<p><div class=\"fusion-fullwidth fullwidth-box fusion-builder-row-1 fusion-flex-container has-pattern-background has-mask-background nonhundred-percent-fullwidth non-hundred-percent-height-scrolling\" style=\"--awb-border-radius-top-left:0px;--awb-border-radius-top-right:0px;--awb-border-radius-bottom-right:0px;--awb-border-radius-bottom-left:0px;--awb-flex-wrap:wrap;\" ><div class=\"fusion-builder-row fusion-row fusion-flex-align-items-flex-start fusion-flex-content-wrap\" style=\"max-width:1248px;margin-left: calc(-4% \/ 2 );margin-right: calc(-4% \/ 2 );\"><div class=\"fusion-layout-column fusion_builder_column fusion-builder-column-0 fusion_builder_column_2_3 2_3 fusion-flex-column\" style=\"--awb-bg-size:cover;--awb-width-large:66.666666666667%;--awb-margin-top-large:0px;--awb-spacing-right-large:0%;--awb-margin-bottom-large:0px;--awb-spacing-left-large:0px;--awb-width-medium:66.666666666667%;--awb-order-medium:0;--awb-spacing-right-medium:0%;--awb-spacing-left-medium:0px;--awb-width-small:100%;--awb-order-small:0;--awb-spacing-right-small:1.92%;--awb-spacing-left-small:1.92%;\"><div class=\"fusion-column-wrapper fusion-column-has-shadow fusion-flex-justify-content-flex-start fusion-content-layout-row\"><div class=\"fusion-text fusion-text-1\" style=\"--awb-content-alignment:left;--awb-text-color:var(--awb-color7);\"><h3><span style=\"color: var(--awb-color7);\">Zahnbehandlungen: Grundlegende Informationen zum Schutz Ihrer Mundgesundheit<\/span><\/h3>\n<p>Die Zahngesundheit ist ein untrennbarer Bestandteil unserer allgemeinen K\u00f6rpergesundheit. Probleme im Mund- und Zahnbereich verursachen nicht nur \u00e4sthetische Bedenken, sondern k\u00f6nnen auch erhebliche Auswirkungen auf die Kaufunktion, das Sprechen und sogar das Verdauungssystem haben. Daher ist die fr\u00fchzeitige Diagnose und angemessene Behandlung von Zahnproblemen ein entscheidender Schritt, der unsere Lebensqualit\u00e4t direkt beeinflusst. Die moderne Zahnmedizin bietet heute eine breite Palette von Behandlungen f\u00fcr individuelle Bed\u00fcrfnisse. Hier sind grundlegende Informationen zu den am h\u00e4ufigsten angewandten Zahnbehandlungen:<\/p>\n<h4><span style=\"color: var(--awb-color7);\">Zahnf\u00fcllung<\/span><\/h4>\n<ul>\n<li><b>Warum wird sie angewendet?<\/b> Sie wird verwendet, um Substanzverluste zu reparieren, die durch Karies oder traumatische Sch\u00e4den am Zahn entstanden sind.<\/li>\n<li><b>Wie wird sie gemacht?<\/b> Das kari\u00f6se oder besch\u00e4digte Gewebe wird vom Zahn entfernt und der entstandene Hohlraum mit speziellen F\u00fcllungsmaterialien gef\u00fcllt. Heutzutage werden aus \u00e4sthetischen Gr\u00fcnden h\u00e4ufig Kompositf\u00fcllungen (wei\u00dfe F\u00fcllungen) bevorzugt.<\/li>\n<\/ul>\n<h4><span style=\"color: #6f2b20;\">Wurzelkanalbehandlung<\/span><\/h4>\n<ul>\n<li><b>Warum wird sie angewendet?<\/b> Sie ist notwendig, wenn das Nerven- und Gef\u00e4\u00dfgewebe (Pulpa) im Inneren des Zahnes entz\u00fcndet oder nekrotisch (abgestorben) ist. Dies \u00e4u\u00dfert sich normalerweise durch starke Schmerzen, Hei\u00df-\/Kalt-Empfindlichkeit oder Anzeichen einer Infektion.<\/li>\n<li><b>Wie wird sie gemacht?<\/b> Das entz\u00fcndete oder abgestorbene Pulpagewebe im Inneren des Zahnes wird entfernt, die Wurzelkan\u00e4le werden geformt und mit einem speziellen F\u00fcllungsmaterial verschlossen. Nach der Behandlung kann in der Regel eine Krone angebracht werden, um die Integrit\u00e4t des Zahnes zu erhalten.<\/li>\n<\/ul>\n<h4 style=\"color: var(--awb-color7);\">Zahnaufhellung (Bleaching)<\/h4>\n<ul>\n<li><b>Warum wird sie bevorzugt?<\/b> Sie wird angewendet, um \u00e4sthetisch st\u00f6rende Farbver\u00e4nderungen wie das Nachdunkeln oder Vergilben der Z\u00e4hne im Laufe der Zeit zu korrigieren.<\/li>\n<li><b>Wie wird sie gemacht?<\/b> Sie kann unter zahn\u00e4rztlicher Aufsicht in der Klinik mit speziellen Bleaching-Gelen durchgef\u00fchrt oder mit vom Zahnarzt empfohlenen Home-Bleaching-Kits zu Hause angewendet werden.<\/li>\n<\/ul>\n<h4><span style=\"color: var(--awb-color7);\">Zahnentfernung (Extraktion)<\/span><\/h4>\n<ul>\n<li><b>Wann kann sie notwendig sein?<\/b> Dies ist eine Methode f\u00fcr Z\u00e4hne, die irreparabel gesch\u00e4digt sind, nicht behandelt werden k\u00f6nnen oder aus Gr\u00fcnden wie Platzmangel im Mund entfernt werden m\u00fcssen. Insbesondere retinierte Weisheitsz\u00e4hne fallen h\u00e4ufig in diese Kategorie.<\/li>\n<li><b>Wie wird sie gemacht?<\/b> Sie wird unter \u00f6rtlicher Bet\u00e4ubung durchgef\u00fchrt, um das umliegende Gewebe so wenig wie m\u00f6glich zu traumatisieren. In einigen F\u00e4llen kann auch ein chirurgischer Eingriff erforderlich sein.<\/li>\n<\/ul>\n<h4 style=\"color: var(--awb-color7);\">Orthodontische Behandlung<\/h4>\n<ul>\n<li><b>Warum wird sie angewendet?<\/b> Sie dient der Korrektur von Zahnfehlstellungen, L\u00fccken, Kieferanomalien oder Bissst\u00f6rungen, um die Z\u00e4hne und Kiefer in die richtige Position zu bringen.<\/li>\n<li><b>Wie wird sie gemacht?<\/b> Es k\u00f6nnen traditionelle Metallbrackets und Dr\u00e4hte verwendet werden, aber heutzutage werden auch \u00e4sthetischere Alternativen wie transparente Schienen (Aligner) bevorzugt. Die Behandlungsdauer variiert je nach Mundstruktur und Schweregrad der Fehlstellung.<\/li>\n<\/ul>\n<h4><span style=\"color: var(--awb-color7);\">Implantatbehandlung<\/span><\/h4>\n<ul>\n<li><b>Wann sollte sie in Betracht gezogen werden?<\/b> Bei einem oder mehreren fehlenden Z\u00e4hnen ist sie eine langlebige L\u00f6sung, die die Funktion und \u00c4sthetik eines nat\u00fcrlichen Zahnes am besten nachahmt.<\/li>\n<li><b>Wie wird sie gemacht?<\/b> Sie beginnt mit dem Einsetzen von biokompatiblen Titanschrauben in den Kieferknochen. Nachdem diese Schrauben mit dem Knochen verwachsen sind, werden darauf prothetische Z\u00e4hne aus Materialien wie Porzellan oder Zirkonium befestigt.<\/li>\n<\/ul>\n<h4><span style=\"color: var(--awb-color7);\">Zahnfleischbehandlungen (Parodontaltherapie)<\/span><\/h4>\n<ul>\n<li><b>Warum werden sie angewendet?<\/b> Sie umfassen die Behandlung von Zahnfleischerkrankungen (Gingivitis, Parodontitis), die sich durch Symptome wie Zahnfleischbluten, Schwellungen, R\u00f6tungen, Zahnfleischr\u00fcckgang oder Mundgeruch \u00e4u\u00dfern.<\/li>\n<li><b>Wie wird sie gemacht?<\/b> Die erste Behandlungsphase umfasst in der Regel eine professionelle Zahnsteinentfernung und Wurzelgl\u00e4ttung (K\u00fcrettage). In fortgeschrittenen F\u00e4llen k\u00f6nnen auch chirurgische Eingriffe erforderlich sein, um die Gesundheit des Zahnfleisches und des Knochengewebes wiederherzustellen.<\/li>\n<\/ul>\n<h4><span style=\"color: var(--awb-color7);\">Wann sollten Sie einen Zahnarzt aufsuchen? <\/span><\/h4>\n<p><span style=\"letter-spacing: 0.24px; background-color: rgba(0, 0, 0, 0);\">Wenn Sie eines der folgenden Symptome bei sich feststellen, ist es wichtig, einen Zahnarzttermin zu vereinbaren:<\/span><\/p>\n<ul>\n<li>Anhaltende Zahnschmerzen oder Empfindlichkeit<\/li>\n<li>\u00dcberm\u00e4\u00dfige Empfindlichkeit gegen\u00fcber kalten oder hei\u00dfen Speisen<\/li>\n<li>Zahnfleischbluten oder -r\u00fcckgang<\/li>\n<li>Farbver\u00e4nderungen oder Lockerung der Z\u00e4hne<\/li>\n<li>Schlechter Mundgeruch oder st\u00e4ndige Geschmacksver\u00e4nderungen im Mund<\/li>\n<li>Beschwerden beim Essen oder Sprechen<\/li>\n<\/ul>\n<p>Denken Sie daran, dass regelm\u00e4\u00dfige zahn\u00e4rztliche Kontrollen die fr\u00fchzeitige Diagnose potenzieller Probleme und deren Behandlung mit einfacheren, pr\u00e4ventiven Methoden erm\u00f6glichen. In Ihre Mund- und Zahngesundheit zu investieren, ist einer der wichtigsten Schritte, um Ihre allgemeine Gesundheit langfristig zu sch\u00fctzen.<\/p>\n<\/div><\/div><\/div><div class=\"fusion-layout-column fusion_builder_column fusion-builder-column-1 fusion-flex-column fusion-flex-align-self-center\" style=\"--awb-padding-right:15px;--awb-padding-bottom:28px;--awb-padding-left:15px;--awb-overflow:hidden;--awb-bg-color:var(--awb-color3);--awb-bg-color-hover:var(--awb-color3);--awb-bg-size:cover;--awb-border-radius:10px 10px 10px 10px;--awb-width-large:33.33%;--awb-margin-top-large:0px;--awb-spacing-right-large:0%;--awb-margin-bottom-large:1967px;--awb-spacing-left-large:0%;--awb-width-medium:33.33%;--awb-order-medium:0;--awb-spacing-right-medium:0%;--awb-spacing-left-medium:0%;--awb-width-small:100%;--awb-order-small:0;--awb-spacing-right-small:1.92%;--awb-spacing-left-small:1.92%;\"><div class=\"fusion-column-wrapper fusion-column-has-shadow fusion-flex-justify-content-flex-start fusion-content-layout-column\"><div class=\"fusion-title title fusion-title-1 fusion-sep-none fusion-title-center fusion-title-text fusion-title-size-two\" style=\"--awb-text-color:var(--awb-color7);--awb-margin-top-small:10px;--awb-margin-right-small:0px;--awb-margin-bottom-small:10px;--awb-margin-left-small:0px;--awb-font-size:27px;\"><h2 class=\"fusion-title-heading title-heading-center\" style=\"margin:0;text-transform:uppercase;font-size:1em;\"><h4 class=\"p1\" style=\"text-align: center;\">Termin erstellen<\/h4><\/h2><\/div><div class=\"fusion-text fusion-text-2\" style=\"--awb-font-size:16px;--awb-text-color:var(--awb-color7);--awb-margin-top:-17px;\"><p class=\"p1\" style=\"text-align: center;\">F\u00fcllen Sie das Formular aus, Lassen Sie uns Kontakt zu Ihnen aufnehmen<\/p>\n<\/div><div class=\"fusion-form fusion-form-builder fusion-form-form-wrapper fusion-form-3814\" style=\"--awb-margin-top:15px;--awb-margin-right:15px;--awb-margin-bottom:15px;--awb-margin-left:15px;--awb-tooltip-text-color:#ffffff;--awb-tooltip-background-color:var(--awb-color7);--awb-form-placeholder-color:hsla(var(--awb-color7-h),var(--awb-color7-s),var(--awb-color7-l),calc(var(--awb-color7-a) - 50%));--awb-form-text-color:var(--awb-color7);--awb-form-label-color:var(--awb-color7);--awb-form-focus-border-color:var(--awb-color7);--awb-form-focus-border-hover-color:hsla(var(--awb-color7-h),var(--awb-color7-s),var(--awb-color7-l),calc(var(--awb-color7-a) - 50%));\" data-form-id=\"3814\" data-config=\"{&quot;form_id&quot;:3814,&quot;form_post_id&quot;:3814,&quot;post_id&quot;:3857,&quot;form_type&quot;:&quot;ajax&quot;,&quot;confirmation_type&quot;:&quot;message&quot;,&quot;redirect_url&quot;:&quot;&quot;,&quot;redirect_timeout&quot;:&quot;0&quot;,&quot;field_labels&quot;:{&quot;name_surname&quot;:&quot;&quot;,&quot;number&quot;:&quot;&quot;,&quot;email_address&quot;:&quot;&quot;,&quot;tibbi_goruntuler&quot;:&quot;&quot;},&quot;field_logics&quot;:{&quot;name_surname&quot;:&quot;&quot;,&quot;number&quot;:&quot;&quot;,&quot;email_address&quot;:&quot;&quot;,&quot;tibbi_goruntuler&quot;:&quot;&quot;,&quot;notice_1&quot;:&quot;[]&quot;,&quot;submit_1&quot;:&quot;&quot;},&quot;field_types&quot;:{&quot;name_surname&quot;:&quot;text&quot;,&quot;number&quot;:&quot;text&quot;,&quot;email_address&quot;:&quot;email&quot;,&quot;tibbi_goruntuler&quot;:&quot;upload&quot;,&quot;notice_1&quot;:&quot;notice&quot;,&quot;submit_1&quot;:&quot;submit&quot;},&quot;nonce_method&quot;:&quot;ajax&quot;,&quot;form_views&quot;:&quot;ajax&quot;,&quot;form_views_counting&quot;:&quot;all&quot;}\"><form action=\"https:\/\/leodent.tr\/de\/dis-tedavileri\/\" method=\"post\" class=\"fusion-form fusion-form-3814\" enctype=\"multipart\/form-data\"><div class=\"fusion-fullwidth fullwidth-box fusion-builder-row-1-1 fusion-flex-container nonhundred-percent-fullwidth non-hundred-percent-height-scrolling\" style=\"--awb-border-radius-top-left:0px;--awb-border-radius-top-right:0px;--awb-border-radius-bottom-right:0px;--awb-border-radius-bottom-left:0px;--awb-padding-top:0px;--awb-padding-right:0px;--awb-padding-bottom:0px;--awb-padding-left:0px;--awb-margin-top:0px;--awb-margin-bottom:0px;--awb-flex-wrap:wrap;\" ><div class=\"fusion-builder-row fusion-row fusion-flex-align-items-flex-start fusion-flex-content-wrap\" style=\"width:104% !important;max-width:104% !important;margin-left: calc(-4% \/ 2 );margin-right: calc(-4% \/ 2 );\"><div class=\"fusion-layout-column fusion_builder_column fusion-builder-column-2 fusion_builder_column_1_1 1_1 fusion-flex-column\" style=\"--awb-bg-size:cover;--awb-width-large:100%;--awb-flex-grow:0;--awb-flex-shrink:0;--awb-margin-top-large:0px;--awb-spacing-right-large:1.92%;--awb-margin-bottom-large:0px;--awb-spacing-left-large:1.92%;--awb-width-medium:100%;--awb-order-medium:0;--awb-flex-grow-medium:0;--awb-flex-shrink-medium:0;--awb-spacing-right-medium:1.92%;--awb-spacing-left-medium:1.92%;--awb-width-small:100%;--awb-order-small:0;--awb-flex-grow-small:0;--awb-flex-shrink-small:0;--awb-spacing-right-small:1.92%;--awb-spacing-left-small:1.92%;\"><div class=\"fusion-column-wrapper fusion-column-has-shadow fusion-flex-justify-content-flex-start fusion-content-layout-column\"><div class=\"fusion-form-field fusion-form-text-field fusion-form-label-above\" style=\"\" data-form-id=\"3814\"><input type=\"text\" autocomplete=\"off\" name=\"name_surname\" id=\"name_surname\" value=\"\"  class=\"fusion-form-input\" required=\"true\" aria-required=\"true\" placeholder=\"Name Nachname *\" data-holds-private-data=\"false\" minlength=\"0\"\/><\/div><\/div><\/div><div class=\"fusion-layout-column fusion_builder_column fusion-builder-column-3 fusion_builder_column_1_1 1_1 fusion-flex-column\" style=\"--awb-bg-size:cover;--awb-width-large:100%;--awb-flex-grow:0;--awb-flex-shrink:0;--awb-margin-top-large:0px;--awb-spacing-right-large:1.92%;--awb-margin-bottom-large:0px;--awb-spacing-left-large:1.92%;--awb-width-medium:100%;--awb-order-medium:0;--awb-flex-grow-medium:0;--awb-flex-shrink-medium:0;--awb-spacing-right-medium:1.92%;--awb-spacing-left-medium:1.92%;--awb-width-small:100%;--awb-order-small:0;--awb-flex-grow-small:0;--awb-flex-shrink-small:0;--awb-spacing-right-small:1.92%;--awb-spacing-left-small:1.92%;\"><div class=\"fusion-column-wrapper fusion-column-has-shadow fusion-flex-justify-content-flex-start fusion-content-layout-column\"><div class=\"fusion-form-field fusion-form-text-field fusion-form-label-above\" style=\"\" data-form-id=\"3814\"><input type=\"text\" autocomplete=\"off\" name=\"number\" id=\"number\" value=\"\"  class=\"fusion-form-input\" required=\"true\" aria-required=\"true\" placeholder=\" Telefonnummer *\" data-holds-private-data=\"false\" minlength=\"0\"\/><\/div><\/div><\/div><div class=\"fusion-layout-column fusion_builder_column fusion-builder-column-4 fusion_builder_column_1_1 1_1 fusion-flex-column\" style=\"--awb-bg-size:cover;--awb-width-large:100%;--awb-flex-grow:0;--awb-flex-shrink:0;--awb-margin-top-large:0px;--awb-spacing-right-large:1.92%;--awb-margin-bottom-large:0px;--awb-spacing-left-large:1.92%;--awb-width-medium:100%;--awb-order-medium:0;--awb-flex-grow-medium:0;--awb-flex-shrink-medium:0;--awb-spacing-right-medium:1.92%;--awb-spacing-left-medium:1.92%;--awb-width-small:100%;--awb-order-small:0;--awb-flex-grow-small:0;--awb-flex-shrink-small:0;--awb-spacing-right-small:1.92%;--awb-spacing-left-small:1.92%;\"><div class=\"fusion-column-wrapper fusion-column-has-shadow fusion-flex-justify-content-flex-start fusion-content-layout-column\"><div class=\"fusion-form-field fusion-form-email-field fusion-form-label-above\" style=\"\" data-form-id=\"3814\"><input type=\"email\" autocomplete=\"off\" name=\"email_address\" id=\"email_address\" value=\"\"  class=\"fusion-form-input\" required=\"true\" aria-required=\"true\" placeholder=\"E-mail *\" data-holds-private-data=\"false\"\/><\/div><\/div><\/div><div class=\"fusion-layout-column fusion_builder_column fusion-builder-column-5 fusion_builder_column_1_1 1_1 fusion-flex-column\" style=\"--awb-bg-size:cover;--awb-width-large:100%;--awb-flex-grow:0;--awb-flex-shrink:0;--awb-margin-top-large:0px;--awb-spacing-right-large:1.92%;--awb-margin-bottom-large:0px;--awb-spacing-left-large:1.92%;--awb-width-medium:100%;--awb-order-medium:0;--awb-flex-grow-medium:0;--awb-flex-shrink-medium:0;--awb-spacing-right-medium:1.92%;--awb-spacing-left-medium:1.92%;--awb-width-small:100%;--awb-order-small:0;--awb-flex-grow-small:0;--awb-flex-shrink-small:0;--awb-spacing-right-small:1.92%;--awb-spacing-left-small:1.92%;\"><div class=\"fusion-column-wrapper fusion-column-has-shadow fusion-flex-justify-content-flex-start fusion-content-layout-column\"><div class=\"fusion-form-field fusion-form-upload-field fusion-form-label-above\" style=\"--awb-preview-thumb-width:115px;\" data-form-id=\"3814\"><div class=\"fusion-form-tooltip\"><i class=\"awb-icon-question-circle\"><\/i><span class=\"fusion-form-tooltip-content\">R\u00f6ntgenaufnahmen und medizinische Bilder<\/span><\/div><div class=\"fusion-form-input-with-icon\"><i class=\" fa-folder-open fas\"><\/i><div class=\"fusion-form-upload-field-container\"><input type=\"file\" id=\"tibbi_goruntuler\" name=\"tibbi_goruntuler[]\" value=\"\"  class=\"fusion-form-input\" placeholder=\"R\u00f6ntgenaufnahmen und medizinische Bilder \" data-size=\"20\" multiple data-single-add-remove=\"no\" data-min-upload-files=\"0\" data-max-upload-files=\"0\" data-uploads-preview=\"filenames\"\/><div class=\"fusion-form-upload-field\"  data-holds-private-data=\"false\"><span class=\"awb-upload-placeholder\" data-default=\"R\u00f6ntgenaufnahmen und medizinische Bilder\">R\u00f6ntgenaufnahmen und medizinische Bilder<\/span><div class=\"awb-uploads-preview\"><div class=\"awb-preview-thumbs\"><\/div><\/div><\/div><div ><a class=\"fusion-button button-flat button-medium button-default fusion-button-default button-1 fusion-button-default-span fusion-button-default-type fusion-form-upload-field-button\" style=\"--button-border-radius-top-left:0px;--button-border-radius-top-right:0px;--button-border-radius-bottom-right:0px;--button-border-radius-bottom-left:0px;\" target=\"_self\" href=\"javascript:void();\"><span class=\"fusion-button-text awb-button__text awb-button__text--default\">Choose File<\/span><\/a><\/div><\/div><\/div><\/div><\/div><\/div><div class=\"fusion-layout-column fusion_builder_column fusion-builder-column-6 fusion_builder_column_1_1 1_1 fusion-flex-column\" style=\"--awb-bg-size:cover;--awb-width-large:100%;--awb-flex-grow:0;--awb-flex-shrink:0;--awb-margin-top-large:0px;--awb-spacing-right-large:1.92%;--awb-margin-bottom-large:0px;--awb-spacing-left-large:1.92%;--awb-width-medium:100%;--awb-order-medium:0;--awb-flex-grow-medium:0;--awb-flex-shrink-medium:0;--awb-spacing-right-medium:1.92%;--awb-spacing-left-medium:1.92%;--awb-width-small:100%;--awb-order-small:0;--awb-flex-grow-small:0;--awb-flex-shrink-small:0;--awb-spacing-right-small:1.92%;--awb-spacing-left-small:1.92%;\"><div class=\"fusion-column-wrapper fusion-column-has-shadow fusion-flex-justify-content-flex-start fusion-content-layout-column\"><div class=\"form-submission-notices data-notice_1\" id=\"fusion-notices-1\" data-instance=\"1\"><div class=\"fusion-alert alert success alert-success fusion-alert-center fusion-form-response fusion-form-response-success awb-alert-native-link-color alert-dismissable awb-alert-close-boxed\" role=\"alert\"><div class=\"fusion-alert-content-wrapper\"><span class=\"alert-icon\"><i class=\"awb-icon-check-circle\" aria-hidden=\"true\"><\/i><\/span><span class=\"fusion-alert-content\">Ihre Nachricht wurde gesendet. Vielen Dank f\u00fcr Ihre Nachricht. Wir werden uns so schnell wie m\u00f6glich mit Ihnen in Verbindung setzen und Ihnen Informationen zukommen lassen.<\/span><\/div><button type=\"button\" class=\"close toggle-alert\" data-dismiss=\"alert\" aria-label=\"Close\">&times;<\/button><\/div><div class=\"fusion-alert alert error alert-danger fusion-alert-center fusion-form-response fusion-form-response-error awb-alert-native-link-color alert-dismissable awb-alert-close-boxed\" role=\"alert\"><div class=\"fusion-alert-content-wrapper\"><span class=\"alert-icon\"><i class=\"awb-icon-exclamation-triangle\" aria-hidden=\"true\"><\/i><\/span><span class=\"fusion-alert-content\">Es ist ein Fehler aufgetreten. Bitte \u00fcberpr\u00fcfen Sie die Details und senden Sie die Informationen erneut.<\/span><\/div><button type=\"button\" class=\"close toggle-alert\" data-dismiss=\"alert\" aria-label=\"Close\">&times;<\/button><\/div><\/div><div class=\"fusion-form-field fusion-form-submit-field fusion-form-label-above\" style=\"\" data-form-id=\"3814\"><div ><button type=\"submit\" class=\"fusion-button button-flat button-xlarge button-custom fusion-button-default button-2 fusion-button-span-yes  button-default form-form-submit\" style=\"--button_bevel_color:var(--awb-color7);--button_accent_color:var(--awb-color7);--button_accent_hover_color:var(--awb-color7);--button_border_hover_color:var(--awb-color1);--button_border_width-top:0px;--button_border_width-right:0px;--button_border_width-bottom:0px;--button_border_width-left:0px;--button_gradient_top_color:var(--awb-color1);--button_gradient_bottom_color:var(--awb-color1);--button_gradient_top_color_hover:var(--awb-color5);--button_gradient_bottom_color_hover:var(--awb-color5);--button_margin-top:15px;\" data-form-number=\"3814\" tabindex=\"\"><span class=\"fusion-button-text awb-button__text awb-button__text--default\"> Schicken<\/span><\/button><\/div><\/div><\/div><\/div><\/div><\/div><input type=\"hidden\" name=\"fusion_privacy_expiration_interval\" value=\"48\"><input type=\"hidden\" name=\"privacy_expiration_action\" value=\"anonymize\"><\/form><\/div><\/div><\/div><\/div><\/div><div class=\"fusion-fullwidth fullwidth-box fusion-builder-row-2 fusion-flex-container has-pattern-background has-mask-background nonhundred-percent-fullwidth non-hundred-percent-height-scrolling\" style=\"--awb-border-radius-top-left:0px;--awb-border-radius-top-right:0px;--awb-border-radius-bottom-right:0px;--awb-border-radius-bottom-left:0px;--awb-flex-wrap:wrap;\" ><div class=\"fusion-builder-row fusion-row fusion-flex-align-items-flex-start fusion-flex-content-wrap\" style=\"max-width:1248px;margin-left: calc(-4% \/ 2 );margin-right: calc(-4% \/ 2 );\"><\/div><\/div><\/p>\n","protected":false},"excerpt":{"rendered":"","protected":false},"author":1,"featured_media":0,"parent":0,"menu_order":0,"comment_status":"closed","ping_status":"closed","template":"100-width.php","meta":{"footnotes":""},"class_list":["post-3857","page","type-page","status-publish","hentry"],"_links":{"self":[{"href":"https:\/\/leodent.tr\/de\/wp-json\/wp\/v2\/pages\/3857","targetHints":{"allow":["GET"]}}],"collection":[{"href":"https:\/\/leodent.tr\/de\/wp-json\/wp\/v2\/pages"}],"about":[{"href":"https:\/\/leodent.tr\/de\/wp-json\/wp\/v2\/types\/page"}],"author":[{"embeddable":true,"href":"https:\/\/leodent.tr\/de\/wp-json\/wp\/v2\/users\/1"}],"replies":[{"embeddable":true,"href":"https:\/\/leodent.tr\/de\/wp-json\/wp\/v2\/comments?post=3857"}],"version-history":[{"count":0,"href":"https:\/\/leodent.tr\/de\/wp-json\/wp\/v2\/pages\/3857\/revisions"}],"wp:attachment":[{"href":"https:\/\/leodent.tr\/de\/wp-json\/wp\/v2\/media?parent=3857"}],"curies":[{"name":"wp","href":"https:\/\/api.w.org\/{rel}","templated":true}]}}