{"id":3777,"date":"2025-06-13T11:49:41","date_gmt":"2025-06-13T08:49:41","guid":{"rendered":"https:\/\/leodent.tr\/dt-sena-beyza-casim\/"},"modified":"2025-07-22T13:56:36","modified_gmt":"2025-07-22T10:56:36","slug":"dt-sena-beyza-casim","status":"publish","type":"page","link":"https:\/\/leodent.tr\/de\/dt-sena-beyza-casim\/","title":{"rendered":"Dt. Sena Beyza CAS\u0130M"},"content":{"rendered":"<div class=\"fusion-fullwidth fullwidth-box fusion-builder-row-1 fusion-flex-container nonhundred-percent-fullwidth non-hundred-percent-height-scrolling\" style=\"--link_hover_color: #7a55aa;--link_color: #7a55aa;--awb-border-sizes-top:0px;--awb-border-sizes-bottom:0px;--awb-border-sizes-left:0px;--awb-border-sizes-right:0px;--awb-border-color:#f6f6f4;--awb-border-radius-top-left:0px;--awb-border-radius-top-right:0px;--awb-border-radius-bottom-right:0px;--awb-border-radius-bottom-left:0px;--awb-padding-top:80px;--awb-padding-right:30px;--awb-padding-bottom:80px;--awb-padding-left:30px;--awb-padding-top-small:45px;--awb-padding-bottom-small:45px;--awb-margin-top:0px;--awb-margin-bottom:0px;--awb-background-color:var(--awb-custom_color_1);--awb-flex-wrap:wrap;\" ><div class=\"fusion-builder-row fusion-row fusion-flex-align-items-flex-start fusion-flex-content-wrap\" style=\"max-width:1296px;margin-left: calc(-8% \/ 2 );margin-right: calc(-8% \/ 2 );\"><div class=\"fusion-layout-column fusion_builder_column fusion-builder-column-0 fusion-flex-column fusion-animated\" style=\"--awb-bg-size:cover;--awb-width-large:45%;--awb-margin-top-large:0px;--awb-spacing-right-large:3.68%;--awb-margin-bottom-large:0px;--awb-spacing-left-large:8.1777777777778%;--awb-width-medium:40%;--awb-order-medium:0;--awb-spacing-right-medium:4.14%;--awb-spacing-left-medium:9.2%;--awb-width-small:100%;--awb-order-small:0;--awb-spacing-right-small:3.68%;--awb-margin-bottom-small:55px;--awb-spacing-left-small:3.68%;\" data-animationType=\"fadeInLeft\" data-animationDuration=\"1.3\" data-animationOffset=\"top-into-view\"><div class=\"fusion-column-wrapper fusion-column-has-shadow fusion-flex-justify-content-flex-start fusion-content-layout-column\"><div class=\"fusion-image-element \" style=\"--awb-caption-title-font-family:var(--h2_typography-font-family);--awb-caption-title-font-weight:var(--h2_typography-font-weight);--awb-caption-title-font-style:var(--h2_typography-font-style);--awb-caption-title-size:var(--h2_typography-font-size);--awb-caption-title-transform:var(--h2_typography-text-transform);--awb-caption-title-line-height:var(--h2_typography-line-height);--awb-caption-title-letter-spacing:var(--h2_typography-letter-spacing);\"><span class=\" fusion-imageframe imageframe-none imageframe-1 hover-type-none\"><img decoding=\"async\" width=\"1080\" height=\"1920\" title=\"Dt. Sena Beyza CASI\u0307M\" src=\"https:\/\/leodent.tr\/wp-content\/uploads\/2025\/06\/Dt.-Sena-Beyza-CASIM.jpg\" alt class=\"img-responsive wp-image-3355\" srcset=\"https:\/\/leodent.tr\/wp-content\/uploads\/2025\/06\/Dt.-Sena-Beyza-CASIM-200x356.jpg 200w, https:\/\/leodent.tr\/wp-content\/uploads\/2025\/06\/Dt.-Sena-Beyza-CASIM-400x711.jpg 400w, https:\/\/leodent.tr\/wp-content\/uploads\/2025\/06\/Dt.-Sena-Beyza-CASIM-600x1067.jpg 600w, https:\/\/leodent.tr\/wp-content\/uploads\/2025\/06\/Dt.-Sena-Beyza-CASIM-800x1422.jpg 800w, https:\/\/leodent.tr\/wp-content\/uploads\/2025\/06\/Dt.-Sena-Beyza-CASIM.jpg 1080w\" sizes=\"(max-width: 640px) 100vw, 600px\" \/><\/span><\/div><\/div><\/div><div class=\"fusion-layout-column fusion_builder_column fusion-builder-column-1 fusion-flex-column fusion-animated\" style=\"--awb-bg-size:cover;--awb-width-large:55%;--awb-margin-top-large:0px;--awb-spacing-right-large:6.6909090909091%;--awb-margin-bottom-large:280px;--awb-spacing-left-large:3.68%;--awb-width-medium:60%;--awb-order-medium:0;--awb-spacing-right-medium:6.1333333333333%;--awb-spacing-left-medium:3.3733333333333%;--awb-width-small:100%;--awb-order-small:0;--awb-spacing-right-small:3.68%;--awb-spacing-left-small:3.68%;\" data-animationType=\"fadeInRight\" data-animationDuration=\"1.3\" data-animationOffset=\"top-into-view\"><div class=\"fusion-column-wrapper fusion-column-has-shadow fusion-flex-justify-content-flex-start fusion-content-layout-column\"><div class=\"fusion-title title fusion-title-1 fusion-sep-none fusion-title-text fusion-title-size-three\" style=\"--awb-text-color:var(--awb-color7);--awb-margin-bottom:60px;--awb-margin-top-small:10px;--awb-margin-right-small:0px;--awb-margin-bottom-small:40px;--awb-margin-left-small:0px;--awb-font-size:45px;\"><h3 class=\"fusion-title-heading title-heading-left\" style=\"margin:0;text-transform:var(--awb-typography1-text-transform);font-size:1em;line-height:1.2;\">Dt. Sena Beyza CAS\u0130M<\/h3><\/div><div class=\"fusion-text fusion-text-1 fusion-no-medium-visibility fusion-no-large-visibility\"><div id=\"model-response-message-contentr_9f7ff3dbb814fe05\" class=\"markdown markdown-main-panel stronger enable-updated-hr-color\" dir=\"ltr\">\n<p><b>Eine vielseitige Zahn\u00e4rztin und Forscherin<\/b><\/p>\n<p>Dt. Sena Beyza Casim ist eine Fachfrau, die sich nicht nur durch ihre Kompetenz in der Zahnmedizin, sondern auch durch ihren multidisziplin\u00e4ren akademischen Hintergrund und ihr tiefes Interesse an wissenschaftlicher Forschung auszeichnet. Sie absolvierte die zahnmedizinische Fakult\u00e4t der Bezmialem Vak\u0131f Universit\u00e4t. Neben ihrer zahnmedizinischen Ausbildung besitzt sie ein Associate Degree in Management von Gesundheitseinrichtungen von der Anadolu Universit\u00e4t sowie eine Ausbildung in Radio- und Fernsehprogrammgestaltung von der Universit\u00e4t Istanbul. Ihr Abschluss am Ey\u00fcbo\u011flu Wissenschaftsgymnasium als Zweitbeste (mit 80,17 Punkten) legte den Grundstein f\u00fcr ihren akademischen Erfolg.<\/p>\n<p>W\u00e4hrend ihrer Ausbildung hat sie an verschiedenen wissenschaftlichen und kulturellen Projekten mitgewirkt. Eine Teilnahmebescheinigung am European Youth Parliament, der erste Preis beim Aufsatzwettbewerb f\u00fcr Gesch\u00e4ftsethik von Rotary und eine Teilnahmebescheinigung am Forschungsprojektwettbewerb f\u00fcr Sekundarsch\u00fcler von T\u00dcB\u0130TAK im Bereich Chemie zeigen die weitreichenden Interessen und den Forschergeist von Dt. Casim. Dar\u00fcber hinaus belegen der dritte Preis beim Literaturwettbewerb der Do\u011fu\u00e7 Universit\u00e4t und der Sonderpreis der Jury bei den wissenschaftlichen Forschungsprojekten des ISTEK Belde Wissenschaftsgymnasiums nicht nur ihre wissenschaftlichen, sondern auch ihre literarischen und kreativen F\u00e4higkeiten.<\/p>\n<p>Dt. Casim verfolgt kontinuierlich die Entwicklungen in der Zahnmedizin und hat an wichtigen internationalen Veranstaltungen wie dem 101. Weltzahn\u00e4rztekongress der FDI 2013 in Istanbul und dem NYU Dentistry Summer Practicum Program teilgenommen. Als Mitglied der Akademie f\u00fcr \u00c4sthetische Zahnheilkunde (EDAD) und aktives Mitglied der Zahn\u00e4rztekammer Istanbul setzt Dt. Casim ihre berufliche Entwicklung und ihr Engagement f\u00fcr ethische Werte fort. Ihr ehrenamtliches Engagement bei Nichtregierungsorganisationen wie der Stiftung f\u00fcr leuk\u00e4miekranke Kinder (LOSEV) und der Gemeinschaft zum Vorlesen f\u00fcr Sehbehinderte (GETEM) unterstreicht ihr Bewusstsein f\u00fcr soziale Verantwortung. Mit fortgeschrittenen Englischkenntnissen ist Dt. Casim in der Lage, auch auf internationalen Plattformen zu kommunizieren.<\/p>\n<\/div>\n<div class=\"response-footer gap has-thoughts complete\">\n<div class=\"location-container\">\n<div class=\"location-text-container\"><\/div>\n<\/div>\n<\/div>\n<\/div><div class=\"fusion-separator fusion-full-width-sep\" style=\"align-self: center;margin-left: auto;margin-right: auto;width:100%;\"><div class=\"fusion-separator-border sep-single sep-solid\" style=\"--awb-height:20px;--awb-amount:20px;--awb-sep-color:rgba(26,18,38,0.2);border-color:rgba(26,18,38,0.2);border-top-width:1px;\"><\/div><\/div><div class=\"fusion-builder-row fusion-builder-row-inner fusion-row fusion-flex-align-items-flex-start fusion-flex-content-wrap\" style=\"--awb-flex-grow:0;--awb-flex-grow-medium:0;--awb-flex-grow-small:0;--awb-flex-shrink:0;--awb-flex-shrink-medium:0;--awb-flex-shrink-small:0;width:108% !important;max-width:108% !important;margin-left: calc(-8% \/ 2 );margin-right: calc(-8% \/ 2 );\"><div class=\"fusion-layout-column fusion_builder_column_inner fusion-builder-nested-column-0 fusion_builder_column_inner_1_1 1_1 fusion-flex-column fusion-flex-align-self-stretch fusion-no-small-visibility\" style=\"--awb-padding-right:50px;--awb-bg-size:cover;--awb-border-color:rgba(26,18,38,0.2);--awb-border-right:1px;--awb-border-style:solid;--awb-width-large:100%;--awb-margin-top-large:0px;--awb-spacing-right-large:0%;--awb-margin-bottom-large:0px;--awb-spacing-left-large:3.68%;--awb-width-medium:100%;--awb-order-medium:0;--awb-spacing-right-medium:0%;--awb-spacing-left-medium:3.68%;--awb-width-small:100%;--awb-order-small:0;--awb-spacing-right-small:3.68%;--awb-margin-bottom-small:30px;--awb-spacing-left-small:3.68%;\"><div class=\"fusion-column-wrapper fusion-column-has-shadow fusion-flex-justify-content-flex-end fusion-content-layout-column\"><div class=\"fusion-text fusion-text-2 fusion-text-no-margin\" style=\"--awb-font-size:16px;--awb-line-height:1.7;--awb-letter-spacing:0px;--awb-text-transform:var(--awb-typography4-text-transform);--awb-text-color:var(--awb-color5);\"><div id=\"chat-history\" class=\"chat-history-scroll-container\">\n<div id=\"a061578b4120b81e\" class=\"conversation-container message-actions-hover-boundary ng-star-inserted\">\n<div>\n<div class=\"response-container ng-tns-c2797661386-29 response-container-with-gpi ng-star-inserted response-container-has-multiple-responses\">\n<div class=\"presented-response-container ng-tns-c2797661386-29\">\n<div class=\"response-container-content ng-tns-c2797661386-29 has-thoughts\">\n<div class=\"response-content ng-tns-c2797661386-29\">\n<div id=\"model-response-message-contentr_a061578b4120b81e\" class=\"markdown markdown-main-panel stronger enable-updated-hr-color\" dir=\"ltr\">\n<h4><span style=\"color: var(--awb-color7);\">Eine vielseitige Zahn\u00e4rztin und Forscherin<\/span><\/h4>\n<p style=\"color: var(--awb-color7);\">Zahn\u00e4rztin Sena Beyza Casim ist eine Fachfrau, die sich nicht nur durch ihre Kompetenz in der Zahnmedizin, sondern auch durch ihren multidisziplin\u00e4ren akademischen Hintergrund und ihr tiefes Interesse an wissenschaftlicher Forschung auszeichnet. Sie absolvierte ihr Studium an der Zahnmedizinischen Fakult\u00e4t der Bezmialem Vak\u0131f Universit\u00e4t. Neben ihrer zahnmedizinischen Ausbildung besitzt sie ein Vordiplom (Associate Degree) in Management von Gesundheitseinrichtungen von der Anadolu Universit\u00e4t und hat eine Ausbildung in Radio- und Fernsehprogrammgestaltung an der Universit\u00e4t Istanbul absolviert. Ihr Abschluss als Zweitbeste an der Ey\u00fcbo\u011flu Science High School (mit 80.17 Punkten) legte den Grundstein f\u00fcr ihren akademischen Erfolg.<\/p>\n<p style=\"color: var(--awb-color7);\">W\u00e4hrend ihrer Ausbildung hat sie diverse wissenschaftliche und kulturelle Projekte realisiert. Eine Teilnahmebescheinigung am European Youth Parliament, der erste Preis beim Rotary-Aufsatzwettbewerb zum Thema Gesch\u00e4ftsethik und eine Teilnahmebescheinigung in der Kategorie Chemie beim T\u00dcB\u0130TAK-Forschungsprojektwettbewerb f\u00fcr Sekundarsch\u00fcler zeigen die breiten Interessen und den Forschergeist von Sena Beyza Casim. Dar\u00fcber hinaus belegen der dritte Preis beim Literaturwettbewerb der Do\u011fu\u015f Universit\u00e4t und der Sonderpreis der Jury bei den Wissenschaftsforschungsprojekten der ISTEK Belde Science High School nicht nur ihre wissenschaftlichen, sondern auch ihre literarischen und kreativen F\u00e4higkeiten.<\/p>\n<p style=\"color: var(--awb-color7);\">Sena Beyza Casim verfolgt kontinuierlich die Entwicklungen in der Zahnmedizin und hat an wichtigen internationalen Veranstaltungen wie dem 101. FDI Welt-Zahn\u00e4rztekongress 2013 in Istanbul und dem NYU Dentistry Summer Practicum Program teilgenommen. Als Mitglied der T\u00fcrkischen Akademie f\u00fcr \u00c4sthetische Zahnheilkunde (EDAD) und aktives Mitglied der Zahn\u00e4rztekammer Istanbul setzt sie ihre berufliche Entwicklung und ihr Engagement f\u00fcr ethische Werte fort. Ihr freiwilliges Engagement bei Nichtregierungsorganisationen wie der Stiftung f\u00fcr Kinder mit Leuk\u00e4mie (L\u00d6SEV) und der Lesegemeinschaft f\u00fcr Sehbehinderte (GETEM) unterstreicht zudem ihr hohes soziales Verantwortungsbewusstsein. Mit ihren fortgeschrittenen Englischkenntnissen ist Sena Beyza Casim in der Lage, auch auf internationalen Plattformen zu kommunizieren.<\/p>\n<\/div>\n<\/div>\n<\/div>\n<\/div>\n<\/div>\n<\/div>\n<\/div>\n<\/div>\n<\/div><\/div><\/div><\/div><\/div><\/div><\/div><\/div>\n","protected":false},"excerpt":{"rendered":"","protected":false},"author":1,"featured_media":0,"parent":0,"menu_order":0,"comment_status":"closed","ping_status":"closed","template":"100-width.php","meta":{"footnotes":""},"class_list":["post-3777","page","type-page","status-publish","hentry"],"_links":{"self":[{"href":"https:\/\/leodent.tr\/de\/wp-json\/wp\/v2\/pages\/3777","targetHints":{"allow":["GET"]}}],"collection":[{"href":"https:\/\/leodent.tr\/de\/wp-json\/wp\/v2\/pages"}],"about":[{"href":"https:\/\/leodent.tr\/de\/wp-json\/wp\/v2\/types\/page"}],"author":[{"embeddable":true,"href":"https:\/\/leodent.tr\/de\/wp-json\/wp\/v2\/users\/1"}],"replies":[{"embeddable":true,"href":"https:\/\/leodent.tr\/de\/wp-json\/wp\/v2\/comments?post=3777"}],"version-history":[{"count":0,"href":"https:\/\/leodent.tr\/de\/wp-json\/wp\/v2\/pages\/3777\/revisions"}],"wp:attachment":[{"href":"https:\/\/leodent.tr\/de\/wp-json\/wp\/v2\/media?parent=3777"}],"curies":[{"name":"wp","href":"https:\/\/api.w.org\/{rel}","templated":true}]}}