{"id":3768,"date":"2025-06-13T11:47:50","date_gmt":"2025-06-13T08:47:50","guid":{"rendered":"https:\/\/leodent.tr\/dt-furkan-ozay\/"},"modified":"2025-07-22T14:04:36","modified_gmt":"2025-07-22T11:04:36","slug":"dt-furkan-ozay","status":"publish","type":"page","link":"https:\/\/leodent.tr\/de\/dt-furkan-ozay\/","title":{"rendered":"Dt. Furkan \u00d6ZAY"},"content":{"rendered":"<div class=\"fusion-fullwidth fullwidth-box fusion-builder-row-1 fusion-flex-container nonhundred-percent-fullwidth non-hundred-percent-height-scrolling\" style=\"--link_hover_color: #7a55aa;--link_color: #7a55aa;--awb-border-sizes-top:0px;--awb-border-sizes-bottom:0px;--awb-border-sizes-left:0px;--awb-border-sizes-right:0px;--awb-border-color:#f6f6f4;--awb-border-radius-top-left:0px;--awb-border-radius-top-right:0px;--awb-border-radius-bottom-right:0px;--awb-border-radius-bottom-left:0px;--awb-padding-top:80px;--awb-padding-right:30px;--awb-padding-bottom:80px;--awb-padding-left:30px;--awb-padding-top-small:29px;--awb-padding-bottom-small:45px;--awb-margin-top:0px;--awb-margin-bottom:0px;--awb-margin-top-small:0px;--awb-background-color:var(--awb-custom_color_1);--awb-flex-wrap:wrap;\" ><div class=\"fusion-builder-row fusion-row fusion-flex-align-items-flex-start fusion-flex-content-wrap\" style=\"max-width:1296px;margin-left: calc(-8% \/ 2 );margin-right: calc(-8% \/ 2 );\"><div class=\"fusion-layout-column fusion_builder_column fusion-builder-column-0 fusion-flex-column fusion-animated\" style=\"--awb-padding-bottom:408px;--awb-padding-bottom-small:0px;--awb-bg-size:cover;--awb-width-large:45%;--awb-margin-top-large:0px;--awb-spacing-right-large:3.68%;--awb-margin-bottom-large:71px;--awb-spacing-left-large:8.1777777777778%;--awb-width-medium:40%;--awb-order-medium:0;--awb-spacing-right-medium:4.14%;--awb-spacing-left-medium:9.2%;--awb-width-small:100%;--awb-order-small:0;--awb-spacing-right-small:3.68%;--awb-margin-bottom-small:55px;--awb-spacing-left-small:3.68%;\" data-animationType=\"fadeInLeft\" data-animationDuration=\"1.3\" data-animationOffset=\"top-into-view\"><div class=\"fusion-column-wrapper fusion-column-has-shadow fusion-flex-justify-content-flex-start fusion-content-layout-column\"><div class=\"fusion-image-element \" style=\"--awb-caption-title-font-family:var(--h2_typography-font-family);--awb-caption-title-font-weight:var(--h2_typography-font-weight);--awb-caption-title-font-style:var(--h2_typography-font-style);--awb-caption-title-size:var(--h2_typography-font-size);--awb-caption-title-transform:var(--h2_typography-text-transform);--awb-caption-title-line-height:var(--h2_typography-line-height);--awb-caption-title-letter-spacing:var(--h2_typography-letter-spacing);\"><span class=\" fusion-imageframe imageframe-none imageframe-1 hover-type-none\"><img  alt class=\"img-responsive wp-image-2811\"\/><\/span><\/div><\/div><\/div><div class=\"fusion-layout-column fusion_builder_column fusion-builder-column-1 fusion-flex-column fusion-animated\" style=\"--awb-padding-top-small:0px;--awb-bg-size:cover;--awb-width-large:55%;--awb-margin-top-large:0px;--awb-spacing-right-large:6.6909090909091%;--awb-margin-bottom-large:280px;--awb-spacing-left-large:3.68%;--awb-width-medium:60%;--awb-order-medium:0;--awb-spacing-right-medium:6.1333333333333%;--awb-spacing-left-medium:3.3733333333333%;--awb-width-small:100%;--awb-order-small:0;--awb-margin-top-small:0px;--awb-spacing-right-small:3.22%;--awb-margin-bottom-small:0px;--awb-spacing-left-small:3.68%;\" data-animationType=\"fadeInRight\" data-animationDuration=\"1.3\" data-animationOffset=\"top-into-view\"><div class=\"fusion-column-wrapper fusion-column-has-shadow fusion-flex-justify-content-flex-start fusion-content-layout-column\"><div class=\"fusion-title title fusion-title-1 fusion-sep-none fusion-title-text fusion-title-size-one\" style=\"--awb-text-color:var(--awb-color7);--awb-margin-bottom:60px;--awb-margin-top-small:10px;--awb-margin-right-small:0px;--awb-margin-bottom-small:40px;--awb-margin-left-small:0px;--awb-font-size:45px;\"><h1 class=\"fusion-title-heading title-heading-left\" style=\"margin:0;text-transform:var(--awb-typography1-text-transform);font-size:1em;line-height:1.2;\"><p>&nbsp;Dt. Furkan \u00d6ZAY <\/p>\n<p>&nbsp;<\/p><\/h1><\/div><div class=\"fusion-separator fusion-full-width-sep\" style=\"align-self: center;margin-left: auto;margin-right: auto;width:100%;\"><div class=\"fusion-separator-border sep-single sep-solid\" style=\"--awb-height:20px;--awb-amount:20px;--awb-sep-color:rgba(26,18,38,0.2);border-color:rgba(26,18,38,0.2);border-top-width:1px;\"><\/div><\/div><div class=\"fusion-text fusion-text-1\"><div class=\"fusion-title title fusion-title-1 fusion-sep-none fusion-title-text fusion-title-size-one\">\n<p style=\"--fontsize: 64; line-height: 1.2;\"><strong><span style=\"letter-spacing: 0.24px; background-color: rgba(0, 0, 0, 0); color: #6f2b20; font-size: 24px; line-height: 36px;\" data-fusion-font=\"true\">Oralimplantologie<\/span> <span style=\"letter-spacing: 0.24px; background-color: rgba(0, 0, 0, 0); color: #6f2b20; font-size: 24px; line-height: 36px;\" data-fusion-font=\"true\">und \u00e4sthetische Zahnmedizin<\/span><\/strong><\/p>\n<\/div>\n<div class=\"fusion-text fusion-text-1\">\n<p><span style=\"color: var(--awb-color7);\">Zahnimplantate und Smile Design \u2013 Dt. Furkan \u00d6zay wurde in Kayseri geboren. Er hat seine Schulausbildung in Konya absolviert. Konya Hekimo\u011flu Anadolu High School mit Auszeichnung abgeschlossen<\/span><span style=\"color: var(--awb-color7);\">hat. Er hat sein Studium an der Fakult\u00e4t f\u00fcr Zahnmedizin der Universit\u00e4t Istanbul abgeschlossen. Er hat seine Abschlussarbeit zum Thema \u201eStrahlentherapie im Kopf-Hals-Bereich\u201c geschrieben. W\u00e4hrend seines Studiums hat er Forschungen und Beobachtungen zu Implantatbehandlungen und chirurgischen Eingriffen bei Patienten durchgef\u00fchrt, die sich einer Strahlentherapie unterzogen hatten.<\/span><\/p>\n<p><span style=\"color: var(--awb-color7);\">Nach seinem Bachelorstudium begann er sein Doktoratsstudium an der Istanbul University im Fachbereich Oral Implantologie. Unser Arzt, der derzeit in derselben Abteilung t\u00e4tig ist, arbeitet an seiner Doktorarbeit zum Thema \u201eRetrospektive Untersuchung von Zahnimplantaten nach Sinuslift\u201c. W\u00e4hrend seiner Promotion hat er an verschiedenen nationalen und internationalen Kongressen teilgenommen. Im Jahr 2023 wird auf der Tagung der International Team For Implantology Turkey Section das Thema \u201eAnteri<\/span><span style=\"color: var(--awb-color7);\">oder in der Region hat er seinen Kollegen bei einem gut besuchten Symposium eine Pr\u00e4sentation zum Thema \u201eSofortimplantate\u201d gehalten.<\/span><\/p>\n<p style=\"color: var(--awb-color7);\">Seine berufliche T\u00e4tigkeit konzentriert sich vor allem auf Implantate, Sofortimplantate, die Herstellung von provisorischen Z\u00e4hnen unmittelbar nach der Implantation, nahtlose Implantate, chirurgisch gef\u00fchrte Implantate, Sinuslifting, Augmentationen mit Knochenmehl, Botox, Masseter, Zahnknirschen-Behandlung, Smile Design, All-on-Four, All-on-Six-Implantate und Laminate sowie E-Max-Anwendungen.<\/p>\n<p style=\"color: var(--awb-color7);\">Als Klinikerin behandelt sie seit Jahren Patienten in Ni\u015fanta\u015f\u0131, Istanbul. Gleichzeitig behandelt er Privatpatienten in Dubai mit einer von der Dubai Health Authority (Gesundheitsbeh\u00f6rde von Dubai) erteilten Gleichwertigkeitsbescheinigung.<\/p>\n<p style=\"color: var(--awb-color7);\">Er ist mit der Kieferorthop\u00e4din Ay\u015feg\u00fcl Ural \u00d6zay verheiratet und Vater der Zwillinge Mert und Berk.<\/p>\n<h3 class=\"fusion-responsive-typography-calculated\" style=\"color: var(--awb-color7); --fontsize: 36; line-height: 1.2;\" data-fontsize=\"36\" data-lineheight=\"43.2px\">Mitgliedschaften in Verb\u00e4nden<\/h3>\n<ul>\n<li><span style=\"color: var(--awb-color7);\">TDB (T\u00fcrkischer Zahn\u00e4rzteverband)<\/span><\/li>\n<li><span style=\"color: var(--awb-color7);\">TOID (T\u00fcrkische Gesellschaft f\u00fcr orale Implantologie)<\/span><\/li>\n<li><span style=\"color: var(--awb-color7);\">ITI (Internationales Team f\u00fcr Implantologie)<\/span><\/li>\n<li><span style=\"color: var(--awb-color7);\">EAO (Europ\u00e4ische Gesellschaft f\u00fcr Osseointegration)<\/span><\/li>\n<li><span style=\"color: var(--awb-color7);\">OSSEDER (Verein Osseointegration)<\/span><\/li>\n<li><span style=\"color: var(--awb-color7);\">EDAD (\u00c4sthetische Zahnmedizinische Akademie Vereinigung)<\/span><\/li>\n<\/ul>\n<\/div>\n<\/div><div class=\"fusion-social-links fusion-social-links-1\" style=\"--awb-margin-top:0px;--awb-margin-right:0px;--awb-margin-bottom:0px;--awb-margin-left:0px;--awb-box-border-top:0px;--awb-box-border-right:0px;--awb-box-border-bottom:0px;--awb-box-border-left:0px;--awb-icon-colors-hover:var(--awb-color4);--awb-box-colors-hover:var(--awb-color1);--awb-box-border-color:var(--awb-color3);--awb-box-border-color-hover:var(--awb-color4);\"><div class=\"fusion-social-networks color-type-custom\"><div class=\"fusion-social-networks-wrapper\"><a class=\"fusion-social-network-icon fusion-tooltip fusion-facebook awb-icon-facebook\" style=\"color:var(--awb-color6);font-size:13px;\" data-placement=\"top\" data-title=\"Facebook\" data-toggle=\"tooltip\" title=\"Facebook\" aria-label=\"facebook\" target=\"_blank\" rel=\"noopener noreferrer\" href=\"https:\/\/www.facebook.com\/profile.php?id=61552001852562\"><\/a><a class=\"fusion-social-network-icon fusion-tooltip fusion-instagram awb-icon-instagram\" style=\"color:var(--awb-color6);font-size:13px;\" data-placement=\"top\" data-title=\"Instagram\" data-toggle=\"tooltip\" title=\"Instagram\" aria-label=\"instagram\" target=\"_blank\" rel=\"noopener noreferrer\" href=\"https:\/\/www.instagram.com\/dt.furkanozay\/\"><\/a><a class=\"fusion-social-network-icon fusion-tooltip fusion-youtube awb-icon-youtube\" style=\"color:var(--awb-color6);font-size:13px;\" data-placement=\"top\" data-title=\"YouTube\" data-toggle=\"tooltip\" title=\"YouTube\" aria-label=\"youtube\" target=\"_blank\" rel=\"noopener noreferrer\" href=\"https:\/\/www.youtube.com\/@dt.furkanozay3467\"><\/a><a class=\"fusion-social-network-icon fusion-tooltip fusion-linkedin awb-icon-linkedin\" style=\"color:var(--awb-color6);font-size:13px;\" data-placement=\"top\" data-title=\"LinkedIn\" data-toggle=\"tooltip\" title=\"LinkedIn\" aria-label=\"linkedin\" target=\"_blank\" rel=\"noopener noreferrer\" href=\"https:\/\/www.linkedin.com\/in\/furkan-%C3%B6zay-33a456132\/?originalSubdomain=tr\"><\/a><a class=\"fusion-social-network-icon fusion-tooltip fusion-whatsapp awb-icon-whatsapp\" style=\"color:var(--awb-color6);font-size:13px;\" data-placement=\"top\" data-title=\"WhatsApp\" data-toggle=\"tooltip\" title=\"WhatsApp\" aria-label=\"whatsapp\" target=\"_blank\" rel=\"noopener noreferrer\" href=\"https:\/\/api.whatsapp.com\/send\/?phone=905326524767&amp;text&amp;type=phone_number&amp;app_absent=0\"><\/a><\/div><\/div><\/div><\/div><\/div><\/div><\/div>\n","protected":false},"excerpt":{"rendered":"","protected":false},"author":1,"featured_media":0,"parent":0,"menu_order":0,"comment_status":"closed","ping_status":"closed","template":"100-width.php","meta":{"footnotes":""},"class_list":["post-3768","page","type-page","status-publish","hentry"],"_links":{"self":[{"href":"https:\/\/leodent.tr\/de\/wp-json\/wp\/v2\/pages\/3768","targetHints":{"allow":["GET"]}}],"collection":[{"href":"https:\/\/leodent.tr\/de\/wp-json\/wp\/v2\/pages"}],"about":[{"href":"https:\/\/leodent.tr\/de\/wp-json\/wp\/v2\/types\/page"}],"author":[{"embeddable":true,"href":"https:\/\/leodent.tr\/de\/wp-json\/wp\/v2\/users\/1"}],"replies":[{"embeddable":true,"href":"https:\/\/leodent.tr\/de\/wp-json\/wp\/v2\/comments?post=3768"}],"version-history":[{"count":0,"href":"https:\/\/leodent.tr\/de\/wp-json\/wp\/v2\/pages\/3768\/revisions"}],"wp:attachment":[{"href":"https:\/\/leodent.tr\/de\/wp-json\/wp\/v2\/media?parent=3768"}],"curies":[{"name":"wp","href":"https:\/\/api.w.org\/{rel}","templated":true}]}}