{"id":3726,"date":"2025-06-13T11:34:40","date_gmt":"2025-06-13T08:34:40","guid":{"rendered":"https:\/\/leodent.tr\/cene-cerrahisi\/"},"modified":"2025-07-28T13:44:35","modified_gmt":"2025-07-28T10:44:35","slug":"cene-cerrahisi","status":"publish","type":"page","link":"https:\/\/leodent.tr\/de\/cene-cerrahisi\/","title":{"rendered":"Kieferchirurgie"},"content":{"rendered":"<div class=\"fusion-fullwidth fullwidth-box fusion-builder-row-1 fusion-flex-container has-pattern-background has-mask-background nonhundred-percent-fullwidth non-hundred-percent-height-scrolling\" style=\"--awb-border-radius-top-left:0px;--awb-border-radius-top-right:0px;--awb-border-radius-bottom-right:0px;--awb-border-radius-bottom-left:0px;--awb-padding-top-small:0px;--awb-margin-top-small:0px;--awb-flex-wrap:wrap;\" ><div class=\"fusion-builder-row fusion-row fusion-flex-align-items-flex-start fusion-flex-content-wrap\" style=\"max-width:1248px;margin-left: calc(-4% \/ 2 );margin-right: calc(-4% \/ 2 );\"><div class=\"fusion-layout-column fusion_builder_column fusion-builder-column-0 fusion_builder_column_2_3 2_3 fusion-flex-column\" style=\"--awb-padding-top-small:0px;--awb-bg-size:cover;--awb-width-large:66.666666666667%;--awb-margin-top-large:0px;--awb-spacing-right-large:2.88%;--awb-margin-bottom-large:20px;--awb-spacing-left-large:2.88%;--awb-width-medium:66.666666666667%;--awb-order-medium:0;--awb-spacing-right-medium:2.88%;--awb-spacing-left-medium:2.88%;--awb-width-small:100%;--awb-order-small:1;--awb-margin-top-small:0px;--awb-spacing-right-small:1.92%;--awb-spacing-left-small:1.92%;\"><div class=\"fusion-column-wrapper fusion-column-has-shadow fusion-flex-justify-content-flex-start fusion-content-layout-column\"><div class=\"fusion-text fusion-text-1 fusion-no-small-visibility\"><h3 style=\"color: var(--awb-color7);\">Mund-, Kiefer- und Gesichtschirurgie<\/h3>\n<p style=\"color: var(--awb-color7);\">Die Mund-, Zahn- und Kieferchirurgie ist eines der Fachgebiete der Zahnmedizin, das chirurgische Eingriffe in Diagnose- und Behandlungsverfahren umfasst. In diesem Bereich werden alle chirurgischen Eingriffe im Zusammenhang mit den Z\u00e4hnen sowie die Behandlung von Pathologien im Gesichts- und Kieferbereich durchgef\u00fchrt.<\/p>\n<p style=\"color: var(--awb-color7);\">Heute hat sich der Anwendungsbereich der Kieferchirurgie erheblich erweitert. Zu den wichtigsten Anwendungen geh\u00f6ren Zystenoperationen im Kieferknochen, die Extraktion von durchgebrochenen Weisheitsz\u00e4hnen, die Behandlung von intraoralen Weichgewebsl\u00e4sionen, Kiefergelenkserkrankungen, Kieferbr\u00fcchen und die Operation von intraoralen Tumoren. Diese Eingriffe werden von spezialisierten \u00c4rzten geplant und sorgf\u00e4ltig durchgef\u00fchrt.<\/p>\n<h4 style=\"color: var(--awb-color7);\">Was ist nach der Operation zu erwarten?<\/h4>\n<p style=\"color: var(--awb-color7);\">Dank der modernen Operationstechniken sind Schmerzen, Schwellungen und Blutungen nach dem Eingriff minimal. Der Heilungsprozess verl\u00e4uft in der Regel reibungslos, wenn geeignete Medikamente eingenommen werden, K\u00e4lteanwendungen erfolgen und auf die Mundhygiene geachtet wird. Der Prozess wird mit speziellen Pflegeempfehlungen f\u00fcr jeden Patienten kontrolliert abgeschlossen.<\/p>\n<h4 style=\"color: var(--awb-color7);\">Technologische Unterst\u00fctzung und Anwendungsbedingungen<\/h4>\n<p style=\"color: var(--awb-color7);\">Einer der wichtigsten Faktoren f\u00fcr den Erfolg in der Mund-, Zahn- und Kieferchirurgie ist die eingesetzte Technik. Aktuelle bildgebende Systeme, lasergest\u00fctzte Ger\u00e4te und chirurgische Ausr\u00fcstung verk\u00fcrzen die Eingriffszeit und erh\u00f6hen den Patientenkomfort. Eine m\u00f6glichst geringe Traumatisierung des Gewebes w\u00e4hrend der Anwendung wirkt sich positiv auf den Heilungsprozess aus.<\/p>\n<h4 style=\"color: var(--awb-color7);\">Welche Anwendungen gibt es in der Mund-, Kiefer- und Gesichtschirurgie?<\/h4>\n<h4 data-fusion-font=\"true\" style=\"font-size: 22px; color: var(--awb-color7);\">Zahnextraktion<\/h4>\n<p style=\"color: var(--awb-color7);\">Eine Extraktion kann aufgrund von Karies, Frakturen, Parodontalerkrankungen oder aus kieferorthop\u00e4dischen Gr\u00fcnden erforderlich sein. Bei chirurgischen Zahnextraktionen wird der Eingriff unter Erhaltung von Weichgewebe und Knochen durchgef\u00fchrt.<\/p>\n<h4 data-fusion-font=\"true\" style=\"font-size: 22px; color: var(--awb-color7);\">Weisheitszahn-Operationen<\/h4>\n<p style=\"color: var(--awb-color7);\">Weisheitsz\u00e4hne, die sich nicht an die Kieferstruktur anpassen oder impaktiert sind, werden chirurgisch entfernt, um eine Sch\u00e4digung des umliegenden Gewebes zu verhindern.<\/p>\n<h3 data-fusion-font=\"true\" style=\"font-size: 22px; color: var(--awb-color7);\">Implantat-Chirurgie<\/h3>\n<p style=\"color: var(--awb-color7);\">Anstelle der fehlenden Z\u00e4hne wird festsitzender Zahnersatz mit Titanimplantaten in den Kieferknochen eingesetzt. Diese Methode, die die nat\u00fcrliche Zahnstruktur nachahmt, bietet \u00e4sthetisch und funktionell erfolgreiche Ergebnisse.<\/p>\n<h3 data-fusion-font=\"true\" style=\"font-size: 22px; color: var(--awb-color7);\">Zysten- und Tumorchirurgie<\/h3>\n<p style=\"color: var(--awb-color7);\">Zysten- oder Tumorbildungen, die sich im Kieferknochen oder in den Weichteilen bilden, werden nach radiologischer Beurteilung operativ entfernt.<\/p>\n<h3 data-fusion-font=\"true\" style=\"font-size: 22px; color: var(--awb-color7);\">Orthognatische Chirurgie<\/h3>\n<p style=\"color: var(--awb-color7);\">Diese Methode, die zur Korrektur von Unvertr\u00e4glichkeiten zwischen den Kieferknochen eingesetzt wird, ist zusammen mit der Kieferorthop\u00e4die zur L\u00f6sung von Skelettproblemen vorgesehen.<\/p>\n<h3 data-fusion-font=\"true\" style=\"font-size: 22px; color: var(--awb-color7);\">Gelenkbehandlungen<\/h3>\n<p style=\"color: var(--awb-color7);\">Chirurgische Eingriffe k\u00f6nnen erforderlich sein, wenn konservative Behandlungen bei Beschwerden wie Schmerzen, eingeschr\u00e4nkter \u00d6ffnung oder Ger\u00e4uschen im Kiefergelenk unzureichend sind.<\/p>\n<h3 data-fusion-font=\"true\" style=\"font-size: 22px; color: var(--awb-color7);\">Parodontale Operationen<\/h3>\n<p style=\"color: var(--awb-color7);\">Bei der Behandlung von fortgeschrittenen Zahnfleischerkrankungen werden Zahnfleischformungen, Lappenoperationen und Transplantationsverfahren eingesetzt.<\/p>\n<\/div><\/div><\/div><div class=\"fusion-layout-column fusion_builder_column fusion-builder-column-1 awb-sticky awb-sticky-small awb-sticky-medium awb-sticky-large fusion_builder_column_1_3 1_3 fusion-flex-column fusion-flex-align-self-flex-start fusion-animated\" style=\"--awb-padding-top:2vw;--awb-padding-right:2vw;--awb-padding-bottom:2vw;--awb-padding-left:2vw;--awb-padding-top-small:11vw;--awb-padding-right-small:11vw;--awb-padding-bottom-small:11vw;--awb-padding-left-small:11vw;--awb-overflow:hidden;--awb-bg-color:var(--awb-color3);--awb-bg-color-hover:var(--awb-color3);--awb-bg-size:cover;--awb-border-radius:6px 6px 6px 6px;--awb-width-large:33.333333333333%;--awb-margin-top-large:0px;--awb-spacing-right-large:5.76%;--awb-margin-bottom-large:0px;--awb-spacing-left-large:5.76%;--awb-width-medium:50%;--awb-order-medium:0;--awb-spacing-right-medium:3.84%;--awb-spacing-left-medium:3.84%;--awb-width-small:100%;--awb-order-small:2;--awb-spacing-right-small:1.92%;--awb-spacing-left-small:1.92%;\" data-animationType=\"fadeInUp\" data-animationDuration=\"1.5\" data-animationOffset=\"top-into-view\" data-scroll-devices=\"small-visibility,medium-visibility,large-visibility\"><div class=\"fusion-column-wrapper fusion-column-has-shadow fusion-flex-justify-content-flex-start fusion-content-layout-block\"><div class=\"fusion-title title fusion-title-1 fusion-sep-none fusion-title-center fusion-title-text fusion-title-size-two\" style=\"--awb-text-color:var(--awb-color7);--awb-margin-bottom:10px;--awb-margin-top-small:10px;--awb-margin-right-small:0px;--awb-margin-bottom-small:10px;--awb-margin-left-small:0px;\"><h2 class=\"fusion-title-heading title-heading-center\" style=\"margin:0;\">Termin erstellen<\/h2><\/div><div class=\"fusion-text fusion-text-2\" style=\"--awb-content-alignment:center;--awb-font-size:17px;--awb-line-height:0.3;--awb-text-color:var(--awb-color7);\"><p class=\"p1\">F\u00fcllen Sie das Formular aus<\/p>\n<p class=\"p1\">Lassen Sie uns Kontakt zu<\/p>\n<p class=\"p1\">Ihnen aufnehmen<\/p>\n<\/div><div class=\"fusion-form fusion-form-builder fusion-form-form-wrapper fusion-form-3814\" style=\"--awb-margin-top:4%;--awb-tooltip-text-color:#ffffff;--awb-tooltip-background-color:var(--awb-color7);--awb-form-placeholder-color:hsla(var(--awb-color7-h),var(--awb-color7-s),var(--awb-color7-l),calc(var(--awb-color7-a) - 50%));--awb-form-text-color:var(--awb-color7);--awb-form-label-color:var(--awb-color7);--awb-form-focus-border-color:var(--awb-color7);--awb-form-focus-border-hover-color:hsla(var(--awb-color7-h),var(--awb-color7-s),var(--awb-color7-l),calc(var(--awb-color7-a) - 50%));\" data-form-id=\"3814\" data-config=\"{&quot;form_id&quot;:3814,&quot;form_post_id&quot;:3814,&quot;post_id&quot;:3726,&quot;form_type&quot;:&quot;ajax&quot;,&quot;confirmation_type&quot;:&quot;message&quot;,&quot;redirect_url&quot;:&quot;&quot;,&quot;redirect_timeout&quot;:&quot;0&quot;,&quot;field_labels&quot;:{&quot;name_surname&quot;:&quot;&quot;,&quot;number&quot;:&quot;&quot;,&quot;email_address&quot;:&quot;&quot;,&quot;tibbi_goruntuler&quot;:&quot;&quot;},&quot;field_logics&quot;:{&quot;name_surname&quot;:&quot;&quot;,&quot;number&quot;:&quot;&quot;,&quot;email_address&quot;:&quot;&quot;,&quot;tibbi_goruntuler&quot;:&quot;&quot;,&quot;notice_1&quot;:&quot;[]&quot;,&quot;submit_1&quot;:&quot;&quot;},&quot;field_types&quot;:{&quot;name_surname&quot;:&quot;text&quot;,&quot;number&quot;:&quot;text&quot;,&quot;email_address&quot;:&quot;email&quot;,&quot;tibbi_goruntuler&quot;:&quot;upload&quot;,&quot;notice_1&quot;:&quot;notice&quot;,&quot;submit_1&quot;:&quot;submit&quot;},&quot;nonce_method&quot;:&quot;ajax&quot;,&quot;form_views&quot;:&quot;ajax&quot;,&quot;form_views_counting&quot;:&quot;all&quot;}\"><form action=\"https:\/\/leodent.tr\/de\/cene-cerrahisi\/\" method=\"post\" class=\"fusion-form fusion-form-3814\" enctype=\"multipart\/form-data\"><div class=\"fusion-fullwidth fullwidth-box fusion-builder-row-1-1 fusion-flex-container nonhundred-percent-fullwidth non-hundred-percent-height-scrolling\" style=\"--awb-border-radius-top-left:0px;--awb-border-radius-top-right:0px;--awb-border-radius-bottom-right:0px;--awb-border-radius-bottom-left:0px;--awb-padding-top:0px;--awb-padding-right:0px;--awb-padding-bottom:0px;--awb-padding-left:0px;--awb-margin-top:0px;--awb-margin-bottom:0px;--awb-flex-wrap:wrap;\" ><div class=\"fusion-builder-row fusion-row fusion-flex-align-items-flex-start fusion-flex-content-wrap\" style=\"width:104% !important;max-width:104% !important;margin-left: calc(-4% \/ 2 );margin-right: calc(-4% \/ 2 );\"><div class=\"fusion-layout-column fusion_builder_column fusion-builder-column-2 fusion_builder_column_1_1 1_1 fusion-flex-column\" style=\"--awb-bg-size:cover;--awb-width-large:100%;--awb-flex-grow:0;--awb-flex-shrink:0;--awb-margin-top-large:0px;--awb-spacing-right-large:1.92%;--awb-margin-bottom-large:0px;--awb-spacing-left-large:1.92%;--awb-width-medium:100%;--awb-order-medium:0;--awb-flex-grow-medium:0;--awb-flex-shrink-medium:0;--awb-spacing-right-medium:1.92%;--awb-spacing-left-medium:1.92%;--awb-width-small:100%;--awb-order-small:0;--awb-flex-grow-small:0;--awb-flex-shrink-small:0;--awb-spacing-right-small:1.92%;--awb-spacing-left-small:1.92%;\"><div class=\"fusion-column-wrapper fusion-column-has-shadow fusion-flex-justify-content-flex-start fusion-content-layout-column\"><div class=\"fusion-form-field fusion-form-text-field fusion-form-label-above\" style=\"\" data-form-id=\"3814\"><input type=\"text\" autocomplete=\"off\" name=\"name_surname\" id=\"name_surname\" value=\"\"  class=\"fusion-form-input\" required=\"true\" aria-required=\"true\" placeholder=\"Name Nachname *\" data-holds-private-data=\"false\" minlength=\"0\"\/><\/div><\/div><\/div><div class=\"fusion-layout-column fusion_builder_column fusion-builder-column-3 fusion_builder_column_1_1 1_1 fusion-flex-column\" style=\"--awb-bg-size:cover;--awb-width-large:100%;--awb-flex-grow:0;--awb-flex-shrink:0;--awb-margin-top-large:0px;--awb-spacing-right-large:1.92%;--awb-margin-bottom-large:0px;--awb-spacing-left-large:1.92%;--awb-width-medium:100%;--awb-order-medium:0;--awb-flex-grow-medium:0;--awb-flex-shrink-medium:0;--awb-spacing-right-medium:1.92%;--awb-spacing-left-medium:1.92%;--awb-width-small:100%;--awb-order-small:0;--awb-flex-grow-small:0;--awb-flex-shrink-small:0;--awb-spacing-right-small:1.92%;--awb-spacing-left-small:1.92%;\"><div class=\"fusion-column-wrapper fusion-column-has-shadow fusion-flex-justify-content-flex-start fusion-content-layout-column\"><div class=\"fusion-form-field fusion-form-text-field fusion-form-label-above\" style=\"\" data-form-id=\"3814\"><input type=\"text\" autocomplete=\"off\" name=\"number\" id=\"number\" value=\"\"  class=\"fusion-form-input\" required=\"true\" aria-required=\"true\" placeholder=\" Telefonnummer *\" data-holds-private-data=\"false\" minlength=\"0\"\/><\/div><\/div><\/div><div class=\"fusion-layout-column fusion_builder_column fusion-builder-column-4 fusion_builder_column_1_1 1_1 fusion-flex-column\" style=\"--awb-bg-size:cover;--awb-width-large:100%;--awb-flex-grow:0;--awb-flex-shrink:0;--awb-margin-top-large:0px;--awb-spacing-right-large:1.92%;--awb-margin-bottom-large:0px;--awb-spacing-left-large:1.92%;--awb-width-medium:100%;--awb-order-medium:0;--awb-flex-grow-medium:0;--awb-flex-shrink-medium:0;--awb-spacing-right-medium:1.92%;--awb-spacing-left-medium:1.92%;--awb-width-small:100%;--awb-order-small:0;--awb-flex-grow-small:0;--awb-flex-shrink-small:0;--awb-spacing-right-small:1.92%;--awb-spacing-left-small:1.92%;\"><div class=\"fusion-column-wrapper fusion-column-has-shadow fusion-flex-justify-content-flex-start fusion-content-layout-column\"><div class=\"fusion-form-field fusion-form-email-field fusion-form-label-above\" style=\"\" data-form-id=\"3814\"><input type=\"email\" autocomplete=\"off\" name=\"email_address\" id=\"email_address\" value=\"\"  class=\"fusion-form-input\" required=\"true\" aria-required=\"true\" placeholder=\"E-mail *\" data-holds-private-data=\"false\"\/><\/div><\/div><\/div><div class=\"fusion-layout-column fusion_builder_column fusion-builder-column-5 fusion_builder_column_1_1 1_1 fusion-flex-column\" style=\"--awb-bg-size:cover;--awb-width-large:100%;--awb-flex-grow:0;--awb-flex-shrink:0;--awb-margin-top-large:0px;--awb-spacing-right-large:1.92%;--awb-margin-bottom-large:0px;--awb-spacing-left-large:1.92%;--awb-width-medium:100%;--awb-order-medium:0;--awb-flex-grow-medium:0;--awb-flex-shrink-medium:0;--awb-spacing-right-medium:1.92%;--awb-spacing-left-medium:1.92%;--awb-width-small:100%;--awb-order-small:0;--awb-flex-grow-small:0;--awb-flex-shrink-small:0;--awb-spacing-right-small:1.92%;--awb-spacing-left-small:1.92%;\"><div class=\"fusion-column-wrapper fusion-column-has-shadow fusion-flex-justify-content-flex-start fusion-content-layout-column\"><div class=\"fusion-form-field fusion-form-upload-field fusion-form-label-above\" style=\"--awb-preview-thumb-width:115px;\" data-form-id=\"3814\"><div class=\"fusion-form-tooltip\"><i class=\"awb-icon-question-circle\"><\/i><span class=\"fusion-form-tooltip-content\">R\u00f6ntgenaufnahmen und medizinische Bilder<\/span><\/div><div class=\"fusion-form-input-with-icon\"><i class=\" fa-folder-open fas\"><\/i><div class=\"fusion-form-upload-field-container\"><input type=\"file\" id=\"tibbi_goruntuler\" name=\"tibbi_goruntuler[]\" value=\"\"  class=\"fusion-form-input\" placeholder=\"R\u00f6ntgenaufnahmen und medizinische Bilder \" data-size=\"20\" multiple data-single-add-remove=\"no\" data-min-upload-files=\"0\" data-max-upload-files=\"0\" data-uploads-preview=\"filenames\"\/><div class=\"fusion-form-upload-field\"  data-holds-private-data=\"false\"><span class=\"awb-upload-placeholder\" data-default=\"R\u00f6ntgenaufnahmen und medizinische Bilder\">R\u00f6ntgenaufnahmen und medizinische Bilder<\/span><div class=\"awb-uploads-preview\"><div class=\"awb-preview-thumbs\"><\/div><\/div><\/div><div ><a class=\"fusion-button button-flat button-medium button-default fusion-button-default button-1 fusion-button-default-span fusion-button-default-type fusion-form-upload-field-button\" style=\"--button-border-radius-top-left:0px;--button-border-radius-top-right:0px;--button-border-radius-bottom-right:0px;--button-border-radius-bottom-left:0px;\" target=\"_self\" href=\"javascript:void();\"><span class=\"fusion-button-text awb-button__text awb-button__text--default\">Choose File<\/span><\/a><\/div><\/div><\/div><\/div><\/div><\/div><div class=\"fusion-layout-column fusion_builder_column fusion-builder-column-6 fusion_builder_column_1_1 1_1 fusion-flex-column\" style=\"--awb-bg-size:cover;--awb-width-large:100%;--awb-flex-grow:0;--awb-flex-shrink:0;--awb-margin-top-large:0px;--awb-spacing-right-large:1.92%;--awb-margin-bottom-large:0px;--awb-spacing-left-large:1.92%;--awb-width-medium:100%;--awb-order-medium:0;--awb-flex-grow-medium:0;--awb-flex-shrink-medium:0;--awb-spacing-right-medium:1.92%;--awb-spacing-left-medium:1.92%;--awb-width-small:100%;--awb-order-small:0;--awb-flex-grow-small:0;--awb-flex-shrink-small:0;--awb-spacing-right-small:1.92%;--awb-spacing-left-small:1.92%;\"><div class=\"fusion-column-wrapper fusion-column-has-shadow fusion-flex-justify-content-flex-start fusion-content-layout-column\"><div class=\"form-submission-notices data-notice_1\" id=\"fusion-notices-1\" data-instance=\"1\"><div class=\"fusion-alert alert success alert-success fusion-alert-center fusion-form-response fusion-form-response-success awb-alert-native-link-color alert-dismissable awb-alert-close-boxed\" role=\"alert\"><div class=\"fusion-alert-content-wrapper\"><span class=\"alert-icon\"><i class=\"awb-icon-check-circle\" aria-hidden=\"true\"><\/i><\/span><span class=\"fusion-alert-content\">Ihre Nachricht wurde gesendet. Vielen Dank f\u00fcr Ihre Nachricht. Wir werden uns so schnell wie m\u00f6glich mit Ihnen in Verbindung setzen und Ihnen Informationen zukommen lassen.<\/span><\/div><button type=\"button\" class=\"close toggle-alert\" data-dismiss=\"alert\" aria-label=\"Close\">&times;<\/button><\/div><div class=\"fusion-alert alert error alert-danger fusion-alert-center fusion-form-response fusion-form-response-error awb-alert-native-link-color alert-dismissable awb-alert-close-boxed\" role=\"alert\"><div class=\"fusion-alert-content-wrapper\"><span class=\"alert-icon\"><i class=\"awb-icon-exclamation-triangle\" aria-hidden=\"true\"><\/i><\/span><span class=\"fusion-alert-content\">Es ist ein Fehler aufgetreten. Bitte \u00fcberpr\u00fcfen Sie die Details und senden Sie die Informationen erneut.<\/span><\/div><button type=\"button\" class=\"close toggle-alert\" data-dismiss=\"alert\" aria-label=\"Close\">&times;<\/button><\/div><\/div><div class=\"fusion-form-field fusion-form-submit-field fusion-form-label-above\" style=\"\" data-form-id=\"3814\"><div ><button type=\"submit\" class=\"fusion-button button-flat button-xlarge button-custom fusion-button-default button-2 fusion-button-span-yes  button-default form-form-submit\" style=\"--button_bevel_color:var(--awb-color7);--button_accent_color:var(--awb-color7);--button_accent_hover_color:var(--awb-color7);--button_border_hover_color:var(--awb-color1);--button_border_width-top:0px;--button_border_width-right:0px;--button_border_width-bottom:0px;--button_border_width-left:0px;--button_gradient_top_color:var(--awb-color1);--button_gradient_bottom_color:var(--awb-color1);--button_gradient_top_color_hover:var(--awb-color5);--button_gradient_bottom_color_hover:var(--awb-color5);--button_margin-top:15px;\" data-form-number=\"3814\" tabindex=\"\"><span class=\"fusion-button-text awb-button__text awb-button__text--default\"> Schicken<\/span><\/button><\/div><\/div><\/div><\/div><\/div><\/div><input type=\"hidden\" name=\"fusion_privacy_expiration_interval\" value=\"48\"><input type=\"hidden\" name=\"privacy_expiration_action\" value=\"anonymize\"><\/form><\/div><\/div><\/div><div class=\"fusion-layout-column fusion_builder_column fusion-builder-column-7 fusion_builder_column_1_1 1_1 fusion-flex-column\" style=\"--awb-padding-top-small:0px;--awb-bg-size:cover;--awb-width-large:100%;--awb-flex-grow:0;--awb-flex-shrink:0;--awb-margin-top-large:0px;--awb-spacing-right-large:1.92%;--awb-margin-bottom-large:20px;--awb-spacing-left-large:1.92%;--awb-width-medium:100%;--awb-order-medium:0;--awb-flex-grow-medium:0;--awb-flex-shrink-medium:0;--awb-spacing-right-medium:1.92%;--awb-spacing-left-medium:1.92%;--awb-width-small:100%;--awb-order-small:1;--awb-flex-grow-small:0;--awb-flex-shrink-small:0;--awb-margin-top-small:0px;--awb-spacing-right-small:1.92%;--awb-spacing-left-small:1.92%;\"><div class=\"fusion-column-wrapper fusion-column-has-shadow fusion-flex-justify-content-flex-start fusion-content-layout-column\"><div class=\"fusion-text fusion-text-3 fusion-no-medium-visibility fusion-no-large-visibility\"><h2 style=\"color: var(--awb-color7);\">Mund-, Kiefer- und Gesichtschirurgie<\/h2>\n<p style=\"color: var(--awb-color7);\"><span style=\"color: var(--awb-color7); font-size: 16px; font-weight: 400; letter-spacing: 0.24px; background-color: rgba(0, 0, 0, 0);\">Die Mund-, Zahn- und Kieferchirurgie ist eines der Fachgebiete der Zahnmedizin, das chirurgische Eingriffe in Diagnose- und Behandlungsverfahren umfasst. In diesem Bereich werden alle chirurgischen Eingriffe im Zusammenhang mit den Z\u00e4hnen sowie die Behandlung von Pathologien im Gesichts- und Kieferbereich durchgef\u00fchrt.<\/span><\/p>\n<p style=\"color: var(--awb-color7);\">Heute hat sich der Anwendungsbereich der Kieferchirurgie erheblich erweitert. Zu den wichtigsten Anwendungen geh\u00f6ren Zystenoperationen im Kieferknochen, die Extraktion von durchgebrochenen Weisheitsz\u00e4hnen, die Behandlung von intraoralen Weichgewebsl\u00e4sionen, Kiefergelenkserkrankungen, Kieferbr\u00fcchen und die Operation von intraoralen Tumoren. Diese Eingriffe werden von spezialisierten \u00c4rzten geplant und sorgf\u00e4ltig durchgef\u00fchrt.<\/p>\n<h4 style=\"color: var(--awb-color7);\">Was ist nach der Operation zu erwarten?<\/h4>\n<p style=\"color: var(--awb-color7);\">Dank der modernen Operationstechniken sind Schmerzen, Schwellungen und Blutungen nach dem Eingriff minimal. Der Heilungsprozess verl\u00e4uft in der Regel reibungslos, wenn geeignete Medikamente eingenommen werden, K\u00e4lteanwendungen erfolgen und auf die Mundhygiene geachtet wird. Der Prozess wird mit speziellen Pflegeempfehlungen f\u00fcr jeden Patienten kontrolliert abgeschlossen.<\/p>\n<h4 style=\"color: var(--awb-color7);\">Technologische Unterst\u00fctzung und Anwendungsbedingungen<\/h4>\n<p style=\"color: var(--awb-color7);\">Einer der wichtigsten Faktoren f\u00fcr den Erfolg in der Mund-, Zahn- und Kieferchirurgie ist die eingesetzte Technik. Aktuelle bildgebende Systeme, lasergest\u00fctzte Ger\u00e4te und chirurgische Ausr\u00fcstung verk\u00fcrzen die Eingriffszeit und erh\u00f6hen den Patientenkomfort. Eine m\u00f6glichst geringe Traumatisierung des Gewebes w\u00e4hrend der Anwendung wirkt sich positiv auf den Heilungsprozess aus.<\/p>\n<h4 style=\"color: var(--awb-color7);\">Welche Anwendungen gibt es in der Mund-, Kiefer- und Gesichtschirurgie?<\/h4>\n<h4 style=\"color: var(--awb-color7);\">Zahnextraktion<\/h4>\n<p style=\"color: var(--awb-color7);\">Eine Extraktion kann aufgrund von Karies, Frakturen, Parodontalerkrankungen oder aus kieferorthop\u00e4dischen Gr\u00fcnden erforderlich sein. Bei chirurgischen Zahnextraktionen wird der Eingriff unter Erhaltung von Weichgewebe und Knochen durchgef\u00fchrt.<\/p>\n<h4 style=\"color: var(--awb-color7);\">Weisheitszahn-Operationen<\/h4>\n<p style=\"color: var(--awb-color7);\">Weisheitsz\u00e4hne, die sich nicht an die Kieferstruktur anpassen oder impaktiert sind, werden chirurgisch entfernt, um eine Sch\u00e4digung des umliegenden Gewebes zu verhindern.<\/p>\n<h4 style=\"color: var(--awb-color7);\">Implantat-Chirurgie<\/h4>\n<p style=\"color: var(--awb-color7);\">Anstelle der fehlenden Z\u00e4hne wird festsitzender Zahnersatz mit Titanimplantaten in den Kieferknochen eingesetzt. Diese Methode, die die nat\u00fcrliche Zahnstruktur nachahmt, bietet \u00e4sthetisch und funktionell erfolgreiche Ergebnisse.<\/p>\n<h4 style=\"color: var(--awb-color7);\">Zysten- und Tumorchirurgie<\/h4>\n<p style=\"color: var(--awb-color7);\">Zysten- oder Tumorbildungen, die sich im Kieferknochen oder in den Weichteilen bilden, werden nach radiologischer Beurteilung operativ entfernt.<\/p>\n<h4 style=\"color: var(--awb-color7);\">Orthognatische Chirurgie<\/h4>\n<p style=\"color: var(--awb-color7);\">Diese Methode, die zur Korrektur von Unvertr\u00e4glichkeiten zwischen den Kieferknochen eingesetzt wird, ist zusammen mit der Kieferorthop\u00e4die zur L\u00f6sung von Skelettproblemen vorgesehen.<\/p>\n<h4 style=\"color: var(--awb-color7);\">Gelenkbehandlungen<\/h4>\n<p style=\"color: var(--awb-color7);\">Chirurgische Eingriffe k\u00f6nnen erforderlich sein, wenn konservative Behandlungen bei Beschwerden wie Schmerzen, eingeschr\u00e4nkter \u00d6ffnung oder Ger\u00e4uschen im Kiefergelenk unzureichend sind.<\/p>\n<h4 style=\"color: var(--awb-color7);\">Parodontale Operationen<\/h4>\n<p style=\"color: var(--awb-color7);\">Bei der Behandlung von fortgeschrittenen Zahnfleischerkrankungen werden Zahnfleischformungen, Lappenoperationen und Transplantationsverfahren eingesetzt.<\/p>\n<\/div><\/div><\/div><\/div><\/div>\n","protected":false},"excerpt":{"rendered":"","protected":false},"author":1,"featured_media":0,"parent":0,"menu_order":0,"comment_status":"closed","ping_status":"closed","template":"100-width.php","meta":{"footnotes":""},"class_list":["post-3726","page","type-page","status-publish","hentry"],"_links":{"self":[{"href":"https:\/\/leodent.tr\/de\/wp-json\/wp\/v2\/pages\/3726","targetHints":{"allow":["GET"]}}],"collection":[{"href":"https:\/\/leodent.tr\/de\/wp-json\/wp\/v2\/pages"}],"about":[{"href":"https:\/\/leodent.tr\/de\/wp-json\/wp\/v2\/types\/page"}],"author":[{"embeddable":true,"href":"https:\/\/leodent.tr\/de\/wp-json\/wp\/v2\/users\/1"}],"replies":[{"embeddable":true,"href":"https:\/\/leodent.tr\/de\/wp-json\/wp\/v2\/comments?post=3726"}],"version-history":[{"count":0,"href":"https:\/\/leodent.tr\/de\/wp-json\/wp\/v2\/pages\/3726\/revisions"}],"wp:attachment":[{"href":"https:\/\/leodent.tr\/de\/wp-json\/wp\/v2\/media?parent=3726"}],"curies":[{"name":"wp","href":"https:\/\/api.w.org\/{rel}","templated":true}]}}